{"id":121919,"date":"2024-04-28T15:06:59","date_gmt":"2024-04-28T13:06:59","guid":{"rendered":"https:\/\/www.seaflowerstore.com\/?post_type=product&#038;p=121919"},"modified":"2024-04-28T18:38:20","modified_gmt":"2024-04-28T16:38:20","slug":"fauna-marin-coral-plankton","status":"publish","type":"product","link":"https:\/\/www.seaflowerstore.com\/de\/fauna-marin-coral-plankton\/","title":{"rendered":"Fauna Marin Coral Plankton"},"content":{"rendered":"<h2>Fauna Marin Coral Plankton is a straight food for all types of fish and corals made of Cyclops Plankton<\/h2>\n<p>Fauna Marin Coral Plankton ist eine ausgezeichnete Wahl f\u00fcr Ihre Wasserfreunde. Es wird aus echtem Cyclops-Plankton hergestellt und bietet eine Reihe von Vorteilen:<\/p>\n<ul>\n<li>Hergestellt aus echtem Cyclops-Plankton<\/li>\n<li>Nachhaltig gez\u00fcchtet und probiotisch angereichert<\/li>\n<li>Sofortige und schonende Konservierung<\/li>\n<li>Hochkonzentriert<\/li>\n<li>Gebrauchsfertig<\/li>\n<li>Kein Absp\u00fclen oder Auftauen n\u00f6tig<\/li>\n<li>Hohes und ausgewogenes Omega-3- und Omega-6-Fetts\u00e4ureprofil<\/li>\n<li>Optimaler Proteingehalt<\/li>\n<li>Starker Ern\u00e4hrungsreiz mit langer Haltbarkeit<\/li>\n<\/ul>\n<h3>Dosierung:<\/h3>\n<p>F\u00fcttern Sie ein- oder zweimal t\u00e4glich kleine Mengen. Es kann auch mit einer Dosierpumpe dosiert werden. Denken Sie daran, es nach dem \u00d6ffnen im K\u00fchlschrank aufzubewahren! Nach dem \u00d6ffnen am besten innerhalb von drei Monaten aufbrauchen.<\/p>\n<p><strong>Zutaten:<\/strong> Cyclops sp., Wasser, EG-zugelassene Antioxidantien.<br \/>\n<strong>Analyse (vom Trockengewicht):<\/strong> Rohprotein 13,8 %, Rohfett 2,8 %, Rohfaser 0,2 %, Rohasche 1,5 %, nat\u00fcrliche Carotinoide.<br \/>\n<strong>Sicherheitshinweis:<\/strong> Nur f\u00fcr Aquarien. Nicht zum Verzehr geeignet. Bitte au\u00dferhalb der Reichweite von Kindern aufbewahren.<\/p>\n","protected":false},"excerpt":{"rendered":"<p>Fauna Marin Coral Plankton ist ein Alleinfutter f\u00fcr alle Arten von Fischen und Korallen aus Cyclops Plankton<\/p>\n","protected":false},"featured_media":121907,"template":"","meta":[],"pwb-brand":[2177],"product_cat":[1438,1436],"product_tag":[],"class_list":{"0":"post-121919","1":"product","2":"type-product","3":"status-publish","4":"has-post-thumbnail","6":"pwb-brand-fauna-marin","7":"product_cat-fischfutter","8":"product_cat-korallenfutter","9":"pa_inhoud-100-ml-de","10":"pa_inhoud-250-ml-de","12":"first","13":"instock","14":"taxable","15":"shipping-taxable","16":"purchasable","17":"product-type-variable"},"acf":[],"brands":[{"id":2177,"name":"Fauna Marin","slug":"fauna-marin"}],"_links":{"self":[{"href":"https:\/\/www.seaflowerstore.com\/de\/wp-json\/wp\/v2\/product\/121919","targetHints":{"allow":["GET"]}}],"collection":[{"href":"https:\/\/www.seaflowerstore.com\/de\/wp-json\/wp\/v2\/product"}],"about":[{"href":"https:\/\/www.seaflowerstore.com\/de\/wp-json\/wp\/v2\/types\/product"}],"wp:featuredmedia":[{"embeddable":true,"href":"https:\/\/www.seaflowerstore.com\/de\/wp-json\/wp\/v2\/media\/121907"}],"wp:attachment":[{"href":"https:\/\/www.seaflowerstore.com\/de\/wp-json\/wp\/v2\/media?parent=121919"}],"wp:term":[{"taxonomy":"pwb-brand","embeddable":true,"href":"https:\/\/www.seaflowerstore.com\/de\/wp-json\/wp\/v2\/pwb-brand?post=121919"},{"taxonomy":"product_cat","embeddable":true,"href":"https:\/\/www.seaflowerstore.com\/de\/wp-json\/wp\/v2\/product_cat?post=121919"},{"taxonomy":"product_tag","embeddable":true,"href":"https:\/\/www.seaflowerstore.com\/de\/wp-json\/wp\/v2\/product_tag?post=121919"}],"curies":[{"name":"wp","href":"https:\/\/api.w.org\/{rel}","templated":true}]}}