{"id":122074,"date":"2024-05-19T10:13:10","date_gmt":"2024-05-19T08:13:10","guid":{"rendered":"https:\/\/www.seaflowerstore.com\/?post_type=product&#038;p=122074"},"modified":"2024-05-19T10:41:44","modified_gmt":"2024-05-19T08:41:44","slug":"tunze-osmolator-3","status":"publish","type":"product","link":"https:\/\/www.seaflowerstore.com\/de\/tunze-osmolator-3\/","title":{"rendered":"Tunze Osmolator 3"},"content":{"rendered":"<h2>Tunze Osmolator 3 Simple and safe water level controller<\/h2>\n<p>Der Tunze Osmolator 3 ist ein einfacher und sicherer Wasserstandsregler, der sowohl f\u00fcr S\u00fc\u00df- als auch f\u00fcr Salzwasseraquarien entwickelt wurde. Er verf\u00fcgt \u00fcber einen optischen Kontrollsensor und einen unabh\u00e4ngigen thermischen Sicherheitssensor. Durch die Aufrechterhaltung eines konstanten Wasserstands hilft er, die Salzkonzentration in Salzwassertanks stabil zu halten.<\/p>\n<p>Dieses System umfasst die Dosierpumpe Turbelle High Jet 5030, die mit integriertem Trockenlauf- und Verstopfungsschutz ausgestattet ist, einen Magnethalter, ein Marken-12-V-Gleichstromnetzteil, einen Schlauch und einen Schlauchhalter. Es eignet sich f\u00fcr den Einbau in Unterschrankfiltersysteme oder direkt am Rand des Aquariums. Der Sensor kann Glasdicken bis zu 15 mm (0,59 Zoll) aufnehmen, w\u00e4hrend der Schlauchhalter bis zu 22 mm (0,87 Zoll) passt.<\/p>\n<p>Wenn der Wasserstand sinkt, f\u00fcllt die Pumpe Turbelle High Jet 5030 das Wasser automatisch auf das gew\u00fcnschte Niveau auf. Sie k\u00f6nnen zwischen zwei Pumpenleistungsstufen w\u00e4hlen. Zus\u00e4tzlich stoppt ein integrierter Sicherheitssensor die Pumpe bei \u00dcberf\u00fcllung. Zur Gew\u00e4hrleistung der Sicherheit begrenzt ein 10-Minuten-Timer die Wasserabgabe im Falle eines Rohrschadens.<\/p>\n<p>Die Aufrechterhaltung eines konstanten Wasserstands h\u00e4lt nicht nur die Salzkonzentration in Meerwasseraquarien stabil \u2013 vorausgesetzt, dass zum Nachf\u00fcllen ultrareines Wasser verwendet wird \u2013, sondern tr\u00e4gt auch dazu bei, Kalkablagerungen in S\u00fc\u00dfwasseraquarien zu reduzieren. Das Nachf\u00fcllen mit Leitungswasser ist zwar eine Option, die Verwendung von ultrareinem Wasser wird jedoch empfohlen, um eine Anreicherung zu vermeiden. Bei Bedarf k\u00f6nnen dem Nachf\u00fcllwasser nicht abrasive Zus\u00e4tze wie N\u00e4hrstoffe, D\u00fcngemittel und Salze hinzugef\u00fcgt werden.<\/p>\n<h4><strong>Der gro\u00dfe, genaue optische Sensor<\/strong><\/h4>\n<p>Dieser Sensor erkennt den Wasserstand pr\u00e4zise, \u200b\u200berreicht eine Genauigkeit von 0,5 mm und widersteht Luftblasen, Ablagerungen und Kratzern. Der unabh\u00e4ngige thermische Sicherheitssensor stoppt die Turbelle\u00ae High Jet 5030-Pumpe im Falle einer \u00dcberf\u00fcllung und bietet so vollst\u00e4ndigen \u00dcberlaufschutz.<\/p>\n<p><strong>Inklusive Turbelle High Jet 5030<\/strong><\/p>\n<p>Die langlebige Hightech-Dosierpumpe Turbelle\u00ae High Jet 5030 verf\u00fcgt \u00fcber eine maximale F\u00f6rderh\u00f6he von 6,2 m (20,34 Fu\u00df) und arbeitet dank ihrer echten 3-Phasen-Sinuswellentechnologie leise.<\/p>\n<p><strong>Plug &#038; Play<\/strong><\/p>\n<p>Alle erforderlichen Komponenten sind im Lieferumfang enthalten und einbaufertig (au\u00dfer dem Beh\u00e4lter). Es ist keine Softwareeinrichtung erforderlich, da die festen Parameter auf jahrelanger Erfahrung basieren.<\/p>\n<p><strong>Inklusive Schlauch und Schlauchverbinder<\/strong><\/p>\n<p>Das Kit wird mit einem korrosionsbest\u00e4ndigen, einschraubbaren Steckanschluss (\u00bc Zoll BSP bis \u00f86 mm) geliefert. Im Lieferumfang ist au\u00dferdem ein komplett in Deutschland hergestellter PU-Schlauch enthalten, der emissionsarm, hydrolysebest\u00e4ndig, mikrobenresistent und flexibel ist \u2013 so knickt er bei der Montage nicht.<\/p>\n","protected":false},"excerpt":{"rendered":"<p>Tunze Osmolator 3 Simple and safe water level controller<\/p>\n","protected":false},"featured_media":122058,"template":"","meta":[],"pwb-brand":[2123],"product_cat":[1433,1385],"product_tag":[],"class_list":{"0":"post-122074","1":"product","2":"type-product","3":"status-publish","4":"has-post-thumbnail","6":"pwb-brand-tunze","7":"product_cat-nachfuellsysteme","8":"product_cat-neue-produkte","10":"first","11":"instock","12":"taxable","13":"shipping-taxable","14":"purchasable","15":"product-type-simple"},"acf":[],"brands":[{"id":2123,"name":"Tunze","slug":"tunze"}],"_links":{"self":[{"href":"https:\/\/www.seaflowerstore.com\/de\/wp-json\/wp\/v2\/product\/122074","targetHints":{"allow":["GET"]}}],"collection":[{"href":"https:\/\/www.seaflowerstore.com\/de\/wp-json\/wp\/v2\/product"}],"about":[{"href":"https:\/\/www.seaflowerstore.com\/de\/wp-json\/wp\/v2\/types\/product"}],"wp:featuredmedia":[{"embeddable":true,"href":"https:\/\/www.seaflowerstore.com\/de\/wp-json\/wp\/v2\/media\/122058"}],"wp:attachment":[{"href":"https:\/\/www.seaflowerstore.com\/de\/wp-json\/wp\/v2\/media?parent=122074"}],"wp:term":[{"taxonomy":"pwb-brand","embeddable":true,"href":"https:\/\/www.seaflowerstore.com\/de\/wp-json\/wp\/v2\/pwb-brand?post=122074"},{"taxonomy":"product_cat","embeddable":true,"href":"https:\/\/www.seaflowerstore.com\/de\/wp-json\/wp\/v2\/product_cat?post=122074"},{"taxonomy":"product_tag","embeddable":true,"href":"https:\/\/www.seaflowerstore.com\/de\/wp-json\/wp\/v2\/product_tag?post=122074"}],"curies":[{"name":"wp","href":"https:\/\/api.w.org\/{rel}","templated":true}]}}