{"id":122111,"date":"2024-05-21T20:31:45","date_gmt":"2024-05-21T18:49:21","guid":{"rendered":"https:\/\/www.seaflowerstore.com\/?post_type=product&#038;p=122111"},"modified":"2024-07-19T21:51:23","modified_gmt":"2024-07-19T19:51:23","slug":"garmin-xero-c1-pro-case-schwarz","status":"publish","type":"product","link":"https:\/\/www.seaflowerstore.com\/de\/garmin-xero-c1-pro-case-schwarz\/","title":{"rendered":"Garmin Xero C1 Pro case &#8211; schwarz"},"content":{"rendered":"<h2>Garmin Xero C1 Pro case &#8211; black<\/h2>\n<p>Die Garmin Xero C1 Pro-H\u00fclle wurde entwickelt, um Ihren Chronographen zu sch\u00fctzen und bequem zu transportieren. Die H\u00fclle bietet sicheren Platz f\u00fcr Chronograph, Stativ und USB-C-Kabel.<\/p>\n<p>Die H\u00fclle ist <strong>schwarz<\/strong> und verf\u00fcgt \u00fcber eine Schaumstoffplatte im Deckel, um Bewegungsger\u00e4usche beim Tragen zu minimieren.<\/p>\n<p><strong>Wichtig: Bitte lassen Sie die H\u00fclle nicht in direktem Sonnenlicht oder in einem hei\u00dfen Auto liegen.<\/strong> Die H\u00fclle wird leer geliefert, ohne Chronograph, Stativ und USB-C-Kabel.<\/p>\n","protected":false},"excerpt":{"rendered":"<p>Garmin Xero C1 Pro Etui zum Schutz und Transport des chronographen<\/p>\n","protected":false},"featured_media":122291,"template":"","meta":[],"pwb-brand":[2161],"product_cat":[1442],"product_tag":[],"class_list":{"0":"post-122111","1":"product","2":"type-product","3":"status-publish","4":"has-post-thumbnail","6":"pwb-brand-seaflower","7":"product_cat-3d-print-de","9":"first","10":"instock","11":"taxable","12":"shipping-taxable","13":"purchasable","14":"product-type-simple"},"acf":[],"brands":[{"id":2161,"name":"Seaflower","slug":"seaflower"}],"_links":{"self":[{"href":"https:\/\/www.seaflowerstore.com\/de\/wp-json\/wp\/v2\/product\/122111","targetHints":{"allow":["GET"]}}],"collection":[{"href":"https:\/\/www.seaflowerstore.com\/de\/wp-json\/wp\/v2\/product"}],"about":[{"href":"https:\/\/www.seaflowerstore.com\/de\/wp-json\/wp\/v2\/types\/product"}],"wp:featuredmedia":[{"embeddable":true,"href":"https:\/\/www.seaflowerstore.com\/de\/wp-json\/wp\/v2\/media\/122291"}],"wp:attachment":[{"href":"https:\/\/www.seaflowerstore.com\/de\/wp-json\/wp\/v2\/media?parent=122111"}],"wp:term":[{"taxonomy":"pwb-brand","embeddable":true,"href":"https:\/\/www.seaflowerstore.com\/de\/wp-json\/wp\/v2\/pwb-brand?post=122111"},{"taxonomy":"product_cat","embeddable":true,"href":"https:\/\/www.seaflowerstore.com\/de\/wp-json\/wp\/v2\/product_cat?post=122111"},{"taxonomy":"product_tag","embeddable":true,"href":"https:\/\/www.seaflowerstore.com\/de\/wp-json\/wp\/v2\/product_tag?post=122111"}],"curies":[{"name":"wp","href":"https:\/\/api.w.org\/{rel}","templated":true}]}}