{"id":122146,"date":"2024-05-26T17:25:53","date_gmt":"2024-05-26T15:25:53","guid":{"rendered":"https:\/\/www.seaflowerstore.com\/?post_type=product&#038;p=122146"},"modified":"2024-05-26T17:38:21","modified_gmt":"2024-05-26T15:38:21","slug":"arka-bacto-shot-50-ml","status":"publish","type":"product","link":"https:\/\/www.seaflowerstore.com\/de\/arka-bacto-shot-50-ml\/","title":{"rendered":"Arka Bacto Shot &#8211; 50 ml"},"content":{"rendered":"<h2>Arka Bacto Shot &#8211; 50 ml<\/h2>\n<p><strong>Arka Bacto Shot<\/strong> verbessert die Wasserbiologie in S\u00fc\u00df- und Salzwasseraquarien. Dieses Produkt verbessert die Wasserklarheit, baut Schadstoffe und Medikamentenr\u00fcckst\u00e4nde effektiv ab und steigert die allgemeine Wasserqualit\u00e4t in Ihrem Aquarium.<\/p>\n<p>Die leistungsstarken und n\u00fctzlichen Bakterienkulturen bieten zusammen mit dem 100 % nat\u00fcrlichen Filtermedium eine schnelle und effektive L\u00f6sung. Sie werden einen deutlich geringeren Wartungsaufwand und bessere Lebensbedingungen f\u00fcr Ihre Wassertiere und -pflanzen feststellen.<\/p>\n<p>Eine der gro\u00dfartigen Eigenschaften von Bacto Shot ist, dass es zur Lagerung nicht gek\u00fchlt werden muss!<\/p>\n<p><strong>Denken Sie daran, die Flasche vor Gebrauch gut zu sch\u00fctteln!<\/strong> Geben Sie einfach einen Bacto Shot (1 ml) pro 150 Liter Wasser hinzu. Eine anf\u00e4ngliche leichte Tr\u00fcbung ist normal, aber seien Sie versichert, diese wird sich bald aufl\u00f6sen.<\/p>\n<ul>\n<li>Verbesserte Wasserbiologie<\/li>\n<li>Kristallklares Wasser<\/li>\n<li>Baut Schadstoffe ab<\/li>\n<li>Verbesserte Wasserqualit\u00e4t<\/li>\n<li>Einfache Anwendung und schnelle Ergebnisse<\/li>\n<\/ul>\n","protected":false},"excerpt":{"rendered":"<p>Arka Bacto Shot verbessert die Wasserbiologie in jedem S\u00fc\u00df- oder Meerwasseraquarium<\/p>\n","protected":false},"featured_media":122144,"template":"","meta":[],"pwb-brand":[2253],"product_cat":[1484,1385],"product_tag":[],"class_list":{"0":"post-122146","1":"product","2":"type-product","3":"status-publish","4":"has-post-thumbnail","6":"pwb-brand-arka","7":"product_cat-bakterien","8":"product_cat-neue-produkte","10":"first","11":"instock","12":"sale","13":"taxable","14":"shipping-taxable","15":"purchasable","16":"product-type-simple"},"acf":[],"brands":[{"id":2253,"name":"Arka","slug":"arka"}],"_links":{"self":[{"href":"https:\/\/www.seaflowerstore.com\/de\/wp-json\/wp\/v2\/product\/122146","targetHints":{"allow":["GET"]}}],"collection":[{"href":"https:\/\/www.seaflowerstore.com\/de\/wp-json\/wp\/v2\/product"}],"about":[{"href":"https:\/\/www.seaflowerstore.com\/de\/wp-json\/wp\/v2\/types\/product"}],"wp:featuredmedia":[{"embeddable":true,"href":"https:\/\/www.seaflowerstore.com\/de\/wp-json\/wp\/v2\/media\/122144"}],"wp:attachment":[{"href":"https:\/\/www.seaflowerstore.com\/de\/wp-json\/wp\/v2\/media?parent=122146"}],"wp:term":[{"taxonomy":"pwb-brand","embeddable":true,"href":"https:\/\/www.seaflowerstore.com\/de\/wp-json\/wp\/v2\/pwb-brand?post=122146"},{"taxonomy":"product_cat","embeddable":true,"href":"https:\/\/www.seaflowerstore.com\/de\/wp-json\/wp\/v2\/product_cat?post=122146"},{"taxonomy":"product_tag","embeddable":true,"href":"https:\/\/www.seaflowerstore.com\/de\/wp-json\/wp\/v2\/product_tag?post=122146"}],"curies":[{"name":"wp","href":"https:\/\/api.w.org\/{rel}","templated":true}]}}