{"id":122214,"date":"2024-06-04T15:16:05","date_gmt":"2024-06-04T13:16:05","guid":{"rendered":"https:\/\/www.seaflowerstore.com\/?post_type=product&#038;p=122214"},"modified":"2024-11-21T13:18:58","modified_gmt":"2024-11-21T12:18:58","slug":"black-formfutura-titanx-750gr-175mm","status":"publish","type":"product","link":"https:\/\/www.seaflowerstore.com\/de\/black-formfutura-titanx-750gr-175mm\/","title":{"rendered":"Black FormFutura TitanX (750gr, 1,75mm)"},"content":{"rendered":"<h2>FormFutura TitanX Black (750gr, 1,75mm) is a modified ABS-based 3D printer filament with greatly improved mechanical properties and printability<\/h2>\n<p>TitanX wird von Industrien auf der ganzen Welt zur Herstellung funktionaler Prototypen und Endverbrauchsteile verwendet. Dieses hochwertige technische Filament besteht aus ABS (Acrylnitril-Butadien-Styrol) und enth\u00e4lt zus\u00e4tzliche Polymere, Bindemittel und Schlagz\u00e4hmodifikatoren. Diese einzigartige Mischung ergibt ein Material, das nicht nur au\u00dfergew\u00f6hnliche mechanische Eigenschaften aufweist, sondern auch die Zwischenschichthaftung optimiert und Verformungen minimiert.<\/p>\n<h3>Hauptmerkmale<\/h3>\n<ul>\n<li><strong>Stark verbesserte mechanische Eigenschaften.<\/strong><\/li>\n<li><strong>Mehr als 65 % schlagfester als normales ABS.<\/strong><\/li>\n<li><strong>Minimale Verformung, hervorragende Zwischenschichthaftung und nahtlose Bauplattenhaftung.<\/strong><\/li>\n<li><strong>Pr\u00e4ziser 3D-Druck mit bemerkenswert feinen Details.<\/strong><\/li>\n<li><strong>Vicat-Erweichungstemperatur von 97 \u00b0C.<\/strong><\/li>\n<li><strong>Kompatibel mit Helios Support f\u00fcr komplexen Multi-Extrusions-3D-Druck.<\/strong><\/li>\n<li><strong>Nahezu geruchlose Verarbeitung ohne unangenehmen Styrolgeruch w\u00e4hrend des 3D-Drucks Drucken.<\/strong><\/li>\n<\/ul>\n<h4>Anwendungen<\/h4>\n<ul>\n<li>Funktionales Prototyping<\/li>\n<li>Endverbrauchsteile<\/li>\n<li>Passformpr\u00fcfung<\/li>\n<li>Konstruktionsteile<\/li>\n<li>Kleinserienfertigung<\/li>\n<\/ul>\n<p><strong>Allgemeine Druckrichtlinien *<\/strong><\/p>\n<ul>\n<li><strong>D\u00fcsengr\u00f6\u00dfe:<\/strong> \u2265 0,15 mm<\/li>\n<li><strong>Schichth\u00f6he:<\/strong> \u2265 0,1 mm<\/li>\n<li><strong>Erfahrungsgrad:<\/strong> Anf\u00e4nger<\/li>\n<li><strong>Drucktemperatur:<\/strong> \u00b1 240 \u2013 265 \u00b0C<\/li>\n<li><strong>L\u00fcftergeschwindigkeit:<\/strong> 0\u201330 %<\/li>\n<li><strong>Heizbett:<\/strong> \u00b1 70 \u2013 100\u00b0 C<\/li>\n<li><strong>Geh\u00e4use erforderlich:<\/strong> Empfohlen<\/li>\n<\/ul>\n<p>Diese Einstellungen dienen als Orientierungshilfe, um Ihnen dabei zu helfen, Ihre optimalen Druckeinstellungen zu finden. Diese Bereiche sollten f\u00fcr die meisten Drucker funktionieren, Sie k\u00f6nnen aber auch au\u00dferhalb dieser Grenzen experimentieren, wenn Sie glauben, dass dies f\u00fcr Ihren Drucker besser geeignet ist. Es gibt eine Vielzahl von Druckern, Hot-Ends und Offsets, was es schwierig macht, eine Einheitsl\u00f6sung bereitzustellen.<\/p>\n<p><strong>Starke Haftung<\/strong><br \/>\nDa TitanX ein technisches Material ist, ist es ratsam, einen Klebstoff auf Ihrer Bauplatte zu verwenden, um eine Schutzschicht zu erzeugen.<\/p>\n<p><strong>Filamentl\u00e4nge<\/strong><br \/>\n\u03c1: 1,10 g\/cm\u00b3<br \/>\n50-g-Spule: \u00b1 18,9 m<br \/>\n0,75-kg-Spule: \u00b1 283 m<br \/>\n2,3-kg-Spule: \u00b1 869 m<br \/>\n4,5-kg-Spule: \u00b1 1701 m<br \/>\n8-kg-Spule: \u00b1 3024 m<\/p>\n<p><strong>Informationen zum Produktexport<\/strong><br \/>\nHS-Code: 39169090<br \/>\nBeschreibung: Monofilament<br \/>\nHerkunftsland: Niederlande<\/p>\n<p><strong>Konformit\u00e4t *<\/strong><br \/>\nDieses Filament entspricht den unten aufgef\u00fchrten Richtlinien und Vorschriften:<br \/>\nRoHS-Richtlinie 2011\/65\/EG<br \/>\nREACH-Richtlinie 1907\/2006\/EG<br \/>\nDiese Konformit\u00e4tserkl\u00e4rung zu Richtlinien und Vorschriften wurde auf Grundlage unseres aktuellen Wissens erstellt und kann aktualisiert werden, wenn neue Informationen verf\u00fcgbar werden. Sie gilt nur f\u00fcr die oben beschriebenen Produkte.<\/p>\n","protected":false},"excerpt":{"rendered":"<p>FormFutura TitanX ist ein modifiziertes ABS-basiertes 3D-Druckerfilament mit stark verbesserten mechanischen Eigenschaften und Druckeigenschaften. Es ist die n\u00e4chste Generation von ABS, das mit hoher Pr\u00e4zision und ohne Verformung gedruckt werden kann, so dass Sie sicher sein k\u00f6nnen, dass es genau das Richtige f\u00fcr Ihr Projekt ist!<\/p>\n","protected":false},"featured_media":122210,"template":"","meta":[],"pwb-brand":[2315],"product_cat":[1478],"product_tag":[],"class_list":{"0":"post-122214","1":"product","2":"type-product","3":"status-publish","4":"has-post-thumbnail","6":"pwb-brand-formfutura","7":"product_cat-filament-de","9":"first","10":"outofstock","11":"taxable","12":"shipping-taxable","13":"purchasable","14":"product-type-simple"},"acf":[],"brands":[{"id":2315,"name":"FormFutura","slug":"formfutura"}],"_links":{"self":[{"href":"https:\/\/www.seaflowerstore.com\/de\/wp-json\/wp\/v2\/product\/122214","targetHints":{"allow":["GET"]}}],"collection":[{"href":"https:\/\/www.seaflowerstore.com\/de\/wp-json\/wp\/v2\/product"}],"about":[{"href":"https:\/\/www.seaflowerstore.com\/de\/wp-json\/wp\/v2\/types\/product"}],"wp:featuredmedia":[{"embeddable":true,"href":"https:\/\/www.seaflowerstore.com\/de\/wp-json\/wp\/v2\/media\/122210"}],"wp:attachment":[{"href":"https:\/\/www.seaflowerstore.com\/de\/wp-json\/wp\/v2\/media?parent=122214"}],"wp:term":[{"taxonomy":"pwb-brand","embeddable":true,"href":"https:\/\/www.seaflowerstore.com\/de\/wp-json\/wp\/v2\/pwb-brand?post=122214"},{"taxonomy":"product_cat","embeddable":true,"href":"https:\/\/www.seaflowerstore.com\/de\/wp-json\/wp\/v2\/product_cat?post=122214"},{"taxonomy":"product_tag","embeddable":true,"href":"https:\/\/www.seaflowerstore.com\/de\/wp-json\/wp\/v2\/product_tag?post=122214"}],"curies":[{"name":"wp","href":"https:\/\/api.w.org\/{rel}","templated":true}]}}