{"id":122220,"date":"2024-06-04T15:37:20","date_gmt":"2024-06-04T13:37:20","guid":{"rendered":"https:\/\/www.seaflowerstore.com\/?post_type=product&#038;p=122220"},"modified":"2024-11-21T13:16:23","modified_gmt":"2024-11-21T12:16:23","slug":"dark-blue-formfutura-titanx-750gr-175mm","status":"publish","type":"product","link":"https:\/\/www.seaflowerstore.com\/de\/dark-blue-formfutura-titanx-750gr-175mm\/","title":{"rendered":"Dark Blue FormFutura TitanX (750gr, 1,75mm)"},"content":{"rendered":"<h2>FormFutura TitanX Dark Blue (750gr, 1,75mm) is a modified ABS-based 3D printer filament with greatly improved mechanical properties and printability<\/h2>\n<p>TitanX wird von Industrien auf der ganzen Welt zur Herstellung funktionaler Prototypen und Endverbrauchsteile verwendet. Dieses hochwertige technische Filament besteht aus ABS (Acrylnitril-Butadien-Styrol) und enth\u00e4lt zus\u00e4tzliche Polymere, Bindemittel und Schlagz\u00e4hmodifikatoren. Diese Kombination ergibt ein technisches Filament, das au\u00dfergew\u00f6hnliche mechanische Eigenschaften, optimierte Zwischenschichthaftung und minimale Verformung bietet.<\/p>\n<h3>Hauptmerkmale<\/h3>\n<ul>\n<li>Deutlich verbesserte mechanische Eigenschaften<\/li>\n<li>Mehr als 65 % schlagfester als normales ABS<\/li>\n<li>Minimale Verformung, ausgezeichnete Zwischenschichthaftung und nahtlose Bauplattenhaftung<\/li>\n<li>Pr\u00e4ziser 3D-Druck mit bemerkenswert feinen Details<\/li>\n<li>Vicat-Erweichungstemperatur von 97 \u00b0C<\/li>\n<li>Kompatibel mit Helios-Unterst\u00fctzung f\u00fcr komplexen Multi-Extrusions-3D-Druck<\/li>\n<li>Nahezu geruchlose Verarbeitung ohne unangenehmen Styrolgeruch w\u00e4hrend des 3D-Drucks<\/li>\n<\/ul>\n<h4>Anwendungen<\/h4>\n<ul>\n<li>Funktionales Prototyping<\/li>\n<li>Endverbrauchsteile<\/li>\n<li>Passformpr\u00fcfung<\/li>\n<li>Technische Teile<\/li>\n<li>Kleinserienfertigung<\/li>\n<\/ul>\n<p><strong>Allgemeine Druckrichtlinien *<\/strong><\/p>\n<p><strong>D\u00fcsengr\u00f6\u00dfe:<\/strong> \u2265 0,15\u00a0mm<\/p>\n<p><strong>Schichth\u00f6he:<\/strong> \u2265 0,1\u00a0mm<\/p>\n<p><strong>Erfahrungsstufe:<\/strong> Anf\u00e4nger<\/p>\n<p><strong>Drucktemperatur:<\/strong> \u00b1 240 \u2013 265\u00a0\u00b0C<\/p>\n<p><strong>L\u00fcftergeschwindigkeit:<\/strong> 0\u201330\u00a0%<\/p>\n<p><strong>Heizbett:<\/strong> \u00b1 70 \u2013 100\u00a0\u00b0C<\/p>\n<p><strong>Erforderliches Geh\u00e4use:<\/strong> Empfohlen<\/p>\n<p>Die obigen Einstellungen dienen als Leitfaden, um Ihnen dabei zu helfen, Ihre optimalen Druckeinstellungen zu finden. Diese Bereiche sollten f\u00fcr die meisten Drucker funktionieren, Sie k\u00f6nnen aber gerne auch au\u00dferhalb dieser Bereiche experimentieren, wenn Sie meinen, dass dies f\u00fcr Ihren Drucker geeignet ist. Angesichts der Vielzahl an Druckern, Hot-Ends und Drucker-Offsets ist es ziemlich schwierig, eine einheitliche Einstellung bereitzustellen.<\/p>\n<p><strong>Starke Haftung<\/strong><\/p>\n<p>Da TitanX ein Material in technischer Qualit\u00e4t ist, ist es ratsam, einen Klebstoff als Schutzschicht auf Ihrer Bauplatte zu verwenden.<\/p>\n<p><strong>Filamentl\u00e4nge<\/strong><\/p>\n<p>\u03c1: 1,10 g\/cm\u00b3<\/p>\n<ul>\n<li>50-g-Spule: \u00b1 18,9 m<\/li>\n<li>0,75-kg-Spule: \u00b1 283 m<\/li>\n<li>2,3-kg-Spule: \u00b1 869 m<\/li>\n<li>4,5-kg-Spule: \u00b1 1701 m<\/li>\n<li>8-kg-Spule: \u00b1 3024 m<\/li>\n<\/ul>\n<p><strong>Produktexport Informationen<\/strong><\/p>\n<p><strong>HS-Code:<\/strong> 39169090<\/p>\n<p><strong>Beschreibung:<\/strong> Monofilament<\/p>\n<p><strong>Herkunftsland:<\/strong> Niederlande<\/p>\n<p><strong>Konformit\u00e4t *<\/strong><\/p>\n<p>Dieses Filament entspricht den unten aufgef\u00fchrten Richtlinien und Vorschriften:<\/p>\n<ul>\n<li>RoHS-Richtlinie 2011\/65\/EG<\/li>\n<li>REACH-Richtlinie 1907\/2006\/EG<\/li>\n<\/ul>\n<p>Diese Konformit\u00e4tserkl\u00e4rung zu Richtlinien und Vorschriften basiert auf unserem aktuellen Wissen und kann aktualisiert werden, wenn neue Informationen verf\u00fcgbar werden. Sie gilt ausschlie\u00dflich f\u00fcr die oben beschriebenen Produkte.<\/p>\n","protected":false},"excerpt":{"rendered":"<p>FormFutura TitanX ist ein modifiziertes ABS-basiertes 3D-Druckerfilament mit stark verbesserten mechanischen Eigenschaften und Druckeigenschaften. Es ist die n\u00e4chste Generation von ABS, das mit hoher Pr\u00e4zision und ohne Verformung gedruckt werden kann, so dass Sie sicher sein k\u00f6nnen, dass es genau das Richtige f\u00fcr Ihr Projekt ist!<\/p>\n","protected":false},"featured_media":122223,"template":"","meta":[],"pwb-brand":[2315],"product_cat":[1478],"product_tag":[],"class_list":{"0":"post-122220","1":"product","2":"type-product","3":"status-publish","4":"has-post-thumbnail","6":"pwb-brand-formfutura","7":"product_cat-filament-de","9":"first","10":"instock","11":"taxable","12":"shipping-taxable","13":"purchasable","14":"product-type-simple"},"acf":[],"brands":[{"id":2315,"name":"FormFutura","slug":"formfutura"}],"_links":{"self":[{"href":"https:\/\/www.seaflowerstore.com\/de\/wp-json\/wp\/v2\/product\/122220","targetHints":{"allow":["GET"]}}],"collection":[{"href":"https:\/\/www.seaflowerstore.com\/de\/wp-json\/wp\/v2\/product"}],"about":[{"href":"https:\/\/www.seaflowerstore.com\/de\/wp-json\/wp\/v2\/types\/product"}],"wp:featuredmedia":[{"embeddable":true,"href":"https:\/\/www.seaflowerstore.com\/de\/wp-json\/wp\/v2\/media\/122223"}],"wp:attachment":[{"href":"https:\/\/www.seaflowerstore.com\/de\/wp-json\/wp\/v2\/media?parent=122220"}],"wp:term":[{"taxonomy":"pwb-brand","embeddable":true,"href":"https:\/\/www.seaflowerstore.com\/de\/wp-json\/wp\/v2\/pwb-brand?post=122220"},{"taxonomy":"product_cat","embeddable":true,"href":"https:\/\/www.seaflowerstore.com\/de\/wp-json\/wp\/v2\/product_cat?post=122220"},{"taxonomy":"product_tag","embeddable":true,"href":"https:\/\/www.seaflowerstore.com\/de\/wp-json\/wp\/v2\/product_tag?post=122220"}],"curies":[{"name":"wp","href":"https:\/\/api.w.org\/{rel}","templated":true}]}}