{"id":122276,"date":"2024-06-08T13:39:27","date_gmt":"2024-06-08T11:39:27","guid":{"rendered":"https:\/\/www.seaflowerstore.com\/?post_type=product&#038;p=122276"},"modified":"2024-06-08T13:54:29","modified_gmt":"2024-06-08T11:54:29","slug":"reef-factory-minerals-holder-150ml-x1","status":"publish","type":"product","link":"https:\/\/www.seaflowerstore.com\/de\/reef-factory-minerals-holder-150ml-x1\/","title":{"rendered":"Reef Factory Minerals Holder 150ml X1"},"content":{"rendered":"<h2>Reef Factory Minerals Holder 150ml X1 is designed for use with Reef Minerals bottles<\/h2>\n<p>Der Reef Minerals-Halter ist ein benutzerfreundliches Produkt mit einem Fassungsverm\u00f6gen von 150 ml. Sie k\u00f6nnen zwischen zwei Gr\u00f6\u00dfen w\u00e4hlen: eine f\u00fcr eine einzelne Flasche und eine f\u00fcr vier Flaschen. Dieser Halter wurde speziell f\u00fcr Reef Minerals entwickelt und bietet eine Komplettl\u00f6sung, um Ordnung in Ihrem Aquarium zu halten.<\/p>\n<p>Die Installation ist dank der langlebigen Schl\u00e4uche, die perfekt f\u00fcr die Aquarienchemie geeignet sind, unkompliziert und schnell. Der Halter hat ein elegantes wei\u00dfes Design.<\/p>\n<p><strong>Abmessungen:<\/strong> 70 x 70 x 60 mm \/ 2,8 x 2,8 x 2,4 Zoll<\/p>\n<p><strong>Gewicht:<\/strong> 40 g<\/p>\n<p><strong>Kitinhalt:<\/strong><\/p>\n<ul>\n<li>Wei\u00dfer 150-ml-Flaschenhalter x1<\/li>\n<li>Schlauch 2\/5 mm<\/li>\n<li>Wei\u00dfe Mineralkappe mit zwei L\u00f6chern<\/li>\n<li>Transparenter Schlauch FI 5\/3 \u2013 1 Meter<\/li>\n<li>Minerals-Montagekit-Aufh\u00e4nger x1<\/li>\n<\/ul>\n<p><strong>Smart Reef+<\/strong> bietet eine Vielzahl innovativer Produkte, die die Verwaltung Ihres Meerwasseraquariums zum Kinderspiel machen. Sie k\u00f6nnen Ihr eigenes, ma\u00dfgeschneidertes System mit Smart-Ger\u00e4ten erstellen und alles \u00fcber eine praktische Anwendung steuern!<\/p>\n","protected":false},"excerpt":{"rendered":"<p>Reef Factory Minerals Holder 150ml X1 ist f\u00fcr die Verwendung mit Reef Minerals-Flaschen konzipiert<\/p>\n","protected":false},"featured_media":122271,"template":"","meta":[],"pwb-brand":[2285],"product_cat":[1420],"product_tag":[],"class_list":{"0":"post-122276","1":"product","2":"type-product","3":"status-publish","4":"has-post-thumbnail","6":"pwb-brand-reef-factory","7":"product_cat-doseerpomp-accessoires-de","9":"first","10":"instock","11":"taxable","12":"shipping-taxable","13":"purchasable","14":"product-type-simple"},"acf":[],"brands":[{"id":2285,"name":"Reef Factory","slug":"reef-factory"}],"_links":{"self":[{"href":"https:\/\/www.seaflowerstore.com\/de\/wp-json\/wp\/v2\/product\/122276","targetHints":{"allow":["GET"]}}],"collection":[{"href":"https:\/\/www.seaflowerstore.com\/de\/wp-json\/wp\/v2\/product"}],"about":[{"href":"https:\/\/www.seaflowerstore.com\/de\/wp-json\/wp\/v2\/types\/product"}],"wp:featuredmedia":[{"embeddable":true,"href":"https:\/\/www.seaflowerstore.com\/de\/wp-json\/wp\/v2\/media\/122271"}],"wp:attachment":[{"href":"https:\/\/www.seaflowerstore.com\/de\/wp-json\/wp\/v2\/media?parent=122276"}],"wp:term":[{"taxonomy":"pwb-brand","embeddable":true,"href":"https:\/\/www.seaflowerstore.com\/de\/wp-json\/wp\/v2\/pwb-brand?post=122276"},{"taxonomy":"product_cat","embeddable":true,"href":"https:\/\/www.seaflowerstore.com\/de\/wp-json\/wp\/v2\/product_cat?post=122276"},{"taxonomy":"product_tag","embeddable":true,"href":"https:\/\/www.seaflowerstore.com\/de\/wp-json\/wp\/v2\/product_tag?post=122276"}],"curies":[{"name":"wp","href":"https:\/\/api.w.org\/{rel}","templated":true}]}}