{"id":122279,"date":"2024-06-08T13:44:48","date_gmt":"2024-06-08T11:44:48","guid":{"rendered":"https:\/\/www.seaflowerstore.com\/?post_type=product&#038;p=122279"},"modified":"2024-06-08T13:53:59","modified_gmt":"2024-06-08T11:53:59","slug":"reef-factory-minerals-holder-150ml-x4","status":"publish","type":"product","link":"https:\/\/www.seaflowerstore.com\/de\/reef-factory-minerals-holder-150ml-x4\/","title":{"rendered":"Reef Factory Minerals Holder 150ml X4"},"content":{"rendered":"<h2>Reef Factory Minerals Holder 150ml X4 is designed for use with Reef Minerals bottles<\/h2>\n<p>Der Reef Minerals-Halter ist ein benutzerfreundliches Produkt mit einem Fassungsverm\u00f6gen f\u00fcr vier 150-ml-Flaschen. Er wurde speziell f\u00fcr die Verwendung mit Reef Minerals entwickelt und bietet eine Komplettl\u00f6sung f\u00fcr die Ordnung in Ihrem Aquarium.<\/p>\n<p>Die Installation ist schnell und unkompliziert und die langlebigen Schl\u00e4uche sind so gefertigt, dass sie die Chemie des Aquariums unterst\u00fctzen. Der Halter hat ein elegantes wei\u00dfes Finish.<\/p>\n<p><strong>Abmessungen:<\/strong> <span style=\"font-weight: 400;\">70 x 280 x 60 mm \/ 2,8 x 11 x 2,4 Zoll<\/span><\/p>\n<p><strong>Gewicht:<\/strong> 240 g<\/p>\n<p><strong>Kitinhalt:<\/strong><\/p>\n<ul>\n<li>Wei\u00dfer 150-ml-Flaschenhalter x4<\/li>\n<li>Schlauch 2\/5 mm<\/li>\n<li>Wei\u00dfe Mineralkappe mit zwei L\u00f6chern<\/li>\n<li>Transparenter Schlauch FI 5\/3 \u2013 1 Meter<\/li>\n<li><span style=\"font-weight: 400;\">Minerals-Montagekit-Aufh\u00e4nger x4<\/span><\/li>\n<li><span style=\"font-weight: 400;\">Schlauchaufh\u00e4nger x2 Teil A<\/span><\/li>\n<li><span style=\"font-weight: 400;\">Schlauchhalter x2 Teil B<\/span><\/li>\n<\/ul>\n<p><strong>Smart Reef:<\/strong> Reef Factory pr\u00e4sentiert eine Auswahl an Smart-Produkten, die f\u00fcr die m\u00fchelose Verwaltung von Meerwasseraquarien entwickelt wurden. Sie k\u00f6nnen Ihr eigenes System mit Smart-Ger\u00e4ten erstellen und alles \u00fcber eine einzige, benutzerfreundliche Anwendung steuern!<\/p>\n","protected":false},"excerpt":{"rendered":"<p>Reef Factory Minerals Holder 150ml X4 ist f\u00fcr die Verwendung mit Reef Minerals-Flaschen konzipiert<\/p>\n","protected":false},"featured_media":122282,"template":"","meta":[],"pwb-brand":[2285],"product_cat":[1420],"product_tag":[],"class_list":{"0":"post-122279","1":"product","2":"type-product","3":"status-publish","4":"has-post-thumbnail","6":"pwb-brand-reef-factory","7":"product_cat-doseerpomp-accessoires-de","9":"first","10":"instock","11":"taxable","12":"shipping-taxable","13":"purchasable","14":"product-type-simple"},"acf":[],"brands":[{"id":2285,"name":"Reef Factory","slug":"reef-factory"}],"_links":{"self":[{"href":"https:\/\/www.seaflowerstore.com\/de\/wp-json\/wp\/v2\/product\/122279","targetHints":{"allow":["GET"]}}],"collection":[{"href":"https:\/\/www.seaflowerstore.com\/de\/wp-json\/wp\/v2\/product"}],"about":[{"href":"https:\/\/www.seaflowerstore.com\/de\/wp-json\/wp\/v2\/types\/product"}],"wp:featuredmedia":[{"embeddable":true,"href":"https:\/\/www.seaflowerstore.com\/de\/wp-json\/wp\/v2\/media\/122282"}],"wp:attachment":[{"href":"https:\/\/www.seaflowerstore.com\/de\/wp-json\/wp\/v2\/media?parent=122279"}],"wp:term":[{"taxonomy":"pwb-brand","embeddable":true,"href":"https:\/\/www.seaflowerstore.com\/de\/wp-json\/wp\/v2\/pwb-brand?post=122279"},{"taxonomy":"product_cat","embeddable":true,"href":"https:\/\/www.seaflowerstore.com\/de\/wp-json\/wp\/v2\/product_cat?post=122279"},{"taxonomy":"product_tag","embeddable":true,"href":"https:\/\/www.seaflowerstore.com\/de\/wp-json\/wp\/v2\/product_tag?post=122279"}],"curies":[{"name":"wp","href":"https:\/\/api.w.org\/{rel}","templated":true}]}}