{"id":122385,"date":"2024-06-20T08:52:03","date_gmt":"2024-06-20T06:52:03","guid":{"rendered":"https:\/\/www.seaflowerstore.com\/?post_type=product&#038;p=122385"},"modified":"2024-12-15T11:58:15","modified_gmt":"2024-12-15T10:58:15","slug":"neptune-systems-dos-dosing-system-quiet-drive","status":"publish","type":"product","link":"https:\/\/www.seaflowerstore.com\/de\/neptune-systems-dos-dosing-system-quiet-drive\/","title":{"rendered":"Neptune Systems DOS Dosing system &#8211; Quiet Drive"},"content":{"rendered":"<h2>Neptune Systems DOS Dosing system &#8211; Quiet Drive<\/h2>\n<p>Diese vielseitige Dosiereinheit verf\u00fcgt \u00fcber zwei Kan\u00e4le, die eine pr\u00e4zise Dosierung ab nur 0,1 ml erm\u00f6glichen. Das DOS integriert hochwertige Komponenten mit dem benutzerfreundlichen Apex Fusion Wizard und erleichtert so die Einrichtung einer Vielzahl von Dosierungsoptionen, darunter:<\/p>\n<ul>\n<li><strong>2-Komponenten-Dosierung<\/strong> (z. B. Calcium und kH)<\/li>\n<li><strong>Dosierung anderer Zusatzstoffe<\/strong><\/li>\n<li><strong>Automatischer Wasserwechsel<\/strong><\/li>\n<li><strong>Mikrodosierung<\/strong> (ab 0,1 ml!)<\/li>\n<li><strong>Dosierung von Fl\u00fcssigfutter<\/strong> und anderen Erg\u00e4nzungsmitteln<\/li>\n<li><strong>Neue Version 2024 mit Quiet Drive<\/strong><\/li>\n<\/ul>\n","protected":false},"excerpt":{"rendered":"<p>Neptune Systems DOS Dosing system &#8211; <span style=\"color: #333333; font-size: 14.4px;\">Neue Version 2024 mit Quiet Drive<\/span><\/p>\n","protected":false},"featured_media":122378,"template":"","meta":[],"pwb-brand":[2179],"product_cat":[1406,1423],"product_tag":[],"class_list":{"0":"post-122385","1":"product","2":"type-product","3":"status-publish","4":"has-post-thumbnail","6":"pwb-brand-neptune-systems","7":"product_cat-dosierpumpen","8":"product_cat-neptune-systems-de","10":"first","11":"instock","12":"taxable","13":"shipping-taxable","14":"purchasable","15":"product-type-simple"},"acf":[],"brands":[{"id":2179,"name":"Neptune Systems","slug":"neptune-systems"}],"_links":{"self":[{"href":"https:\/\/www.seaflowerstore.com\/de\/wp-json\/wp\/v2\/product\/122385","targetHints":{"allow":["GET"]}}],"collection":[{"href":"https:\/\/www.seaflowerstore.com\/de\/wp-json\/wp\/v2\/product"}],"about":[{"href":"https:\/\/www.seaflowerstore.com\/de\/wp-json\/wp\/v2\/types\/product"}],"wp:featuredmedia":[{"embeddable":true,"href":"https:\/\/www.seaflowerstore.com\/de\/wp-json\/wp\/v2\/media\/122378"}],"wp:attachment":[{"href":"https:\/\/www.seaflowerstore.com\/de\/wp-json\/wp\/v2\/media?parent=122385"}],"wp:term":[{"taxonomy":"pwb-brand","embeddable":true,"href":"https:\/\/www.seaflowerstore.com\/de\/wp-json\/wp\/v2\/pwb-brand?post=122385"},{"taxonomy":"product_cat","embeddable":true,"href":"https:\/\/www.seaflowerstore.com\/de\/wp-json\/wp\/v2\/product_cat?post=122385"},{"taxonomy":"product_tag","embeddable":true,"href":"https:\/\/www.seaflowerstore.com\/de\/wp-json\/wp\/v2\/product_tag?post=122385"}],"curies":[{"name":"wp","href":"https:\/\/api.w.org\/{rel}","templated":true}]}}