{"id":122451,"date":"2024-06-30T12:23:30","date_gmt":"2024-06-30T10:23:30","guid":{"rendered":"https:\/\/www.seaflowerstore.com\/?post_type=product&#038;p=122451"},"modified":"2024-11-21T13:12:52","modified_gmt":"2024-11-21T12:12:52","slug":"small-pack-red-sea-4-teilig-reef-care-package-rcp-150l","status":"publish","type":"product","link":"https:\/\/www.seaflowerstore.com\/de\/small-pack-red-sea-4-teilig-reef-care-package-rcp-150l\/","title":{"rendered":"Small Pack Red Sea 4-teilig Reef Care Package (RCP) &#8211; 150L"},"content":{"rendered":"<h2>Red Sea 4-Part Reef Care Package (RCP) &#8211; Small pack (150L) simplifies your supplementation routine for your reef tank<\/h2>\n<p>Mit dem 4-teiligen Complete Reef Care Package wird die Nahrungserg\u00e4nzung Ihres Riffaquariums zum Kinderspiel, ohne zus\u00e4tzliche Kosten. Dieses System sorgt daf\u00fcr, dass Ihre Korallen gedeihen und leuchtende Farben zeigen, wobei nur ein Kalziumtest pro Woche erforderlich ist!<\/p>\n<p>Das 4-teilige Complete Reef Care Package enth\u00e4lt:<\/p>\n<ul>\n<li>36 Haupt-, Spuren- und Mikron\u00e4hrstoffe<\/li>\n<li>Kompatibilit\u00e4t mit der Dosierpumpe Reef Dose 4<\/li>\n<li>Verf\u00fcgbarkeit in drei Gr\u00f6\u00dfen, um den Anforderungen Ihres Aquariums gerecht zu werden<\/li>\n<\/ul>\n<p>Das neue Complete Reef Care Package basiert auf 30 Jahren Forschung von Red Sea \u00fcber die Bed\u00fcrfnisse von Korallen in k\u00fcnstlichen Umgebungen. Es ist eine bew\u00e4hrte Methode, um optimales Korallenwachstum und optimale Farbenpracht zu erreichen und Ihnen ein atemberaubendes und gesundes Aquarium zu bescheren. Dieses Paket enth\u00e4lt alle 36 wesentlichen Elemente, die Korallen regelm\u00e4\u00dfig ben\u00f6tigen. Da diese Elemente in ziemlich vorhersehbaren Mengen konsumiert werden, empfiehlt Red Sea, <strong>einmal pro Woche Kalzium zu testen, um die Dosierung f\u00fcr alle vier Teile zu bestimmen.<\/strong><\/p>\n<p><strong>Dosierungsanleitung:<\/strong><\/p>\n<ul>\n<li><strong>Flasche 1 (Kalzium):<\/strong> Beginnen Sie mit der auf der Flasche angegebenen empfohlenen Dosierung \u2013 0,5 l.<\/li>\n<li><strong>Flasche 2 (Alkalit\u00e4t):<\/strong> Dosieren Sie das Doppelte Ihrer Dosis aus Flasche 1 \u2013 1 l.<\/li>\n<li><strong>Flasche 3 (Jod und Kalium):<\/strong> Dosieren Sie die H\u00e4lfte Ihrer Dosis aus Flasche 1 \u2013 0,25 l.<\/li>\n<li><strong>Flasche 4 (Eisen und bioaktive Elemente):<\/strong> Dosieren Sie die H\u00e4lfte Ihrer Dosis aus Flasche 1 \u2013 0,25 l.<\/li>\n<\/ul>\n<p><strong>So geht&#8217;s Funktioniert:<\/strong> Die vier Teile sind in einem einfachen Verh\u00e4ltnis formuliert. Wenn Sie beispielsweise 5 ml von Teil 1 (Kalzium) verwenden, dann verwenden Sie 10 ml von Teil 2, 2,5 ml von Teil 3 und 2,5 ml von Teil 4.<\/p>\n<p><strong>Verf\u00fcgbare Gr\u00f6\u00dfen:<\/strong><\/p>\n<ul>\n<li>Klein: Empfohlen f\u00fcr Aquarien bis 150 Liter<\/li>\n<li>Mittel: Empfohlen f\u00fcr Aquarien bis 300 Liter<\/li>\n<li>Gro\u00df: Empfohlen f\u00fcr Aquarien \u00fcber 600 Liter<\/li>\n<\/ul>\n<p><strong>Hinweis:<\/strong> Wenn Ihr Aquarium ein Makroalgen-Refugium enth\u00e4lt, empfiehlt Red Sea stattdessen die Verwendung ihres 7-teiligen Reef Foundation- und Trace Colours-Systems. Dies hilft Ihnen dabei, einzelne Spurenelemente an die einzigartigen Aufnahmeverh\u00e4ltnisse Ihrer Makroalgen anzupassen.<\/p>\n","protected":false},"excerpt":{"rendered":"<p>Red Sea 4-teilig Reef Care Package (RCP) &#8211; Small pack (150L) vereinfacht die Nahrungserg\u00e4nzung f\u00fcr Ihr Riffaquarium<\/p>\n","protected":false},"featured_media":122447,"template":"","meta":[],"pwb-brand":[2125],"product_cat":[1391,1404],"product_tag":[],"class_list":{"0":"post-122451","1":"product","2":"type-product","3":"status-publish","4":"has-post-thumbnail","6":"pwb-brand-red-sea","7":"product_cat-ergaenzungen","8":"product_cat-redsea-de","10":"first","11":"instock","12":"sale","13":"taxable","14":"shipping-taxable","15":"purchasable","16":"product-type-simple"},"acf":[],"brands":[{"id":2125,"name":"Red Sea","slug":"red-sea"}],"_links":{"self":[{"href":"https:\/\/www.seaflowerstore.com\/de\/wp-json\/wp\/v2\/product\/122451","targetHints":{"allow":["GET"]}}],"collection":[{"href":"https:\/\/www.seaflowerstore.com\/de\/wp-json\/wp\/v2\/product"}],"about":[{"href":"https:\/\/www.seaflowerstore.com\/de\/wp-json\/wp\/v2\/types\/product"}],"wp:featuredmedia":[{"embeddable":true,"href":"https:\/\/www.seaflowerstore.com\/de\/wp-json\/wp\/v2\/media\/122447"}],"wp:attachment":[{"href":"https:\/\/www.seaflowerstore.com\/de\/wp-json\/wp\/v2\/media?parent=122451"}],"wp:term":[{"taxonomy":"pwb-brand","embeddable":true,"href":"https:\/\/www.seaflowerstore.com\/de\/wp-json\/wp\/v2\/pwb-brand?post=122451"},{"taxonomy":"product_cat","embeddable":true,"href":"https:\/\/www.seaflowerstore.com\/de\/wp-json\/wp\/v2\/product_cat?post=122451"},{"taxonomy":"product_tag","embeddable":true,"href":"https:\/\/www.seaflowerstore.com\/de\/wp-json\/wp\/v2\/product_tag?post=122451"}],"curies":[{"name":"wp","href":"https:\/\/api.w.org\/{rel}","templated":true}]}}