{"id":122456,"date":"2024-06-30T12:38:36","date_gmt":"2024-06-30T10:38:36","guid":{"rendered":"https:\/\/www.seaflowerstore.com\/?post_type=product&#038;p=122456"},"modified":"2024-11-21T12:56:45","modified_gmt":"2024-11-21T11:56:45","slug":"medium-pack-red-sea-4-teilig-reef-care-package-rcp-300l","status":"publish","type":"product","link":"https:\/\/www.seaflowerstore.com\/de\/medium-pack-red-sea-4-teilig-reef-care-package-rcp-300l\/","title":{"rendered":"Medium Pack Red Sea 4-teilig Reef Care Package (RCP) &#8211; 300L"},"content":{"rendered":"<h2>Red Sea 4-Part Reef Care Package (RCP) &#8211; Medium Pack (300L) simplifies your supplementation routine for your reef tank<\/h2>\n<p>Das 4-teilige Complete Reef Care-Paket erleichtert Ihnen die Verwaltung Ihrer Nahrungserg\u00e4nzungsroutine ohne zus\u00e4tzliche Kosten. Mit nur einem Kalziumtest pro Woche k\u00f6nnen Sie optimales Korallenwachstum und leuchtende Farben sicherstellen!<\/p>\n<p>Das Complete Reef Care-Paket:<\/p>\n<ul>\n<li>Enth\u00e4lt 36 Haupt-, Spuren- und Mikron\u00e4hrstoffe.<\/li>\n<li>Funktioniert nahtlos mit der Dosierpumpe Reef Dose 4.<\/li>\n<li>Ist in drei Gr\u00f6\u00dfen erh\u00e4ltlich, um den Anforderungen Ihres Aquariums gerecht zu werden.<\/li>\n<\/ul>\n<p>Dieses neue Complete Reef Care-System basiert auf 30 Jahren Forschung von Red Sea bez\u00fcglich der Bed\u00fcrfnisse von Korallen in k\u00fcnstlichen Umgebungen. Es ist eine bew\u00e4hrte L\u00f6sung f\u00fcr optimales Korallenwachstum und optimale F\u00e4rbung, was zu einem atemberaubenden und gesunden Aquarium f\u00fchrt. Das System bietet alle 36 Haupt-, Neben- und Spurenelemente, die Korallen regelm\u00e4\u00dfig ben\u00f6tigen. Diese Elemente werden in relativ vorhersehbaren Anteilen konsumiert, daher empfiehlt Red Sea, <strong>einmal pro Woche den Kalziumspiegel zu testen, um die Dosierung aller vier Teile zu bestimmen.<\/strong><\/p>\n<p><strong>Dosierung:<\/strong><\/p>\n<ul>\n<li>Flasche 1 (Kalzium): Beginnen Sie mit der auf der Flasche angegebenen empfohlenen Dosierung \u2013 1 l.<\/li>\n<li>Flasche 2 (Alkalit\u00e4t): Dosieren Sie das Doppelte Ihrer Dosis aus Flasche 1 \u2013 2 l.<\/li>\n<li>Flasche 3 (Jod und Kalium): Dosieren Sie die H\u00e4lfte Ihrer Dosis aus Flasche 1 \u2013 0,5 l.<\/li>\n<li>Flasche 4 (Eisen und bioaktive Elemente): Dosieren Sie die H\u00e4lfte Ihrer Dosis aus Flasche 1 \u2013 0,5 l.<\/li>\n<\/ul>\n<p><strong>So funktioniert es:<\/strong><\/p>\n<p>Die vier Teile sind in einem einfach zu verwendenden Verh\u00e4ltnis formuliert. Wenn beispielsweise Teil 1, der Kalzium enth\u00e4lt, 5 ml enth\u00e4lt, dann enth\u00e4lt Teil 2 10 ml, Teil 3 2,5 ml und Teil 4 ebenfalls 2,5 ml.<\/p>\n<p><strong>Verf\u00fcgbare Gr\u00f6\u00dfen:<\/strong><\/p>\n<ul>\n<li>Klein: Empfohlen f\u00fcr Aquarien bis 150 Liter.<\/li>\n<li><strong>Mittel:<\/strong> Empfohlen f\u00fcr Aquarien bis 300 Liter.<\/li>\n<li>Gro\u00df: Empfohlen f\u00fcr Aquarien \u00fcber 600 Liter.<\/li>\n<\/ul>\n<p><strong>Hinweis:<\/strong> Wenn Ihr Aquarium ein Makroalgen-Refugium verwendet, empfiehlt Red Sea stattdessen die Verwendung des 7-teiligen Reef Foundation- und Trace Colours-Systems. Mit diesem Ansatz k\u00f6nnen Sie einzelne Spurenelemente entsprechend den einzigartigen Aufnahmeverh\u00e4ltnissen der Makroalgen anpassen.<\/p>\n","protected":false},"excerpt":{"rendered":"<p>Red Sea 4-teilig Reef Care Package (RCP) &#8211; Medium Pack (300L) vereinfacht die Nahrungserg\u00e4nzung f\u00fcr Ihr Riffaquarium<\/p>\n","protected":false},"featured_media":122459,"template":"","meta":[],"pwb-brand":[2125],"product_cat":[1391,1385,1404],"product_tag":[],"class_list":{"0":"post-122456","1":"product","2":"type-product","3":"status-publish","4":"has-post-thumbnail","6":"pwb-brand-red-sea","7":"product_cat-ergaenzungen","8":"product_cat-neue-produkte","9":"product_cat-redsea-de","11":"first","12":"instock","13":"sale","14":"taxable","15":"shipping-taxable","16":"purchasable","17":"product-type-simple"},"acf":[],"brands":[{"id":2125,"name":"Red Sea","slug":"red-sea"}],"_links":{"self":[{"href":"https:\/\/www.seaflowerstore.com\/de\/wp-json\/wp\/v2\/product\/122456","targetHints":{"allow":["GET"]}}],"collection":[{"href":"https:\/\/www.seaflowerstore.com\/de\/wp-json\/wp\/v2\/product"}],"about":[{"href":"https:\/\/www.seaflowerstore.com\/de\/wp-json\/wp\/v2\/types\/product"}],"wp:featuredmedia":[{"embeddable":true,"href":"https:\/\/www.seaflowerstore.com\/de\/wp-json\/wp\/v2\/media\/122459"}],"wp:attachment":[{"href":"https:\/\/www.seaflowerstore.com\/de\/wp-json\/wp\/v2\/media?parent=122456"}],"wp:term":[{"taxonomy":"pwb-brand","embeddable":true,"href":"https:\/\/www.seaflowerstore.com\/de\/wp-json\/wp\/v2\/pwb-brand?post=122456"},{"taxonomy":"product_cat","embeddable":true,"href":"https:\/\/www.seaflowerstore.com\/de\/wp-json\/wp\/v2\/product_cat?post=122456"},{"taxonomy":"product_tag","embeddable":true,"href":"https:\/\/www.seaflowerstore.com\/de\/wp-json\/wp\/v2\/product_tag?post=122456"}],"curies":[{"name":"wp","href":"https:\/\/api.w.org\/{rel}","templated":true}]}}