{"id":122505,"date":"2024-06-30T17:39:36","date_gmt":"2024-06-30T15:54:43","guid":{"rendered":"https:\/\/www.seaflowerstore.com\/?post_type=product&#038;p=122505"},"modified":"2024-06-30T17:54:43","modified_gmt":"2024-06-30T15:54:43","slug":"schego-titanium-heizung","status":"publish","type":"product","link":"https:\/\/www.seaflowerstore.com\/de\/schego-titanium-heizung\/","title":{"rendered":"Schego Titanium Heizung"},"content":{"rendered":"<h2>Schego Titanium heater transfers heat to the water much better than conventional glass heaters<\/h2>\n<p>Der SCHEGO Titanium-Heizer ist unzerbrechlich und absolut best\u00e4ndig gegen Meerwasser. Er ist bekannt f\u00fcr seine \u00fcberlegene F\u00e4higkeit, W\u00e4rme auf das Wasser zu \u00fcbertragen, verglichen mit herk\u00f6mmlichen Glasheizern. Dies macht ihn zu einer ausgezeichneten Wahl sowohl f\u00fcr S\u00fc\u00df- als auch f\u00fcr Salzwasseraquarien.<\/p>\n<p>Dieser Heizer ist geerdet und entspricht den hohen VDE-Standards, was Sicherheit und Zuverl\u00e4ssigkeit gew\u00e4hrleistet. Sie k\u00f6nnen den SCHEGO Titanium-Heizer in jeder beliebigen Ausrichtung unter Wasser positionieren, sogar vollst\u00e4ndig untergetaucht. F\u00fcr optimale Sicherheit empfehlen wir jedoch, den Bereich, in dem das 230-V-Kabel in das Element eintritt, \u00fcber Wasser zu halten.<\/p>\n<p><strong>Technische Daten des SCHEGO Titanium-Heizers:<\/strong><\/p>\n<ul>\n<li>L\u00e4nge der Modelle von 50 W bis 300 W: 250 mm<\/li>\n<li>L\u00e4nge des Modells von 600 W: 350 mm<\/li>\n<li>Durchmesser: 25 mm<\/li>\n<li>Kabell\u00e4nge: 1,5 m<\/li>\n<li>Elektrischer Anschluss: 230 V 50 Hz<\/li>\n<\/ul>\n<p><strong>Bitte beachten:<\/strong> Der Heizer ist ungeregelt, daher ist es ratsam, einen Temperaturregler zu verwenden, um sicherzustellen, dass Ihr Aquarium die richtige Temperatur h\u00e4lt.<\/p>\n","protected":false},"excerpt":{"rendered":"<p>Schego Titanium heizung \u00fcbertr\u00e4gt die W\u00e4rme viel besser an das Wasser als herk\u00f6mmliche Glasheizungen<\/p>\n","protected":false},"featured_media":122489,"template":"","meta":[],"pwb-brand":[2317],"product_cat":[1422,1385],"product_tag":[],"class_list":{"0":"post-122505","1":"product","2":"type-product","3":"status-publish","4":"has-post-thumbnail","6":"pwb-brand-schego","7":"product_cat-aquariumheizung","8":"product_cat-neue-produkte","9":"pa_wattage-100-watt-de","10":"pa_wattage-150-watt-de","11":"pa_wattage-200-watt-de","12":"pa_wattage-250-watt-de","13":"pa_wattage-300-watt-de","14":"pa_wattage-50-watt-de","15":"pa_wattage-600-watt-de","16":"pa_wattage-75-watt-de","18":"first","19":"instock","20":"taxable","21":"shipping-taxable","22":"purchasable","23":"product-type-variable"},"acf":[],"brands":[{"id":2317,"name":"Schego","slug":"schego"}],"_links":{"self":[{"href":"https:\/\/www.seaflowerstore.com\/de\/wp-json\/wp\/v2\/product\/122505","targetHints":{"allow":["GET"]}}],"collection":[{"href":"https:\/\/www.seaflowerstore.com\/de\/wp-json\/wp\/v2\/product"}],"about":[{"href":"https:\/\/www.seaflowerstore.com\/de\/wp-json\/wp\/v2\/types\/product"}],"wp:featuredmedia":[{"embeddable":true,"href":"https:\/\/www.seaflowerstore.com\/de\/wp-json\/wp\/v2\/media\/122489"}],"wp:attachment":[{"href":"https:\/\/www.seaflowerstore.com\/de\/wp-json\/wp\/v2\/media?parent=122505"}],"wp:term":[{"taxonomy":"pwb-brand","embeddable":true,"href":"https:\/\/www.seaflowerstore.com\/de\/wp-json\/wp\/v2\/pwb-brand?post=122505"},{"taxonomy":"product_cat","embeddable":true,"href":"https:\/\/www.seaflowerstore.com\/de\/wp-json\/wp\/v2\/product_cat?post=122505"},{"taxonomy":"product_tag","embeddable":true,"href":"https:\/\/www.seaflowerstore.com\/de\/wp-json\/wp\/v2\/product_tag?post=122505"}],"curies":[{"name":"wp","href":"https:\/\/api.w.org\/{rel}","templated":true}]}}