{"id":122527,"date":"2024-06-30T19:35:09","date_gmt":"2024-06-30T17:35:09","guid":{"rendered":"https:\/\/www.seaflowerstore.com\/?post_type=product&#038;p=122527"},"modified":"2025-01-26T14:27:57","modified_gmt":"2025-01-26T13:27:57","slug":"aqua-medic-t-controller-twin-2-0","status":"publish","type":"product","link":"https:\/\/www.seaflowerstore.com\/de\/aqua-medic-t-controller-twin-2-0\/","title":{"rendered":"Aqua Medic T Controller twin 2.0"},"content":{"rendered":"<h2>Aqua Medic T Controller twin 2.0 is used to control both heating and cooling systems<\/h2>\n<p>Der Aqua Medic T Controller twin 2.0 bietet eine pr\u00e4zise Regelung f\u00fcr Heiz- und K\u00fchlsysteme mit einer Mess- und Schaltgenauigkeit von <strong>0,1 \u00b0C<\/strong>. Der Regelbereich l\u00e4sst sich zwischen <strong>16-40\u00b0C<\/strong> einstellen und der Sollwert in Schritten von <strong>0,1\u00b0C<\/strong> anpassen.<\/p>\n<p><strong>Die maximale Belastbarkeit betr\u00e4gt bei Heizsystemen 1.200 Watt und bei K\u00fchlger\u00e4ten 460 Watt.<\/strong> Dank der integrierten Doppelsteckdose k\u00f6nnen Sie sowohl ein Heizsystem als auch ein K\u00fchlger\u00e4t gleichzeitig anschlie\u00dfen und bleiben so flexibel bei Ihrem Setup.<\/p>\n<p>Der T-Controller twin 2.0 verf\u00fcgt \u00fcber einen wasserdichten Temperatursensor und sorgt so f\u00fcr eine zuverl\u00e4ssige Leistung. Dar\u00fcber hinaus informiert Sie das LCD-Display sofort \u00fcber die aktuelle Temperatur und Sie k\u00f6nnen die Minimal- und Maximalwerte ganz einfach an Ihre Bed\u00fcrfnisse anpassen.<\/p>\n<p>Dar\u00fcber hinaus ist das Sensorkabel <strong>1,90 Meter<\/strong> lang und l\u00e4sst sich somit bequem platzieren.<\/p>\n","protected":false},"excerpt":{"rendered":"<p>Aqua Medic T Controller twin 2.0 wird zur Steuerung von Heiz- und K\u00fchlsystemen verwendet<\/p>\n","protected":false},"featured_media":122519,"template":"","meta":[],"pwb-brand":[2149],"product_cat":[1422,1421,1536],"product_tag":[],"class_list":{"0":"post-122527","1":"product","2":"type-product","3":"status-publish","4":"has-post-thumbnail","6":"pwb-brand-aqua-medic","7":"product_cat-aquariumheizung","8":"product_cat-aqua-medic-de","9":"product_cat-thermometer","11":"first","12":"instock","13":"sale","14":"taxable","15":"shipping-taxable","16":"purchasable","17":"product-type-simple"},"acf":[],"brands":[{"id":2149,"name":"Aqua Medic","slug":"aqua-medic"}],"_links":{"self":[{"href":"https:\/\/www.seaflowerstore.com\/de\/wp-json\/wp\/v2\/product\/122527","targetHints":{"allow":["GET"]}}],"collection":[{"href":"https:\/\/www.seaflowerstore.com\/de\/wp-json\/wp\/v2\/product"}],"about":[{"href":"https:\/\/www.seaflowerstore.com\/de\/wp-json\/wp\/v2\/types\/product"}],"wp:featuredmedia":[{"embeddable":true,"href":"https:\/\/www.seaflowerstore.com\/de\/wp-json\/wp\/v2\/media\/122519"}],"wp:attachment":[{"href":"https:\/\/www.seaflowerstore.com\/de\/wp-json\/wp\/v2\/media?parent=122527"}],"wp:term":[{"taxonomy":"pwb-brand","embeddable":true,"href":"https:\/\/www.seaflowerstore.com\/de\/wp-json\/wp\/v2\/pwb-brand?post=122527"},{"taxonomy":"product_cat","embeddable":true,"href":"https:\/\/www.seaflowerstore.com\/de\/wp-json\/wp\/v2\/product_cat?post=122527"},{"taxonomy":"product_tag","embeddable":true,"href":"https:\/\/www.seaflowerstore.com\/de\/wp-json\/wp\/v2\/product_tag?post=122527"}],"curies":[{"name":"wp","href":"https:\/\/api.w.org\/{rel}","templated":true}]}}