{"id":122550,"date":"2024-07-02T21:33:12","date_gmt":"2024-07-02T19:33:12","guid":{"rendered":"https:\/\/www.seaflowerstore.com\/?post_type=product&#038;p=122550"},"modified":"2024-07-02T21:36:12","modified_gmt":"2024-07-02T19:36:12","slug":"api-aquaspin-disk-saltwater","status":"publish","type":"product","link":"https:\/\/www.seaflowerstore.com\/de\/api-aquaspin-disk-saltwater\/","title":{"rendered":"API Aquaspin Disk &#8211; Saltwater"},"content":{"rendered":"<h2>API Aquaspin Disk &#8211; Saltwater is a Simple, accurate digital water testing reagent<\/h2>\n<p>Die API Aquaspin Disk ist ein <strong>einfaches und genaues digitales Wassertestreagenz<\/strong>, das zum Funktionieren ein API Aquaspin-Messger\u00e4t ben\u00f6tigt. Diese Technologie ist seit \u00fcber zehn Jahren Teil der Poolbranche und tr\u00e4gt zum Umsatzwachstum bei und erh\u00f6ht das Bewusstsein f\u00fcr Wassertests.<\/p>\n<p>Wir stellen API AQUASPIN vor, eine innovative L\u00f6sung, die Geschwindigkeit und Genauigkeit kombiniert, um in nur zwei Minuten die besten Ergebnisse f\u00fcr die Aquarien- und Teichwasseranalyse zu liefern! Der AQUASPIN ist benutzerfreundlich; alles, was Sie brauchen, ist eine kleine Probe Ihres Aquarienwassers, das AQUASPIN-Photometer und eine neue Scheibe.<\/p>\n<p>Der Salzwassertest misst schnell und genau wichtige Aquarienparameter, darunter:<\/p>\n<ul>\n<li>Nitrat<\/li>\n<li>Nitrit<\/li>\n<li>Ammoniak<\/li>\n<li>Phosphat<\/li>\n<li>Karbonath\u00e4rte<\/li>\n<li>pH-Wert<\/li>\n<li>Magnesium<\/li>\n<li>Kalzium<\/li>\n<\/ul>\n<p>Farbabgleich oder menschliche Interpretation sind nicht erforderlich, da die AQUASPIN-Technologie Ihre Ergebnisse zusammen mit einer API-Produktempfehlung auf Knopfdruck liefert. Es ist eine zuverl\u00e4ssige L\u00f6sung f\u00fcr alle Ihre Wassertestanforderungen!<\/p>\n","protected":false},"excerpt":{"rendered":"<p>API Aquaspin Disk &#8211; Saltwater ist ein einfaches, genaues digitales Wassertest-&#8218;Reagenz&#8216;<\/p>\n","protected":false},"featured_media":122548,"template":"","meta":[],"pwb-brand":[2283],"product_cat":[1400,1387],"product_tag":[],"class_list":{"0":"post-122550","1":"product","2":"type-product","3":"status-publish","4":"has-post-thumbnail","6":"pwb-brand-api","7":"product_cat-tester","8":"product_cat-messsysteme","10":"first","11":"instock","12":"taxable","13":"shipping-taxable","14":"purchasable","15":"product-type-simple"},"acf":[],"brands":[{"id":2283,"name":"API","slug":"api"}],"_links":{"self":[{"href":"https:\/\/www.seaflowerstore.com\/de\/wp-json\/wp\/v2\/product\/122550","targetHints":{"allow":["GET"]}}],"collection":[{"href":"https:\/\/www.seaflowerstore.com\/de\/wp-json\/wp\/v2\/product"}],"about":[{"href":"https:\/\/www.seaflowerstore.com\/de\/wp-json\/wp\/v2\/types\/product"}],"wp:featuredmedia":[{"embeddable":true,"href":"https:\/\/www.seaflowerstore.com\/de\/wp-json\/wp\/v2\/media\/122548"}],"wp:attachment":[{"href":"https:\/\/www.seaflowerstore.com\/de\/wp-json\/wp\/v2\/media?parent=122550"}],"wp:term":[{"taxonomy":"pwb-brand","embeddable":true,"href":"https:\/\/www.seaflowerstore.com\/de\/wp-json\/wp\/v2\/pwb-brand?post=122550"},{"taxonomy":"product_cat","embeddable":true,"href":"https:\/\/www.seaflowerstore.com\/de\/wp-json\/wp\/v2\/product_cat?post=122550"},{"taxonomy":"product_tag","embeddable":true,"href":"https:\/\/www.seaflowerstore.com\/de\/wp-json\/wp\/v2\/product_tag?post=122550"}],"curies":[{"name":"wp","href":"https:\/\/api.w.org\/{rel}","templated":true}]}}