{"id":122564,"date":"2024-07-03T10:47:58","date_gmt":"2024-07-03T08:47:58","guid":{"rendered":"https:\/\/www.seaflowerstore.com\/?post_type=product&#038;p=122564"},"modified":"2026-01-14T16:46:27","modified_gmt":"2026-01-14T15:46:27","slug":"fauna-marin-speed-cleaner-250-g","status":"publish","type":"product","link":"https:\/\/www.seaflowerstore.com\/de\/fauna-marin-speed-cleaner-250-g\/","title":{"rendered":"Fauna Marin Speed Cleaner &#8211; 250 g"},"content":{"rendered":"<h2>Fauna Marin Speed Cleaner &#8211; 250 g<\/h2>\n<p><strong>Fauna Marin Speed \u200b\u200bCleaner<\/strong> ist ein Spezialprodukt zur Reinigung von Meeresger\u00e4ten, insbesondere Pumpen. Die Sauberkeit Ihrer Pumpen und anderer technischer Ger\u00e4te in einem Meerwasseraquarium ist f\u00fcr eine optimale Leistung unerl\u00e4sslich.<\/p>\n<p><strong>Dosierung:<\/strong><\/p>\n<ul>\n<li>F\u00fcgen Sie 10 g Speed \u200b\u200bCleaner zu 500 ml Wasser hinzu (bitte verwenden Sie diese Mischung nicht direkt im Aquarium).<\/li>\n<li>Weichen Sie die Pumpen und Ger\u00e4te in der L\u00f6sung ein, bis sie gr\u00fcndlich sauber sind.<\/li>\n<li>Bei starker Verkalkung k\u00f6nnen Sie die Behandlungszeit auf bis zu 24 Stunden verl\u00e4ngern.<\/li>\n<\/ul>\n<p><strong>Wichtig:<\/strong> Bitte nicht \u00fcberdosieren!<\/p>\n<p><strong>Inhaltsstoff:<\/strong> Sulfamins\u00e4ure<\/p>\n","protected":false},"excerpt":{"rendered":"<p>Fauna Marin Speed Cleaner &#8211; 250 g ist ein technischer und Pumpenreiniger speziell f\u00fcr meerwasseraquarien produkte<\/p>\n","protected":false},"featured_media":122561,"template":"","meta":[],"pwb-brand":[2177],"product_cat":[1488],"product_tag":[],"class_list":{"0":"post-122564","1":"product","2":"type-product","3":"status-publish","4":"has-post-thumbnail","6":"pwb-brand-fauna-marin","7":"product_cat-pflege","9":"first","10":"instock","11":"taxable","12":"shipping-taxable","13":"purchasable","14":"product-type-simple"},"acf":[],"brands":[{"id":2177,"name":"Fauna Marin","slug":"fauna-marin"}],"_links":{"self":[{"href":"https:\/\/www.seaflowerstore.com\/de\/wp-json\/wp\/v2\/product\/122564","targetHints":{"allow":["GET"]}}],"collection":[{"href":"https:\/\/www.seaflowerstore.com\/de\/wp-json\/wp\/v2\/product"}],"about":[{"href":"https:\/\/www.seaflowerstore.com\/de\/wp-json\/wp\/v2\/types\/product"}],"wp:featuredmedia":[{"embeddable":true,"href":"https:\/\/www.seaflowerstore.com\/de\/wp-json\/wp\/v2\/media\/122561"}],"wp:attachment":[{"href":"https:\/\/www.seaflowerstore.com\/de\/wp-json\/wp\/v2\/media?parent=122564"}],"wp:term":[{"taxonomy":"pwb-brand","embeddable":true,"href":"https:\/\/www.seaflowerstore.com\/de\/wp-json\/wp\/v2\/pwb-brand?post=122564"},{"taxonomy":"product_cat","embeddable":true,"href":"https:\/\/www.seaflowerstore.com\/de\/wp-json\/wp\/v2\/product_cat?post=122564"},{"taxonomy":"product_tag","embeddable":true,"href":"https:\/\/www.seaflowerstore.com\/de\/wp-json\/wp\/v2\/product_tag?post=122564"}],"curies":[{"name":"wp","href":"https:\/\/api.w.org\/{rel}","templated":true}]}}