{"id":122660,"date":"2024-07-17T09:55:17","date_gmt":"2024-07-17T07:55:17","guid":{"rendered":"https:\/\/www.seaflowerstore.com\/?post_type=product&#038;p=122660"},"modified":"2025-10-24T21:26:18","modified_gmt":"2025-10-24T19:26:18","slug":"tropic-marin-cyo-control-500-ml","status":"publish","type":"product","link":"https:\/\/www.seaflowerstore.com\/de\/tropic-marin-cyo-control-500-ml\/","title":{"rendered":"Tropic Marin CYO-CONTROL &#8211; 500 ml"},"content":{"rendered":"<h2>Tropic Marin CYO-CONTROL Probiotic bacteria to displace cyanobacteria biofilms<\/h2>\n<p>Tropic Marin Cyo-Control ist eine nat\u00fcrliche L\u00f6sung, die das erneute Auftreten von Cyanobakterien in Ihrem Aquarium wirksam verhindert. Nachdem Sie die Cyanobakterien manuell entfernt haben, werden die probiotischen Bakterien in Tropic Marin Cyo-Control ihren Platz einnehmen. Sobald sich diese n\u00fctzlichen Bakterien etabliert haben, verdr\u00e4ngen sie die Cyanobakterien und stellen sicher, dass sie den Bereich nicht erneut besiedeln. Das Zeolithsubstrat spielt eine entscheidende Rolle bei der Unterst\u00fctzung der probiotischen Bakterien w\u00e4hrend dieses Prozesses und hilft, nach einer kurzen Tr\u00fcbungsphase kristallklares Wasser zu erhalten.<\/p>\n<h4><strong>Was ist f\u00fcr Sie drin?<\/strong><\/h4>\n<ul>\n<li>Es verhindert das Nachwachsen von Cyanobakterien, nachdem Sie diese manuell entfernt haben.<\/li>\n<li>Es ist ganz nat\u00fcrlich und besteht aus probiotischen Bakterien und nat\u00fcrlichen Zeolithmineralien.<\/li>\n<li>Sie m\u00fcssen nur wenige Dosen verwenden.<\/li>\n<li>Es bindet Schadstoffe und macht das Wasser au\u00dfergew\u00f6hnlich klar.<\/li>\n<li>Sie k\u00f6nnen es ohne K\u00fchlung lagern.<\/li>\n<li>Es enth\u00e4lt keine Antibiotika, Biozide oder Toxine.<\/li>\n<\/ul>\n<div>\n<strong>Zutaten<\/strong>\n<\/div>\n<p>Probiotische Bakterien, Klinoptilolithmineral, Wasser<\/p>\n<h4><strong>Anwendung &#038; Dosierung<\/strong><\/h4>\n<p>Achten Sie vor der ersten Anwendung darauf, m\u00f6glichst viele Cyanobakterien abzusaugen. Verwenden Sie 50 ml pro 100 l Wasser und schalten Sie Absch\u00e4umer und UV-C-Ger\u00e4te f\u00fcr ca. 2 Stunden aus. Wiederholen Sie die Dosierung am 3. und 5. Tag nach der ersten Anwendung und saugen Sie vorher eventuelle Cyanobakterienablagerungen ab. Nach einer kurzen Tr\u00fcbungsphase wird das Wasser in Ihrem Aquarium au\u00dfergew\u00f6hnlich klar. Nur eine freundliche Erinnerung: Sch\u00fctteln Sie die Flasche gut, bevor Sie sie verwenden!<\/strong><\/p>\n<div>\n<span style=\"color: #555555; font-size: 14.4px;\">Wir empfehlen<\/span><br \/>\n<span class=\"wixui-rich-text__text\" style=\"color: #555555; font-size: 14.4px;\"> Tropic Marin Reef Actif <\/span><br \/>\n<span style=\"color: #555555; font-size: 14.4px;\">zur Ern\u00e4hrung zus\u00e4tzlicher probiotischer Bakterien.<\/span>\n<\/div>\n<p><iframe loading=\"lazy\" title=\"YouTube video player\" src=\"https:\/\/www.youtube.com\/embed\/Yo7wG6Ptt8U?si=i8xNG9hRbxmALhOB&amp;start=10\" width=\"560\" height=\"315\" frameborder=\"0\" allowfullscreen=\"allowfullscreen\"><\/iframe><\/p>\n","protected":false},"excerpt":{"rendered":"<p class=\"font_0 wixui-rich-text__text\">Tropic Marin CYO-CONTROL Probiotische Bakterien zur Verdr\u00e4ngung von Cyanobakterien-Biofilmen<\/p>\n","protected":false},"featured_media":122658,"template":"","meta":[],"pwb-brand":[2151],"product_cat":[1531,1385],"product_tag":[],"class_list":{"0":"post-122660","1":"product","2":"type-product","3":"status-publish","4":"has-post-thumbnail","6":"pwb-brand-tropic-marin","7":"product_cat-cyano-kontrolle","8":"product_cat-neue-produkte","10":"first","11":"instock","12":"taxable","13":"shipping-taxable","14":"purchasable","15":"product-type-simple"},"acf":[],"brands":[{"id":2151,"name":"Tropic Marin","slug":"tropic-marin"}],"_links":{"self":[{"href":"https:\/\/www.seaflowerstore.com\/de\/wp-json\/wp\/v2\/product\/122660","targetHints":{"allow":["GET"]}}],"collection":[{"href":"https:\/\/www.seaflowerstore.com\/de\/wp-json\/wp\/v2\/product"}],"about":[{"href":"https:\/\/www.seaflowerstore.com\/de\/wp-json\/wp\/v2\/types\/product"}],"wp:featuredmedia":[{"embeddable":true,"href":"https:\/\/www.seaflowerstore.com\/de\/wp-json\/wp\/v2\/media\/122658"}],"wp:attachment":[{"href":"https:\/\/www.seaflowerstore.com\/de\/wp-json\/wp\/v2\/media?parent=122660"}],"wp:term":[{"taxonomy":"pwb-brand","embeddable":true,"href":"https:\/\/www.seaflowerstore.com\/de\/wp-json\/wp\/v2\/pwb-brand?post=122660"},{"taxonomy":"product_cat","embeddable":true,"href":"https:\/\/www.seaflowerstore.com\/de\/wp-json\/wp\/v2\/product_cat?post=122660"},{"taxonomy":"product_tag","embeddable":true,"href":"https:\/\/www.seaflowerstore.com\/de\/wp-json\/wp\/v2\/product_tag?post=122660"}],"curies":[{"name":"wp","href":"https:\/\/api.w.org\/{rel}","templated":true}]}}