{"id":122671,"date":"2024-07-19T21:51:45","date_gmt":"2024-07-19T19:51:46","guid":{"rendered":"https:\/\/www.seaflowerstore.com\/?post_type=product&#038;p=122671"},"modified":"2025-12-01T14:22:30","modified_gmt":"2025-12-01T13:22:30","slug":"garmin-xero-c1-pro-case-gunmetal-grau","status":"publish","type":"product","link":"https:\/\/www.seaflowerstore.com\/de\/garmin-xero-c1-pro-case-gunmetal-grau\/","title":{"rendered":"Garmin Xero C1 Pro case &#8211; Gunmetal Grau"},"content":{"rendered":"<h2>Garmin Xero C1 Pro case &#8211; Gunmetal Grey<\/h2>\n<p>Die Garmin Xero C1 Pro-H\u00fclle sch\u00fctzt und transportiert Ihren Chronographen, Ihr Stativ und Ihr USB-Kabel m\u00fchelos. Sie ist in einem stilvollen <strong>Gunmetal Grey<\/strong>-Farbton erh\u00e4ltlich.<\/p>\n<p>Im Deckel befindet sich eine Schaumstoffplatte, die Ger\u00e4usche minimiert, w\u00e4hrend Sie mit der H\u00fclle unterwegs sind.<\/p>\n<p><strong>Bitte beachten Sie:<\/strong><\/p>\n<ul>\n<li><strong>Lassen Sie die H\u00fclle nicht in direktem Sonnenlicht oder in einem hei\u00dfen Auto liegen.<\/strong><\/li>\n<\/ul>\n<p>Die H\u00fclle wird ohne Chronograph, Stativ und USB-Kabel geliefert, d. h. Sie erhalten eine leere H\u00fclle.<\/p>\n","protected":false},"excerpt":{"rendered":"<p>Garmin Xero C1 Pro Etui zum Schutz und Transport des chronographen<\/p>\n","protected":false},"featured_media":122677,"template":"","meta":[],"pwb-brand":[2161],"product_cat":[1442],"product_tag":[],"class_list":{"0":"post-122671","1":"product","2":"type-product","3":"status-publish","4":"has-post-thumbnail","6":"pwb-brand-seaflower","7":"product_cat-3d-print-de","9":"first","10":"instock","11":"taxable","12":"shipping-taxable","13":"purchasable","14":"product-type-simple"},"acf":[],"brands":[{"id":2161,"name":"Seaflower","slug":"seaflower"}],"_links":{"self":[{"href":"https:\/\/www.seaflowerstore.com\/de\/wp-json\/wp\/v2\/product\/122671","targetHints":{"allow":["GET"]}}],"collection":[{"href":"https:\/\/www.seaflowerstore.com\/de\/wp-json\/wp\/v2\/product"}],"about":[{"href":"https:\/\/www.seaflowerstore.com\/de\/wp-json\/wp\/v2\/types\/product"}],"wp:featuredmedia":[{"embeddable":true,"href":"https:\/\/www.seaflowerstore.com\/de\/wp-json\/wp\/v2\/media\/122677"}],"wp:attachment":[{"href":"https:\/\/www.seaflowerstore.com\/de\/wp-json\/wp\/v2\/media?parent=122671"}],"wp:term":[{"taxonomy":"pwb-brand","embeddable":true,"href":"https:\/\/www.seaflowerstore.com\/de\/wp-json\/wp\/v2\/pwb-brand?post=122671"},{"taxonomy":"product_cat","embeddable":true,"href":"https:\/\/www.seaflowerstore.com\/de\/wp-json\/wp\/v2\/product_cat?post=122671"},{"taxonomy":"product_tag","embeddable":true,"href":"https:\/\/www.seaflowerstore.com\/de\/wp-json\/wp\/v2\/product_tag?post=122671"}],"curies":[{"name":"wp","href":"https:\/\/api.w.org\/{rel}","templated":true}]}}