{"id":122686,"date":"2024-07-19T22:00:54","date_gmt":"2024-07-19T20:00:55","guid":{"rendered":"https:\/\/www.seaflowerstore.com\/?post_type=product&#038;p=122686"},"modified":"2026-02-11T07:39:04","modified_gmt":"2026-02-11T06:39:04","slug":"garmin-xero-c1-pro-case-gruentarnung","status":"publish","type":"product","link":"https:\/\/www.seaflowerstore.com\/de\/garmin-xero-c1-pro-case-gruentarnung\/","title":{"rendered":"Garmin Xero C1 Pro case &#8211; Gr\u00fcntarnung"},"content":{"rendered":"<h2>Garmin Xero C1 Pro case &#8211; green camouflage<\/h2>\n<p>Die Garmin Xero C1 Pro-Tasche ist so konzipiert, dass sie Ihren Chronographen, Ihr Stativ und Ihr USB-Kabel sch\u00fctzt und bequem transportiert. Diese Tasche ist in einer <strong>gr\u00fcnen Camouflage<\/strong> Farbe erh\u00e4ltlich und verf\u00fcgt \u00fcber eine Schaumstoffplatte im Deckel. Dieser Schaumstoff tr\u00e4gt dazu bei, Ger\u00e4usche zu minimieren, w\u00e4hrend Sie mit der Tasche unterwegs sind.<\/p>\n<p><strong>*Bitte vermeiden Sie es, die Tasche beispielsweise direktem Sonnenlicht oder einem hei\u00dfen Auto auszusetzen.*<\/strong> Die Tasche wird ohne Chronographen, Stativ und USB-Kabel geliefert, Sie erhalten also eine leere Tasche.<\/p>\n","protected":false},"excerpt":{"rendered":"<p>Garmin Xero C1 Pro Etui zum Schutz und Transport des chronographen<\/p>\n","protected":false},"featured_media":122689,"template":"","meta":[],"pwb-brand":[2161],"product_cat":[1442],"product_tag":[],"class_list":{"0":"post-122686","1":"product","2":"type-product","3":"status-publish","4":"has-post-thumbnail","6":"pwb-brand-seaflower","7":"product_cat-3d-print-de","9":"first","10":"instock","11":"taxable","12":"shipping-taxable","13":"purchasable","14":"product-type-simple"},"acf":[],"brands":[{"id":2161,"name":"Seaflower","slug":"seaflower"}],"_links":{"self":[{"href":"https:\/\/www.seaflowerstore.com\/de\/wp-json\/wp\/v2\/product\/122686","targetHints":{"allow":["GET"]}}],"collection":[{"href":"https:\/\/www.seaflowerstore.com\/de\/wp-json\/wp\/v2\/product"}],"about":[{"href":"https:\/\/www.seaflowerstore.com\/de\/wp-json\/wp\/v2\/types\/product"}],"wp:featuredmedia":[{"embeddable":true,"href":"https:\/\/www.seaflowerstore.com\/de\/wp-json\/wp\/v2\/media\/122689"}],"wp:attachment":[{"href":"https:\/\/www.seaflowerstore.com\/de\/wp-json\/wp\/v2\/media?parent=122686"}],"wp:term":[{"taxonomy":"pwb-brand","embeddable":true,"href":"https:\/\/www.seaflowerstore.com\/de\/wp-json\/wp\/v2\/pwb-brand?post=122686"},{"taxonomy":"product_cat","embeddable":true,"href":"https:\/\/www.seaflowerstore.com\/de\/wp-json\/wp\/v2\/product_cat?post=122686"},{"taxonomy":"product_tag","embeddable":true,"href":"https:\/\/www.seaflowerstore.com\/de\/wp-json\/wp\/v2\/product_tag?post=122686"}],"curies":[{"name":"wp","href":"https:\/\/api.w.org\/{rel}","templated":true}]}}