{"id":122701,"date":"2024-07-19T22:17:17","date_gmt":"2024-07-19T20:17:18","guid":{"rendered":"https:\/\/www.seaflowerstore.com\/?post_type=product&#038;p=122701"},"modified":"2025-05-21T18:58:43","modified_gmt":"2025-05-21T16:58:43","slug":"garmin-xero-c1-pro-case-olivgruen","status":"publish","type":"product","link":"https:\/\/www.seaflowerstore.com\/de\/garmin-xero-c1-pro-case-olivgruen\/","title":{"rendered":"Garmin Xero C1 Pro case &#8211; Olivgr\u00fcn"},"content":{"rendered":"<h2>Garmin Xero C1 Pro case &#8211; Olive Green<\/h2>\n<p>Die Garmin Xero C1 Pro-H\u00fclle dient zum Schutz und Transport Ihres Chronographen, Stativs und USB-Kabels. Die H\u00fclle ist in einem stilvollen <strong>Olivgr\u00fcn<\/strong> erh\u00e4ltlich. Im Deckel befindet sich eine Schaumstoffplatte, die Ger\u00e4usche minimiert, w\u00e4hrend Sie mit der H\u00fclle unterwegs sind.<\/p>\n<p><strong>Bitte beachten Sie:<\/strong> Lassen Sie die H\u00fclle nicht in direktem Sonnenlicht oder in einem hei\u00dfen Auto liegen, da sie dadurch besch\u00e4digt werden kann.<\/p>\n<p>Bitte beachten Sie, dass die H\u00fclle ohne Chronograph, Stativ und USB-Kabel geliefert wird; Sie erhalten eine leere H\u00fclle.<\/p>\n","protected":false},"excerpt":{"rendered":"<p>Garmin Xero C1 Pro Etui zum Schutz und Transport des chronographen<\/p>\n","protected":false},"featured_media":122704,"template":"","meta":[],"pwb-brand":[2161],"product_cat":[1442],"product_tag":[],"class_list":{"0":"post-122701","1":"product","2":"type-product","3":"status-publish","4":"has-post-thumbnail","6":"pwb-brand-seaflower","7":"product_cat-3d-print-de","9":"first","10":"instock","11":"taxable","12":"shipping-taxable","13":"purchasable","14":"product-type-simple"},"acf":[],"brands":[{"id":2161,"name":"Seaflower","slug":"seaflower"}],"_links":{"self":[{"href":"https:\/\/www.seaflowerstore.com\/de\/wp-json\/wp\/v2\/product\/122701","targetHints":{"allow":["GET"]}}],"collection":[{"href":"https:\/\/www.seaflowerstore.com\/de\/wp-json\/wp\/v2\/product"}],"about":[{"href":"https:\/\/www.seaflowerstore.com\/de\/wp-json\/wp\/v2\/types\/product"}],"wp:featuredmedia":[{"embeddable":true,"href":"https:\/\/www.seaflowerstore.com\/de\/wp-json\/wp\/v2\/media\/122704"}],"wp:attachment":[{"href":"https:\/\/www.seaflowerstore.com\/de\/wp-json\/wp\/v2\/media?parent=122701"}],"wp:term":[{"taxonomy":"pwb-brand","embeddable":true,"href":"https:\/\/www.seaflowerstore.com\/de\/wp-json\/wp\/v2\/pwb-brand?post=122701"},{"taxonomy":"product_cat","embeddable":true,"href":"https:\/\/www.seaflowerstore.com\/de\/wp-json\/wp\/v2\/product_cat?post=122701"},{"taxonomy":"product_tag","embeddable":true,"href":"https:\/\/www.seaflowerstore.com\/de\/wp-json\/wp\/v2\/product_tag?post=122701"}],"curies":[{"name":"wp","href":"https:\/\/api.w.org\/{rel}","templated":true}]}}