{"id":122780,"date":"2024-07-26T17:03:51","date_gmt":"2024-07-26T15:10:54","guid":{"rendered":"https:\/\/www.seaflowerstore.com\/?post_type=product&#038;p=122780"},"modified":"2024-07-26T17:10:54","modified_gmt":"2024-07-26T15:10:54","slug":"tunze-turbelle-stream-3-6150-005","status":"publish","type":"product","link":"https:\/\/www.seaflowerstore.com\/de\/tunze-turbelle-stream-3-6150-005\/","title":{"rendered":"Tunze Turbelle stream 3 (6150.005)"},"content":{"rendered":"<h2>Tunze Turbelle stream 3 (6150.005)<\/h2>\n<p><strong>Die perfekte Pumpe f\u00fcr Aquarien bis 3.000 Liter!<\/strong><\/p>\n<p><strong>TUNZE\u00ae HUB EDITION<\/strong><\/p>\n<p>Sie suchen die ideale Wahl f\u00fcr Aquarien bis 3.000 Liter? Mit dem unglaublichen Turbelle\u00ae Controller k\u00f6nnen Sie die Durchflussmenge von 2.500 bis ca. 15.000 l\/h einstellen! Und das Beste daran? Dabei verbraucht sie nur 6 bis maximal 50 W.<\/p>\n<ul>\n<li>Netzteil: 100-240V \/ 50-60Hz<\/li>\n<li>Kabell\u00e4nge: 5 m<\/li>\n<li>Abmessungen (L x B x H): 93 x 70,6 x 184 mm<\/li>\n<li>Silence Magnet Holder f\u00fcr bis zu 15 mm Glasdicke<\/li>\n<\/ul>\n<p>Aber warten Sie, da ist noch mehr! Diese tollen Pumpen kommen mit Str\u00f6mungswinkel, Schutzgitter und Str\u00f6mungsgleichrichter.<\/p>\n<p><strong>TUNZE\u00ae HUB EDITION<\/strong><\/p>\n<p>Diese au\u00dfergew\u00f6hnlichen Pumpen lassen sich mit ihrem Controller elektronisch steuern und verf\u00fcgen \u00fcber eine Fischpflegefunktion. Mit dem Turbelle\u00ae Controller 7020 k\u00f6nnen Sie die Pumpenleistung einstellen und auf den TUNZE\u00ae HUB zugreifen. Mit dieser innovativen Cloud-L\u00f6sung k\u00f6nnen Sie viele Ger\u00e4te von TUNZE\u00ae und anderen Herstellern \u00fcber WLAN und das Internet steuern und regeln. Dank integrierter Echtzeituhr m\u00fcssen Sie sich nie wieder Gedanken \u00fcber Zeitverschiebungen durch Stromausf\u00e4lle machen.<\/p>\n<div>\n<strong>Turbelle\u00ae stream3 \u2013 der ultimative anpassbare Stream<\/strong><\/p>\n<p>Die Turbelle\u00ae stream3 ist genau das, worauf Aquarianer von heute gewartet haben! Sie ist kompakt, leistungsstark, vielseitig einsetzbar und arbeitet dank ihres speziellen magnetgelagerten Pumpenantriebs absolut leise. Und sie ist auch noch energieeffizient! Und Sie erhalten 5 Jahre Garantie!<\/p>\n<p>Dank ihres innovativen Designs ist sie in jedem Aquarium nahezu unsichtbar! Selbst bei maximaler Leistung sorgt der magnetgelagerte Pumpenantrieb f\u00fcr einen fl\u00fcsterleisen Betrieb. Sie k\u00f6nnen die Leistung von 2.500 bis 15.000 l\/h mit nur 3,5 bis 50 W regeln! Im Lieferumfang enthalten sind der Turbelle\u00ae Controller und ein 5 m langes Kabel zur Pumpe. Mit dem erstaunlichen Silence Magnet Holder k\u00f6nnen Sie die Pumpe \u00fcberall am Aquarienglas befestigen! Der unglaubliche Str\u00f6mungsgleichrichter erm\u00f6glicht Ihnen eine Str\u00f6mungsbreite von \u00fcber 3 Metern und ist somit perfekt f\u00fcr lange Aquarien! Die 0,8 Hz FishCare-Funktion sorgt daf\u00fcr, dass Ihre Fische und andere Tiere sicher und gesund bleiben. Dar\u00fcber hinaus f\u00fchrt die Pumpe alle 24 Stunden automatisch eine 8-sek\u00fcndige R\u00fccksp\u00fclung mit 30 % Leistung durch!<\/p>\n<p>Dieses Hightech-Kabel ist die perfekte Wahl f\u00fcr anspruchsvolle Aquarien! Es ist auf Langlebigkeit ausgelegt und bietet bemerkenswerte Abriebfestigkeit, Seewasserbest\u00e4ndigkeit und extreme mechanische Schlagfestigkeit. Dieses unglaubliche Produkt h\u00e4rtet im Wasser nicht aus wie PVC-Kabel! Und das ist noch nicht alles! Es verf\u00fcgt \u00fcber einen extra kontraststarken Zwischenmantel, der Ihnen hilft, Sch\u00e4den fr\u00fchzeitig zu erkennen.<\/p>\n<\/div>\n","protected":false},"excerpt":{"rendered":"<p>Tunze Turbelle stream 3 (6150.005) die perfekte Pumpe f\u00fcr Aquarien bis zu 3.000 Liter!<\/p>\n","protected":false},"featured_media":122776,"template":"","meta":[],"pwb-brand":[2123],"product_cat":[1388],"product_tag":[],"class_list":{"0":"post-122780","1":"product","2":"type-product","3":"status-publish","4":"has-post-thumbnail","6":"pwb-brand-tunze","7":"product_cat-stroemungspumpen","9":"first","10":"outofstock","11":"taxable","12":"shipping-taxable","13":"purchasable","14":"product-type-simple"},"acf":[],"brands":[{"id":2123,"name":"Tunze","slug":"tunze"}],"_links":{"self":[{"href":"https:\/\/www.seaflowerstore.com\/de\/wp-json\/wp\/v2\/product\/122780","targetHints":{"allow":["GET"]}}],"collection":[{"href":"https:\/\/www.seaflowerstore.com\/de\/wp-json\/wp\/v2\/product"}],"about":[{"href":"https:\/\/www.seaflowerstore.com\/de\/wp-json\/wp\/v2\/types\/product"}],"wp:featuredmedia":[{"embeddable":true,"href":"https:\/\/www.seaflowerstore.com\/de\/wp-json\/wp\/v2\/media\/122776"}],"wp:attachment":[{"href":"https:\/\/www.seaflowerstore.com\/de\/wp-json\/wp\/v2\/media?parent=122780"}],"wp:term":[{"taxonomy":"pwb-brand","embeddable":true,"href":"https:\/\/www.seaflowerstore.com\/de\/wp-json\/wp\/v2\/pwb-brand?post=122780"},{"taxonomy":"product_cat","embeddable":true,"href":"https:\/\/www.seaflowerstore.com\/de\/wp-json\/wp\/v2\/product_cat?post=122780"},{"taxonomy":"product_tag","embeddable":true,"href":"https:\/\/www.seaflowerstore.com\/de\/wp-json\/wp\/v2\/product_tag?post=122780"}],"curies":[{"name":"wp","href":"https:\/\/api.w.org\/{rel}","templated":true}]}}