{"id":122787,"date":"2024-07-26T17:25:26","date_gmt":"2024-07-26T15:29:43","guid":{"rendered":"https:\/\/www.seaflowerstore.com\/?post_type=product&#038;p=122787"},"modified":"2024-07-26T17:33:37","modified_gmt":"2024-07-26T15:33:37","slug":"tunze-turbelle-nanostream-6055-new","status":"publish","type":"product","link":"https:\/\/www.seaflowerstore.com\/de\/tunze-turbelle-nanostream-6055-new\/","title":{"rendered":"Tunze Turbelle nanostream 6055 (New)"},"content":{"rendered":"<h2>Tunze Turbelle nanostream 6055 (New) perfect choice for aquariums from 40 to 500 litres<\/h2>\n<p><strong>TUNZE HUB EDITION<\/strong><\/p>\n<p>Die Tunze Turbelle nanostream 6055 ist eine fantastische Option f\u00fcr Aquarien von 40 bis 500 Litern (10,6 bis 132 US-Gallonen).<\/p>\n<p>Kommen wir nun zum spannenden Teil! Die Durchflussrate ist beeindruckend und kann in Verbindung mit dem Turbelle Controller 7020 eine hervorragende Rate von bis zu 5.500 l\/h (1.450 US gal\/h) erreichen.<\/p>\n<p>Au\u00dferdem werden Sie den minimalen Energieverbrauch von 4 bis 18 W zu sch\u00e4tzen wissen.<\/p>\n<p>Das Netzteil arbeitet mit 100-240 V \/ 50-60 Hz und die Kabell\u00e4nge betr\u00e4gt 3 m (118 Zoll).<\/p>\n<p>Hier sind einige kurze Spezifikationen:<\/p>\n<ul>\n<li>Abmessungen: \u00f870 mm (2,7 Zoll)<\/li>\n<li>Ausgang: \u00f840\/15 mm (1,5 Zoll\/2 Zoll\/3 Zoll)<\/li>\n<li>Magnethalter mit Silent-Clamp, geeignet f\u00fcr Glas mit einer Dicke von bis zu 15 mm<\/li>\n<\/ul>\n<p><strong>TUNZE HUB EDITION<\/strong><\/p>\n<p>Die TUNZE HUB EDITION Pumpen bieten eine hervorragende elektronische Steuerung und verf\u00fcgen \u00fcber eine praktische Fischpflegefunktion, die Ihnen die Pflege Ihres Aquariums erleichtert. Diese bemerkenswerten Pumpen werden mit dem innovativen Turbelle Controller 7020 geliefert, mit dem Sie die Pumpenleistung anpassen und auf den TUNZE\u00ae HUB zugreifen k\u00f6nnen. Mit dieser fantastischen Cloud-L\u00f6sung k\u00f6nnen Sie verschiedene Ger\u00e4te von TUNZE und anderen Herstellern \u00fcber WLAN und das Internet verwalten und regulieren. Und das ist noch nicht alles! Eine integrierte Echtzeituhr verhindert Zeitverschiebungen, die durch Stromausf\u00e4lle entstehen k\u00f6nnen.<\/p>\n","protected":false},"excerpt":{"rendered":"<p>Tunze Turbelle nanostream 6055 (New) ideal f\u00fcr Aquarien von 40 bis 500 Liter<\/p>\n","protected":false},"featured_media":122784,"template":"","meta":[],"pwb-brand":[2123],"product_cat":[1388],"product_tag":[],"class_list":{"0":"post-122787","1":"product","2":"type-product","3":"status-publish","4":"has-post-thumbnail","6":"pwb-brand-tunze","7":"product_cat-stroemungspumpen","9":"first","10":"outofstock","11":"taxable","12":"shipping-taxable","13":"purchasable","14":"product-type-simple"},"acf":[],"brands":[{"id":2123,"name":"Tunze","slug":"tunze"}],"_links":{"self":[{"href":"https:\/\/www.seaflowerstore.com\/de\/wp-json\/wp\/v2\/product\/122787","targetHints":{"allow":["GET"]}}],"collection":[{"href":"https:\/\/www.seaflowerstore.com\/de\/wp-json\/wp\/v2\/product"}],"about":[{"href":"https:\/\/www.seaflowerstore.com\/de\/wp-json\/wp\/v2\/types\/product"}],"wp:featuredmedia":[{"embeddable":true,"href":"https:\/\/www.seaflowerstore.com\/de\/wp-json\/wp\/v2\/media\/122784"}],"wp:attachment":[{"href":"https:\/\/www.seaflowerstore.com\/de\/wp-json\/wp\/v2\/media?parent=122787"}],"wp:term":[{"taxonomy":"pwb-brand","embeddable":true,"href":"https:\/\/www.seaflowerstore.com\/de\/wp-json\/wp\/v2\/pwb-brand?post=122787"},{"taxonomy":"product_cat","embeddable":true,"href":"https:\/\/www.seaflowerstore.com\/de\/wp-json\/wp\/v2\/product_cat?post=122787"},{"taxonomy":"product_tag","embeddable":true,"href":"https:\/\/www.seaflowerstore.com\/de\/wp-json\/wp\/v2\/product_tag?post=122787"}],"curies":[{"name":"wp","href":"https:\/\/api.w.org\/{rel}","templated":true}]}}