{"id":122796,"date":"2024-07-26T17:53:43","date_gmt":"2024-07-26T15:57:23","guid":{"rendered":"https:\/\/www.seaflowerstore.com\/?post_type=product&#038;p=122796"},"modified":"2024-07-26T17:57:23","modified_gmt":"2024-07-26T15:57:23","slug":"tunze-comline-nanofilter-3161","status":"publish","type":"product","link":"https:\/\/www.seaflowerstore.com\/de\/tunze-comline-nanofilter-3161\/","title":{"rendered":"Tunze Comline Nanofilter 3161"},"content":{"rendered":"<h2>Tunze Comline Nanofilter 3161 ensures a super efficient surface cleaning<\/h2>\n<p>Der erstaunliche Comline Filter 3161 vereinfacht Ihre Aquarienreinigungsroutine!<\/p>\n<p>Dieser kompakte und leise Innenfilter verf\u00fcgt \u00fcber zwei Kammern, Oberfl\u00e4chenabsch\u00e4umung und Bodenabsaugung und ist damit perfekt f\u00fcr S\u00fc\u00dfwasser- und Meerwasser-Nanoaquarien von 30 bis 100 Litern geeignet. Aber das ist noch nicht alles! Er dient auch als reiner Oberfl\u00e4chenfilter f\u00fcr gr\u00f6\u00dfere Aquarien bis 1000 Liter.<\/p>\n<p>In diesen oft chaotischen Aquarien garantiert der Comline Filter 3161 einen effizienten Oberfl\u00e4chenreinigungsprozess bei minimalem Platzbedarf. Machen Sie sich bereit, Ihr Aquarienreinigungserlebnis mit dem Comline Filter 3161 zu ver\u00e4ndern! Die einstellbare Comline Energiesparpumpe 900 kann an die Bed\u00fcrfnisse sowohl kleinerer Aquarien mit geringerem Durchfluss als auch gr\u00f6\u00dferer Becken mit h\u00f6herem Leistungsbedarf angepasst werden. <\/p>\n<p>Der Comline Filter 3161 verf\u00fcgt \u00fcber einen Silence Magnet Holder, der auf bis zu 10 mm dickem Glas montiert werden kann. Zus\u00e4tzlich ist der Filter mit Silikonpuffern ausgestattet, um Vibrationen am Glas zu reduzieren und so einen reibungslosen und leisen Betrieb zu gew\u00e4hrleisten. Und das ist noch nicht alles! F\u00fcr gr\u00f6\u00dfere Aquarien kann die maximale Glasdicke mit dem richtigen Zubeh\u00f6r auf bis zu 15 mm erweitert werden.<\/p>\n<p>Die Vorkammer des Filters, die etwa 15 % des gesamten Wasserdurchflusses ausmacht, bietet reichlich Platz f\u00fcr einen Nano-Heizer oder Biomaterial in Nano-Aquarien. Sie kann auch pH- oder Temperatursonden in gr\u00f6\u00dferen Becken aufnehmen. Die Hauptkammer ist ideal f\u00fcr Filterwolle oder verschiedene Arten von Filtermedien, und Sie k\u00f6nnen ganz einfach einen Filterschwamm f\u00fcr zus\u00e4tzliche Anpassungsf\u00e4higkeit hinzuf\u00fcgen. Auch das Entfernen ist ein Kinderspiel!<\/p>\n<p>Der fantastische Comline Filter 3161 wird einbaufertig geliefert und enth\u00e4lt die erforderlichen Filtermedien!<\/p>\n<p><strong>Technische Daten:<\/strong> Dieser unglaubliche Filter ist sowohl f\u00fcr S\u00fc\u00df- als auch f\u00fcr Salzwasseraquarien bis zu 100 Liter (ideal f\u00fcr Nano-Aquarien) oder bis zu 1.000 Liter (hervorragend f\u00fcr die Oberfl\u00e4chenfilterung) geeignet. Sie verf\u00fcgt \u00fcber eine variable Pumpenleistung von 250 l\/h bis 850 l\/h, bei einem Energieverbrauch zwischen 2,5 und 4,5 W und einem Betrieb mit 230 V\/50 Hz (oder 115 V\/60 Hz). Die Eintauchtiefe betr\u00e4gt beeindruckende 160 mm, w\u00e4hrend die Abmessungen (L x B x H) 115 x 60 x 175 mm betragen. Au\u00dferdem kann die Halterung mit einem Silence Magnet Holder Glasst\u00e4rken von bis zu 10 mm tragen!<\/p>\n","protected":false},"excerpt":{"rendered":"<p>Tunze Comline Nanofilter 3161 gew\u00e4hrleistet eine \u00e4u\u00dferst effiziente Oberfl\u00e4chenreinigung<\/p>\n","protected":false},"featured_media":122791,"template":"","meta":[],"pwb-brand":[2123],"product_cat":[1388,1466],"product_tag":[],"class_list":{"0":"post-122796","1":"product","2":"type-product","3":"status-publish","4":"has-post-thumbnail","6":"pwb-brand-tunze","7":"product_cat-stroemungspumpen","8":"product_cat-pumpen","10":"first","11":"instock","12":"taxable","13":"shipping-taxable","14":"purchasable","15":"product-type-simple"},"acf":[],"brands":[{"id":2123,"name":"Tunze","slug":"tunze"}],"_links":{"self":[{"href":"https:\/\/www.seaflowerstore.com\/de\/wp-json\/wp\/v2\/product\/122796","targetHints":{"allow":["GET"]}}],"collection":[{"href":"https:\/\/www.seaflowerstore.com\/de\/wp-json\/wp\/v2\/product"}],"about":[{"href":"https:\/\/www.seaflowerstore.com\/de\/wp-json\/wp\/v2\/types\/product"}],"wp:featuredmedia":[{"embeddable":true,"href":"https:\/\/www.seaflowerstore.com\/de\/wp-json\/wp\/v2\/media\/122791"}],"wp:attachment":[{"href":"https:\/\/www.seaflowerstore.com\/de\/wp-json\/wp\/v2\/media?parent=122796"}],"wp:term":[{"taxonomy":"pwb-brand","embeddable":true,"href":"https:\/\/www.seaflowerstore.com\/de\/wp-json\/wp\/v2\/pwb-brand?post=122796"},{"taxonomy":"product_cat","embeddable":true,"href":"https:\/\/www.seaflowerstore.com\/de\/wp-json\/wp\/v2\/product_cat?post=122796"},{"taxonomy":"product_tag","embeddable":true,"href":"https:\/\/www.seaflowerstore.com\/de\/wp-json\/wp\/v2\/product_tag?post=122796"}],"curies":[{"name":"wp","href":"https:\/\/api.w.org\/{rel}","templated":true}]}}