{"id":122873,"date":"2024-08-05T13:13:32","date_gmt":"2024-08-05T11:16:49","guid":{"rendered":"https:\/\/www.seaflowerstore.com\/?post_type=product&#038;p=122873"},"modified":"2024-08-05T13:16:49","modified_gmt":"2024-08-05T11:16:49","slug":"aqua-medic-coral-frag-set","status":"publish","type":"product","link":"https:\/\/www.seaflowerstore.com\/de\/aqua-medic-coral-frag-set\/","title":{"rendered":"Aqua Medic Coral frag set"},"content":{"rendered":"<h2>Aqua Medic Coral frag set maintain your underwater scape just the way you want it<\/h2>\n<p>Wir stellen Ihnen das 10-teilige Aqua Medic Coral Frag Set aus hochwertigem Stahl vor, das Ihnen ein professionelles Toolkit f\u00fcr die Gestaltung Ihres Aquariums bietet. Die blaue Titanbeschichtung verbessert nicht nur die Haltbarkeit des Werkzeugs, sondern macht es auch rostbest\u00e4ndiger als herk\u00f6mmliche Edelstahlklingen.<\/p>\n<p>Dieses vielseitige Set enth\u00e4lt eine Reihe von Werkzeugen wie Scheren, Zangen, Schneide- und Richtwerkzeuge sowie Pinzetten, mit denen Sie Ihre Unterwasserumgebung genau so gestalten und pflegen k\u00f6nnen, wie Sie es sich vorstellen. Unsere Premiumbeschichtung sch\u00fctzt effektiv vor Rostablagerungen und gew\u00e4hrleistet Langlebigkeit und gleichbleibende Leistung.<\/p>\n<p>Das ergonomische Design dieser Werkzeuge bietet einen bequemen und sicheren Griff, sodass Sie sich auf die Schaffung Ihres aquatischen Meisterwerks konzentrieren k\u00f6nnen. Egal, ob Sie in einem Salzwasser- oder S\u00fc\u00dfwasseraquarium arbeiten, wir bieten eine gro\u00dfe Auswahl an Korallenk\u00f6rben, die sich ideal zum Bepflanzen, Dekorieren und Sch\u00fctzen des Substrats eignen und sich gleichzeitig perfekt zum Keimen und Anfertigen atemberaubender Felsdekorationen eignen. Aber das ist noch nicht alles \u2013 diese Werkzeuge sind auch f\u00fcr verschiedene Wartungs- und Installationsaufgaben unglaublich n\u00fctzlich.<\/p>\n<p>Zudem k\u00f6nnen Sie Ihre Ausr\u00fcstung mit unserer eleganten Ledertasche aus gewaschenem Leder stilvoll transportieren. Entdecken Sie die endlosen M\u00f6glichkeiten des Aquascapings, indem Sie sich noch heute unser Riff-Kit holen!<\/p>\n<p>Jedes der zehn Werkzeuge ist aus poliertem Edelstahl gefertigt, was Langlebigkeit gew\u00e4hrleistet und Rost verhindert. Das ergonomische Design verf\u00fcgt \u00fcber verstellbare Werkzeuge und Pinzetten f\u00fcr die einfache und sichere Handhabung von Pflanzen, Dekorationen und die Wartung der Ausr\u00fcstung in Salzwasseraquarien. Sie eignen sich auch perfekt zum Schneiden, Pflegen und Gestalten von dekorativen Steinen und sind daher f\u00fcr eine Vielzahl von Anwendungen geeignet.<\/p>\n","protected":false},"excerpt":{"rendered":"<p>Aqua Medic Coral frag set pflegen Sie Ihre Unterwasserlandschaft so, wie Sie es w\u00fcnschen<\/p>\n","protected":false},"featured_media":122853,"template":"","meta":[],"pwb-brand":[2149],"product_cat":[1461,1421,1385],"product_tag":[],"class_list":{"0":"post-122873","1":"product","2":"type-product","3":"status-publish","4":"has-post-thumbnail","6":"pwb-brand-aqua-medic","7":"product_cat-schneidzubehoer","8":"product_cat-aqua-medic-de","9":"product_cat-neue-produkte","11":"first","12":"instock","13":"taxable","14":"shipping-taxable","15":"purchasable","16":"product-type-simple"},"acf":[],"brands":[{"id":2149,"name":"Aqua Medic","slug":"aqua-medic"}],"_links":{"self":[{"href":"https:\/\/www.seaflowerstore.com\/de\/wp-json\/wp\/v2\/product\/122873","targetHints":{"allow":["GET"]}}],"collection":[{"href":"https:\/\/www.seaflowerstore.com\/de\/wp-json\/wp\/v2\/product"}],"about":[{"href":"https:\/\/www.seaflowerstore.com\/de\/wp-json\/wp\/v2\/types\/product"}],"wp:featuredmedia":[{"embeddable":true,"href":"https:\/\/www.seaflowerstore.com\/de\/wp-json\/wp\/v2\/media\/122853"}],"wp:attachment":[{"href":"https:\/\/www.seaflowerstore.com\/de\/wp-json\/wp\/v2\/media?parent=122873"}],"wp:term":[{"taxonomy":"pwb-brand","embeddable":true,"href":"https:\/\/www.seaflowerstore.com\/de\/wp-json\/wp\/v2\/pwb-brand?post=122873"},{"taxonomy":"product_cat","embeddable":true,"href":"https:\/\/www.seaflowerstore.com\/de\/wp-json\/wp\/v2\/product_cat?post=122873"},{"taxonomy":"product_tag","embeddable":true,"href":"https:\/\/www.seaflowerstore.com\/de\/wp-json\/wp\/v2\/product_tag?post=122873"}],"curies":[{"name":"wp","href":"https:\/\/api.w.org\/{rel}","templated":true}]}}