{"id":122904,"date":"2024-08-05T13:42:04","date_gmt":"2024-08-05T11:42:04","guid":{"rendered":"https:\/\/www.seaflowerstore.com\/?post_type=product&#038;p=122904"},"modified":"2024-08-05T13:54:02","modified_gmt":"2024-08-05T11:54:02","slug":"aqua-medic-ocean-clear","status":"publish","type":"product","link":"https:\/\/www.seaflowerstore.com\/de\/aqua-medic-ocean-clear\/","title":{"rendered":"Aqua Medic Ocean Clear"},"content":{"rendered":"<h2>Aqua Medic Ocean Clear extremely effective at filtering out coarse dirt particles from the aquarium<\/h2>\n<p>Der Ocean Clear ist ein kompakter Vlies-Rollenfilter, der f\u00fcr seine hervorragende Reinigungsleistung und sein stilvolles Design bekannt ist und aus hochwertigem Acryl gefertigt ist. Seine kompakte Gr\u00f6\u00dfe macht ihn f\u00fcr den Einbau in kleinere Filterbecken geeignet und bietet Vielseitigkeit f\u00fcr verschiedene Aquarienaufbauten.<\/p>\n<p>Mit einer variablen und h\u00f6henverstellbaren Halterung kann der Ocean Clear flexibel im Filterbecken positioniert werden. Diese Funktion gew\u00e4hrleistet eine optimale Platzierung und Anpassung an individuelle Bed\u00fcrfnisse. Sie k\u00f6nnen ihn von jeder der vier Seiten montieren.<\/p>\n<p>Der Vliesfilter des Ocean Clear entfernt hocheffizient grobe Schmutzpartikel, Schwebstoffe und andere organische Abf\u00e4lle aus dem Wasser. Diese Funktionalit\u00e4t tr\u00e4gt dazu bei, die Ansammlung von Nitrat und Phosphat zu reduzieren und gleichzeitig wichtige Spurenelemente zu erhalten.<\/p>\n<p>Eines der herausragenden Merkmale des Ocean Clear ist sein Wasserstandssensor, der eine automatische Rollenzufuhr erm\u00f6glicht. In Kombination mit hochwertigen und effizienten Vliesrollen ist eine gleichbleibende und zuverl\u00e4ssige Reinigungsleistung gew\u00e4hrleistet.<\/p>\n<p>Der Rollenwechsel ist ein Kinderspiel, was nicht nur Zeit spart, sondern auch die Wartung des Filtersystems vereinfacht. Der Ocean Clear dient als ideale Erg\u00e4nzung zu einem Eiwei\u00dfabsch\u00e4umer und kann einfach an den Wasserr\u00fccklauf (Bypass) angeschlossen werden. Es besteht auch die M\u00f6glichkeit zum Standalone-Betrieb, indem eine separate Pumpe direkt an ein vorhandenes Anschlussst\u00fcck angeschlossen wird, ohne dass die Rohrleitungen des Filterbeh\u00e4lters ge\u00e4ndert werden m\u00fcssen.<\/p>\n<p>Mit dem Ocean Clear verf\u00fcgen Sie \u00fcber einen zuverl\u00e4ssigen, effizienten und benutzerfreundlichen Vliesrollenfilter, der eine klare und gesunde Umgebung f\u00fcr Ihre Aquarienbewohner f\u00f6rdert. Er ist sowohl f\u00fcr Salzwasser- als auch f\u00fcr S\u00fc\u00dfwasseraquarien mit einem Wasservolumen von bis zu 850 Litern geeignet. F\u00fcr den Betrieb mit einer zus\u00e4tzlichen Pumpe empfehlen wir unseren DC Runner 800 oder 1000. Bitte beachten Sie, dass dieser f\u00fcr den Einsatz im Filterbecken konzipiert ist.<\/p>\n<ul>\n<li>Kompakter Vlies-Rollenfilter aus Acryl mit hoher Reinigungsleistung<\/li>\n<li>Lieferung erfolgt komplett vormontiert<\/li>\n<li>Einbau in kleine Filterbecken m\u00f6glich<\/li>\n<li>Montage als Bypass oder durch Direktanschluss an eine Pumpe<\/li>\n<li>Variables und h\u00f6henverstellbares Befestigungssystem zum Aufh\u00e4ngen (passt von allen vier Seiten)<\/li>\n<li>Filtert grobe Schmutzpartikel, Schwebstoffe und andere organische Abf\u00e4lle<\/li>\n<li>Minimiert die Bildung von Nitrat und Phosphat<\/li>\n<li>Erh\u00e4lt wichtige Spurenelemente<\/li>\n<li>Automatischer Rollenvorschub<\/li>\n<li>Zwei Filtermodi<\/li>\n<li>Einfacher Rollenwechsel<\/li>\n<li>Perfekte Erg\u00e4nzung zum Absch\u00e4umer<\/li>\n<li>Geeignet f\u00fcr Meerwasser- und S\u00fc\u00dfwasseraquarien mit einem Wasservolumen von bis zu 850 Litern<\/li>\n<li>F\u00fcr den Betrieb mit einer zus\u00e4tzlichen Pumpe empfehlen wir unseren DC Runner 800 oder 1000<\/li>\n<li>Nur zur Verwendung innerhalb des Filterbeckens<\/li>\n<\/ul>\n<p><strong>Ma\u00dfe (L x B x H) ca.: 180 x 160 x 325 mm<\/strong><\/p>\n<p>Stromversorgung Transformator: 100 &#8211; 240 V \/ 50 &#8211; 60 Hz<\/p>\n<p>Stromversorgung Motor: 12 V<\/p>\n<p>Im Lieferumfang enthalten:<\/p>\n<ul>\n<li>Ocean Clear Vliesrollenfilter<\/li>\n<li>Controller inkl. Wandhalterung<\/li>\n<li>1 x Ocean Clear Vliesrolle 40 m<\/li>\n<li>Transformator<\/li>\n<\/ul>\n","protected":false},"excerpt":{"rendered":"<p>Aqua Medic Ocean Clear extrem effektiv beim Herausfiltern von groben Schmutzpartikeln aus dem Aquarium<\/p>\n","protected":false},"featured_media":122887,"template":"","meta":[],"pwb-brand":[2149],"product_cat":[1403,1421],"product_tag":[],"class_list":{"0":"post-122904","1":"product","2":"type-product","3":"status-publish","4":"has-post-thumbnail","6":"pwb-brand-aqua-medic","7":"product_cat-beutel-filterung","8":"product_cat-aqua-medic-de","10":"first","11":"outofstock","12":"taxable","13":"shipping-taxable","14":"purchasable","15":"product-type-simple"},"acf":[],"brands":[{"id":2149,"name":"Aqua Medic","slug":"aqua-medic"}],"_links":{"self":[{"href":"https:\/\/www.seaflowerstore.com\/de\/wp-json\/wp\/v2\/product\/122904","targetHints":{"allow":["GET"]}}],"collection":[{"href":"https:\/\/www.seaflowerstore.com\/de\/wp-json\/wp\/v2\/product"}],"about":[{"href":"https:\/\/www.seaflowerstore.com\/de\/wp-json\/wp\/v2\/types\/product"}],"wp:featuredmedia":[{"embeddable":true,"href":"https:\/\/www.seaflowerstore.com\/de\/wp-json\/wp\/v2\/media\/122887"}],"wp:attachment":[{"href":"https:\/\/www.seaflowerstore.com\/de\/wp-json\/wp\/v2\/media?parent=122904"}],"wp:term":[{"taxonomy":"pwb-brand","embeddable":true,"href":"https:\/\/www.seaflowerstore.com\/de\/wp-json\/wp\/v2\/pwb-brand?post=122904"},{"taxonomy":"product_cat","embeddable":true,"href":"https:\/\/www.seaflowerstore.com\/de\/wp-json\/wp\/v2\/product_cat?post=122904"},{"taxonomy":"product_tag","embeddable":true,"href":"https:\/\/www.seaflowerstore.com\/de\/wp-json\/wp\/v2\/product_tag?post=122904"}],"curies":[{"name":"wp","href":"https:\/\/api.w.org\/{rel}","templated":true}]}}