{"id":122924,"date":"2024-08-05T15:55:39","date_gmt":"2024-08-05T13:55:39","guid":{"rendered":"https:\/\/www.seaflowerstore.com\/?post_type=product&#038;p=122924"},"modified":"2025-02-23T21:57:58","modified_gmt":"2025-02-23T20:57:58","slug":"neptune-systems-trident-np","status":"publish","type":"product","link":"https:\/\/www.seaflowerstore.com\/de\/neptune-systems-trident-np\/","title":{"rendered":"Neptune Systems Trident NP"},"content":{"rendered":"<h2>Neptune Systems Trident NP &#8211; Nitrate and Phosphate Water Analyzer<\/h2>\n<p>Stellen Sie sich eine Welt vor, in der manuelle Nitrat- und Phosphattests nicht mehr Teil Ihrer Aquarienpflegeroutine sind. Jetzt m\u00fcssen Sie sich das nicht mehr vorstellen! Der Trident NP ist die neueste Innovation von Neptune Systems, die entwickelt wurde, um Nitrat- und Phosphattests pr\u00e4zise und einfach zu automatisieren. Aufbauend auf dem vertrauensw\u00fcrdigen Ruf des urspr\u00fcnglichen Trident bietet der Trident NP Hochfrequenztests, um eine optimale Wasserqualit\u00e4t in Ihrem Aquarium sicherzustellen.<\/p>\n<p>Mit nahtloser Integration in die Apex-Controller der Serien A2 und A3 bietet der Trident NP eine konsistente, automatisierte Messung der Nitrat- und Phosphatwerte in Ihrem Aquarium, sodass Sie bessere Entscheidungen treffen oder sogar Ma\u00dfnahmen automatisieren k\u00f6nnen, um die Stabilit\u00e4t Ihres Systems aufrechtzuerhalten. Erleben Sie ein neues Niveau an Erfolg und Komfort im Wasser mit automatisierten Parametertests! Durch das Hinzuf\u00fcgen eines Tridents erhalten Sie eine konsistente, automatisierte Messung der Pegel in Ihrem Aquarium, sodass Sie fundierte Entscheidungen treffen oder Aktionen automatisieren k\u00f6nnen, um Ihr System stabil zu halten.<\/p>\n<p><strong>Die Schl\u00fcsselzutat f\u00fcr ein gro\u00dfartiges Riffaquarium sind konsistente Pegel und kontrollierte biologische Stoffe.<\/strong> Mit Trident-Testern, die regelm\u00e4\u00dfig Alkalinit\u00e4t, Kalzium und Magnesium (Trident) sowie Phosphat und Nitrat (Trident NP) in Ihrem Salzwasseraquarium \u00fcberpr\u00fcfen \u2013 und diese Informationen dann an Ihren Apex \u00fcbermitteln \u2013 k\u00f6nnen Sie Warnungen einstellen, die Dosierung verwalten oder Ger\u00e4te oder Verhalten anpassen, um Stabilit\u00e4t und Konsistenz zu verbessern. In Kombination mit der DOS QD-Dosierpumpe (separat erh\u00e4ltlich) k\u00f6nnen Sie die Dosierung von Erg\u00e4nzungsmitteln und Zusatzstoffen f\u00fcr ein verbessertes Wasserparametermanagement vollst\u00e4ndig automatisieren.<\/p>\n<p><strong>Funktionen<\/strong><\/p>\n<ul>\n<li><strong style=\"color: #333333;\">Leiser Betrieb:<\/strong> Der Trident arbeitet leise. Wenn Sie in einem ruhigen Raum genau hinh\u00f6ren, h\u00f6ren Sie vielleicht, wie Ihr Trident einen Test durchf\u00fchrt.<\/li>\n<li><strong>Verstehen Sie Ihr Aquarium:<\/strong> Regelm\u00e4\u00dfige Tests und Daten geben Ihnen Einblicke in Ihr Aquarium, die Ihnen helfen, ein besseres, erfolgreicheres Riff zu erhalten.<\/li>\n<li><strong style=\"color: #555555;\">Kosten:<\/strong> <strong>Geringe Kosten pro Test:<\/strong> Reagenzien sind in 2- und 6-Monats-Packungen erh\u00e4ltlich. Jede Reagenzienpackung enth\u00e4lt 60 Tests f\u00fcr NP und 240 Tests f\u00fcr Trident.<\/li>\n<li><strong style=\"color: #555555;\">Pr\u00e4zision:<\/strong> <strong>Konsistent und pr\u00e4zise:<\/strong> Nachgewiesene Testkonsistenz und -genauigkeit, die die mit gleichwertigen manuellen Aquarium-Testkits erreichbaren Ergebnisse \u00fcbertrifft.<\/li>\n<\/ul>\n<p><strong>Einfache Plug-and-Play-Einrichtung:<\/strong> Vom Auspacken bis zum Test in weniger als 45 Minuten! Im Gegensatz zu anderen Testsystemen m\u00fcssen keine Schl\u00e4uche durchgeschnitten oder Pumpen oder Sonden kalibriert werden.<\/p>\n<p><strong>Leicht lesbare Ergebnisse und Diagramme:<\/strong> Genie\u00dfen Sie die Gewissheit, Ihre aktuellen Tankparameter \u00fcberall auf der Welt direkt in Ihrer Tasche zu haben.<\/p>\n<p><strong>Hoch-\/Niedrig-Warnungen, wenn Tank au\u00dferhalb des Bereichs liegt:<\/strong> Ihr Apex benachrichtigt Sie auf Ihrem Mobilger\u00e4t, wenn die Testergebnisse au\u00dferhalb des angegebenen Bereichs liegen.<\/p>\n<p><strong>Automatische Dosierungskontrolle:<\/strong> Kombinieren Sie Trident mit DOS Quiet Drive (separat erh\u00e4ltlich), und Ihr Apex verwendet die Daten von Trident, um Ihre Dosierung automatisch und sicher anzupassen.<\/p>\n<p><strong>AUTOMATISIERTE TESTS VON NITRATEN UND PHOSPHAT:<\/strong> Mithilfe einer <strong>automatischen Titrationsmethode<\/strong> mit kolorimetrischer Identifizierung testet der <strong>Trident Ihr Aquarienwasser automatisch auf Nitrate und Phosphate, sobald ein Tag.<\/strong><\/p>\n<p><strong>UNGLAUBLICHE PR\u00c4ZISION:<\/strong> Plus oder minus 1 ppm f\u00fcr Nitrat und 0,01 ppm f\u00fcr Phosphat oder innerhalb von 5 % des Gesamtwertes f\u00fcr beide, je nachdem, welcher Wert h\u00f6her ist.<\/p>\n<p><strong>REAGENZIENVORRAT F\u00dcR ZWEI MONATE ORDENTLICH IM INNEREN AUFBEWAHRBAR:<\/strong> Der praktische und aufger\u00e4umte Trident NP ist in sich geschlossen und erfordert bei der Durchf\u00fchrung des grundlegenden Testprogramms nur <strong>alle zwei Monate einen Reagenzwechsel.<\/strong><\/p>\n<p><strong>VERWENDET NUR 30 ML TANKWASSER PRO TEST:<\/strong> Einige Testsysteme verwenden bis zu 100 ml Ihres Tankwassers f\u00fcr jeden Test, was zu Schwankungen des Tanksalzgehalts f\u00fchren kann. Mit der minimalen Probe, die der Trident NP entnimmt, hat dies fast keine Auswirkungen auf Ihren Salzgehalt. Anders als bei anderen L\u00f6sungen wird potenziell kontaminiertes Testwasser niemals zur\u00fcck ins Aquarium geleitet, sondern in einen Abfallbeh\u00e4lter umgeleitet.<\/p>\n<p><strong>Spezifikationen<\/strong><\/p>\n<ul>\n<li>Erfordert: <strong>Neptune Systems A3 Apex<\/strong> (Apex Pro, Apex, Apex Jr.) <strong>oder A2 Apex<\/strong> (Apex, Apex EL)<\/li>\n<li><strong>Bereich:<\/strong> Nitrat: 0\u2013100 ppm | Phosphat: 0\u20132,0 ppm<\/li>\n<li><strong>Genauigkeit\/Pr\u00e4zision:<\/strong> Nitrat: +\/- 1 PPM +\/- 5 % des Messwerts | Phosphat: +\/- 0,01 PPM, +\/- 5 % des Messwerts<\/li>\n<li><strong>Testintervall:<\/strong> <strong>1 Test pro Tag<\/strong> (mehrere Tests pro Tag k\u00f6nnen durch manuelles Starten eines Tests eingeleitet werden)<\/li>\n<li><strong>Pro Test verbrauchtes Wasser:<\/strong> <strong>30 ml<\/strong><\/li>\n<li><strong>Abmessungen (ca.):<\/strong> 25 x 31,5 x 12,5 cm (9,8&#8243; x 12,4&#8243; x 4,9&#8243;)<\/li>\n<\/ul>\n<p><strong style=\"color: #555555;\">Was ist im Lieferumfang enthalten?<\/strong><\/p>\n<ul>\n<li>Trident NP<\/li>\n<li>1LINK-Kabel<\/li>\n<li>Tropfschale<\/li>\n<li><strong>ES IST KEIN REAGENZ ENTHALTEN<\/strong><\/li>\n<\/ul>\n","protected":false},"excerpt":{"rendered":"<p>Neptune Systems Trident NP &#8211; Nitrat- und Phosphat-Salzwasseranalysator<\/p>\n","protected":false},"featured_media":122913,"template":"","meta":[],"pwb-brand":[2179],"product_cat":[1387,1423],"product_tag":[],"class_list":{"0":"post-122924","1":"product","2":"type-product","3":"status-publish","4":"has-post-thumbnail","6":"pwb-brand-neptune-systems","7":"product_cat-messsysteme","8":"product_cat-neptune-systems-de","10":"first","11":"outofstock","12":"sale","13":"taxable","14":"shipping-taxable","15":"purchasable","16":"product-type-simple"},"acf":[],"brands":[{"id":2179,"name":"Neptune Systems","slug":"neptune-systems"}],"_links":{"self":[{"href":"https:\/\/www.seaflowerstore.com\/de\/wp-json\/wp\/v2\/product\/122924","targetHints":{"allow":["GET"]}}],"collection":[{"href":"https:\/\/www.seaflowerstore.com\/de\/wp-json\/wp\/v2\/product"}],"about":[{"href":"https:\/\/www.seaflowerstore.com\/de\/wp-json\/wp\/v2\/types\/product"}],"wp:featuredmedia":[{"embeddable":true,"href":"https:\/\/www.seaflowerstore.com\/de\/wp-json\/wp\/v2\/media\/122913"}],"wp:attachment":[{"href":"https:\/\/www.seaflowerstore.com\/de\/wp-json\/wp\/v2\/media?parent=122924"}],"wp:term":[{"taxonomy":"pwb-brand","embeddable":true,"href":"https:\/\/www.seaflowerstore.com\/de\/wp-json\/wp\/v2\/pwb-brand?post=122924"},{"taxonomy":"product_cat","embeddable":true,"href":"https:\/\/www.seaflowerstore.com\/de\/wp-json\/wp\/v2\/product_cat?post=122924"},{"taxonomy":"product_tag","embeddable":true,"href":"https:\/\/www.seaflowerstore.com\/de\/wp-json\/wp\/v2\/product_tag?post=122924"}],"curies":[{"name":"wp","href":"https:\/\/api.w.org\/{rel}","templated":true}]}}