{"id":122957,"date":"2024-08-06T17:02:06","date_gmt":"2024-08-06T15:20:10","guid":{"rendered":"https:\/\/www.seaflowerstore.com\/?post_type=product&#038;p=122957"},"modified":"2024-08-06T17:20:10","modified_gmt":"2024-08-06T15:20:10","slug":"tropic-marin-phytonic","status":"publish","type":"product","link":"https:\/\/www.seaflowerstore.com\/de\/tropic-marin-phytonic\/","title":{"rendered":"Tropic Marin Phytonic"},"content":{"rendered":"<h2>Tropic Marin Phytonic is high quality plankton replacement<\/h2>\n<p>Tropic Marin Phytonic ist ein erstklassiger Planktonersatz zur F\u00fctterung von Planktonfiltrierern in Ihrem Meerwasseraquarium. Es enth\u00e4lt alle lebensnotwendigen N\u00e4hrstoffe wie Aminos\u00e4uren, hochunges\u00e4ttigte Fetts\u00e4uren und Vitamine.<\/p>\n<p>Durch ein schonendes, hitzefreies Verfahren werden die N\u00e4hrstoffe f\u00fcr die Filtrierer konserviert, so dass alle Vitamine und Vitalstoffe erhalten bleiben. Tropic Marin Phytonic kann als Alleinfuttermittel verwendet werden.<\/p>\n<div id=\"comp-koedry5h\" class=\"KaEeLN comp-koedry5h\">\n<h4><strong>Vorteile<\/strong><\/h4>\n<ul>\n<li>Hochkonzentriertes Alleinfuttermittel f\u00fcr Planktonfiltrierer<\/li>\n<li>Die im Futter enthaltenen marinen Mikroalgen und Hefen liefern hochwertige Aminos\u00e4uren, hochunges\u00e4ttigte Fetts\u00e4uren und Vitamine<\/li>\n<li>Geeignet f\u00fcr Weichkorallen, LPS, SPS und andere Filtrierer<\/li>\n<li>Eine fl\u00fcssige L\u00f6sung, die sich leicht in Ihr Aquarium einbringen l\u00e4sst<\/li>\n<\/ul>\n<\/div>\n<div id=\"comp-koedry5y\" class=\"KaEeLN comp-koedry5y\">\n<h4><strong>Zutaten<\/strong><\/h4>\n<p>Mikroalgen, Bierhefe, Glycerin, gereinigtes Wasser<\/p>\n<\/div>\n<div id=\"comp-koedry6c\" class=\"KaEeLN comp-koedry6c\">\n<h3><strong>Anwendung &#038; Dosierung<\/strong><\/h3>\n<p><strong><span>Anwendung der 50 ml Flasche<\/span>:<\/strong> Flasche vor Gebrauch gut sch\u00fctteln. Beiliegenden Schlauch auf die Spritze aufstecken und mit der Spritze die gew\u00fcnschte Menge <strong>Tropic Marin Phytonic<\/strong> abmessen. Die beim Bef\u00fcllen in Schlauch und Spritze eintretende Luft hat keinen Einfluss auf die Zugabemenge ins Aquarium. Die Unterkante des Kolbens zeigt immer die richtige Zugabemenge an, auch wenn sich das ben\u00f6tigte Volumen <strong>Tropic Marin Phytonic<\/strong> nur im Schlauch und nicht in der Spritzenkammer befindet. Die in die Spritze eingesaugte Luft hilft beim Entleeren des flexiblen Schlauches w\u00e4hrend der F\u00fctterung.<\/p>\n<p><strong>Anwendung der 250 ml Flasche:<\/strong> Flasche vor Gebrauch gut sch\u00fctteln. Pumpenkopf nach links drehen bis er herausspringt. Ein Druck auf den Pumpenkopf entspricht 1 ml.<\/p>\n<p><strong>Zugabe des Futters ins Aquarium:<\/strong> Beginnen Sie mit Tagesdosen von 0,1 ml je 100 Liter Aquarienvolumen und steigern Sie die Menge nach Bedarf. F\u00fcr eine optimale Verteilung im Aquarium sollte <strong>Tropic Marin Phytonic<\/strong> mehrmals t\u00e4glich dem Zulauf aus der Pumpe zugegeben werden.<\/p>\n<p><strong>Maximaldosierung:<\/strong> Eine Tagesdosierung von 0,5 ml je 100 Liter Aquarienvolumen nicht \u00fcberschreiten. Aufgrund des Sauerstoffverbrauchs sollte die Zugabe von Produkten mit Biokohle entsprechend angepasst werden. Flasche gut verschlossen an einem k\u00fchlen, dunklen Ort aufbewahren, da K\u00fchlung die Haltbarkeit verl\u00e4ngert. Bitte beachten Sie, dass dieses Produkt nicht f\u00fcr den menschlichen Verzehr geeignet ist.<\/p>\n<\/div>\n","protected":false},"excerpt":{"rendered":"<p>Tropic Marin Phytonic ist ein hochwertiger Planktonersatz<\/p>\n","protected":false},"featured_media":122945,"template":"","meta":[],"pwb-brand":[2151],"product_cat":[1436,1385],"product_tag":[],"class_list":{"0":"post-122957","1":"product","2":"type-product","3":"status-publish","4":"has-post-thumbnail","6":"pwb-brand-tropic-marin","7":"product_cat-korallenfutter","8":"product_cat-neue-produkte","9":"pa_inhoud-250-ml-de","10":"pa_inhoud-50-ml-de","12":"first","13":"instock","14":"taxable","15":"shipping-taxable","16":"purchasable","17":"product-type-variable"},"acf":[],"brands":[{"id":2151,"name":"Tropic Marin","slug":"tropic-marin"}],"_links":{"self":[{"href":"https:\/\/www.seaflowerstore.com\/de\/wp-json\/wp\/v2\/product\/122957","targetHints":{"allow":["GET"]}}],"collection":[{"href":"https:\/\/www.seaflowerstore.com\/de\/wp-json\/wp\/v2\/product"}],"about":[{"href":"https:\/\/www.seaflowerstore.com\/de\/wp-json\/wp\/v2\/types\/product"}],"wp:featuredmedia":[{"embeddable":true,"href":"https:\/\/www.seaflowerstore.com\/de\/wp-json\/wp\/v2\/media\/122945"}],"wp:attachment":[{"href":"https:\/\/www.seaflowerstore.com\/de\/wp-json\/wp\/v2\/media?parent=122957"}],"wp:term":[{"taxonomy":"pwb-brand","embeddable":true,"href":"https:\/\/www.seaflowerstore.com\/de\/wp-json\/wp\/v2\/pwb-brand?post=122957"},{"taxonomy":"product_cat","embeddable":true,"href":"https:\/\/www.seaflowerstore.com\/de\/wp-json\/wp\/v2\/product_cat?post=122957"},{"taxonomy":"product_tag","embeddable":true,"href":"https:\/\/www.seaflowerstore.com\/de\/wp-json\/wp\/v2\/product_tag?post=122957"}],"curies":[{"name":"wp","href":"https:\/\/api.w.org\/{rel}","templated":true}]}}