{"id":122976,"date":"2024-08-06T17:49:30","date_gmt":"2024-08-06T15:49:30","guid":{"rendered":"https:\/\/www.seaflowerstore.com\/?post_type=product&#038;p=122976"},"modified":"2024-08-06T21:10:51","modified_gmt":"2024-08-06T19:10:51","slug":"focustronic-alkatronic-professional","status":"publish","type":"product","link":"https:\/\/www.seaflowerstore.com\/de\/focustronic-alkatronic-professional\/","title":{"rendered":"Focustronic Alkatronic Professional"},"content":{"rendered":"<h2>Focustronic Alkatronic Professional &#8211; Alkalinity Controller Measures Kh, PH, Temp<\/h2>\n<p>Alkatronic Pro ist ein vollst\u00e4ndig verbessertes Produkt f\u00fcr ernsthafte Riffliebhaber, das eine automatische \u00dcberwachung und Stabilisierung von Alkalinit\u00e4t, pH-Wert und jetzt auch Temperatur in Ihrem Riffsystem erm\u00f6glicht. Wir haben das Feedback unserer Benutzer ber\u00fccksichtigt, um das urspr\u00fcngliche Alkatronic zu verbessern, und es wird zum Standard sowohl f\u00fcr kommerzielle Aquarianer als auch f\u00fcr allt\u00e4gliche Riffpfleger.<\/p>\n<p>Alkalinit\u00e4t (KH) bezieht sich auf die Konzentration verschiedener negativ geladener ionischer Verbindungen wie Karbonate, Bikarbonate, Borate und Hydroxide im Aquarienwasser. Die Aufrechterhaltung der richtigen Alkalinit\u00e4t in Ihrem Aquarium ist entscheidend f\u00fcr die Aufrechterhaltung einer stabilen Meeresumwelt. Wenn der KH-Wert zu niedrig wird, kann der pH-Wert Ihres Aquarienwassers erheblich schwanken, was zu Stress oder sogar zum Verlust Ihrer Wasserlebewesen f\u00fchren kann.<\/p>\n<p>In Meerwasseraquarien wird normalerweise ein Alkalinit\u00e4tsgrad zwischen 7 und 10 dKH empfohlen, um einen stabilen pH-Wert aufrechtzuerhalten. Mit dem Alkatronic Professional (AT PRO) k\u00f6nnen Sie KH-Werte ganz einfach \u00fcberwachen und anpassen, und das bei minimalem Wartungsaufwand. So haben Sie mehr Zeit, sich an Ihren lebendigen, gesunden Aquarienbewohnern zu erfreuen.<\/p>\n<p>Der AT PRO testet nicht nur KH, sondern auch zwei weitere wichtige Parameter, die ernsthafte Risiken f\u00fcr Ihr Wasserleben darstellen k\u00f6nnen: pH-Wert und Temperatur. Benutzer k\u00f6nnen schnell auf die neuesten Testergebnisse zugreifen oder Tests unterwegs mithilfe unserer Sprachbefehlsfunktion starten, ohne zum Telefon greifen zu m\u00fcssen. Der Alkatronic PRO ist der erste KH-Controller auf dem Markt, der S\u00fc\u00dfwassersysteme, einschlie\u00dflich KOI, bepflanzte Becken und Hydrokultursysteme, testen und steuern kann.<\/p>\n<p>Der Alkatronic Professional ist ein eigenst\u00e4ndiges All-in-One-Produkt zur \u00dcberwachung und Stabilisierung des Alkalinit\u00e4tsniveaus in Riffaquariensystemen. Es korrigiert automatisch alle KH-Abweichungen, indem es Karbonate aus seiner eigenen Dosierpumpe dosiert oder eine Powertronic-Buchse (nicht im Lieferumfang enthalten) aktiviert.<\/p>\n<p><strong>Funktionen<\/strong><\/p>\n<ul>\n<li>All-in-One, eigenst\u00e4ndiger Alkalinit\u00e4tsregler<\/li>\n<li>Neu gestaltete Benutzeroberfl\u00e4che der App<\/li>\n<li>Neue WiFi-Verbindungsschnittstelle<\/li>\n<li>H\u00e4lt dKH unter oder \u00fcber dem gew\u00fcnschten Niveau<\/li>\n<li>\u00dcberwacht und ergreift Ma\u00dfnahmen f\u00fcr KH, pH und Temperatur<\/li>\n<li>Niveaus \u00fcber Dosetronic und\/oder Powertronic<\/li>\n<li>Hochpr\u00e4zise Schrittmotoren und ultraleise Gleichstrommotoren<\/li>\n<li>Geringer Wartungsaufwand<\/li>\n<li><strong>KEIN AKTIVER BNC-Ausgang<\/strong> mehr f\u00fcr externe KH-Signalinformationen<\/li>\n<\/ul>\n","protected":false},"excerpt":{"rendered":"<p>Focustronic Alkatronic Professional &#8211;\u00a0 Alkalinity Controller misst Kh, PH, Temp<\/p>\n","protected":false},"featured_media":122963,"template":"","meta":[],"pwb-brand":[2261],"product_cat":[1387,1407],"product_tag":[],"class_list":{"0":"post-122976","1":"product","2":"type-product","3":"status-publish","4":"has-post-thumbnail","6":"pwb-brand-focustronic","7":"product_cat-messsysteme","8":"product_cat-focustronic-de","10":"first","11":"instock","12":"taxable","13":"shipping-taxable","14":"purchasable","15":"product-type-simple"},"acf":[],"brands":[{"id":2261,"name":"Focustronic","slug":"focustronic"}],"_links":{"self":[{"href":"https:\/\/www.seaflowerstore.com\/de\/wp-json\/wp\/v2\/product\/122976","targetHints":{"allow":["GET"]}}],"collection":[{"href":"https:\/\/www.seaflowerstore.com\/de\/wp-json\/wp\/v2\/product"}],"about":[{"href":"https:\/\/www.seaflowerstore.com\/de\/wp-json\/wp\/v2\/types\/product"}],"wp:featuredmedia":[{"embeddable":true,"href":"https:\/\/www.seaflowerstore.com\/de\/wp-json\/wp\/v2\/media\/122963"}],"wp:attachment":[{"href":"https:\/\/www.seaflowerstore.com\/de\/wp-json\/wp\/v2\/media?parent=122976"}],"wp:term":[{"taxonomy":"pwb-brand","embeddable":true,"href":"https:\/\/www.seaflowerstore.com\/de\/wp-json\/wp\/v2\/pwb-brand?post=122976"},{"taxonomy":"product_cat","embeddable":true,"href":"https:\/\/www.seaflowerstore.com\/de\/wp-json\/wp\/v2\/product_cat?post=122976"},{"taxonomy":"product_tag","embeddable":true,"href":"https:\/\/www.seaflowerstore.com\/de\/wp-json\/wp\/v2\/product_tag?post=122976"}],"curies":[{"name":"wp","href":"https:\/\/api.w.org\/{rel}","templated":true}]}}