{"id":122991,"date":"2024-08-07T15:31:59","date_gmt":"2024-08-07T13:31:59","guid":{"rendered":"https:\/\/www.seaflowerstore.com\/?post_type=product&#038;p=122991"},"modified":"2024-08-07T15:36:55","modified_gmt":"2024-08-07T13:36:55","slug":"aquavital-kh-plus-caps-10-pcs","status":"publish","type":"product","link":"https:\/\/www.seaflowerstore.com\/de\/aquavital-kh-plus-caps-10-pcs\/","title":{"rendered":"Aquavital KH-Plus caps &#8211; 10 pcs"},"content":{"rendered":"<h2>Aquavital KH-Plus caps &#8211; 10 pcs<\/h2>\n<p><strong>AQUAVITAL KH-PLUS-CAPS<\/strong> sind dazu konzipiert, die Karbonath\u00e4rte sowohl in S\u00fc\u00df- als auch in Salzwasseraquarien auf unkomplizierte, schonende und effektive Weise zu erh\u00f6hen. Diese Karbonath\u00e4rte spielt eine entscheidende Rolle bei der Stabilisierung des pH-Werts und hilft, pl\u00f6tzliche pH-Schwankungen zu verhindern.<\/p>\n<p>Die Zugabe der Kapseln in Ihr Aquarium ist ein Kinderspiel. Bereits eine Kapsel erh\u00f6ht die Karbonath\u00e4rte von 40 Litern Aquarienwasser um 1 \u00b0 dKH.<\/p>\n<p>Die Aufrechterhaltung einer guten Wasserqualit\u00e4t ist f\u00fcr das biologische Gleichgewicht und die allgemeine Gesundheit Ihrer Zierfische von entscheidender Bedeutung. Daher ist es wichtig, die Wasserparameter regelm\u00e4\u00dfig zu \u00fcberpr\u00fcfen und bei Bedarf Korrekturma\u00dfnahmen zu ergreifen.<\/p>\n<p>Die Karbonath\u00e4rte ist ein Indikator f\u00fcr die pH-Pufferkapazit\u00e4t des Wassers, die zur Stabilisierung des pH-Werts beitr\u00e4gt. Bei niedriger Karbonath\u00e4rte kann der pH-Wert instabil werden, was zu abrupten \u00c4nderungen f\u00fchrt. F\u00fcr die meisten Aquarien oder Gartenteiche liegt die ideale Karbonath\u00e4rte zwischen 4 und 8 \u00b0dKH, wodurch starke pH-Schwankungen wirksam verhindert werden.<\/p>\n<p>Es ist wichtig zu bedenken, dass pH-Werte logarithmisch sind. Dies bedeutet, dass eine \u00c4nderung des pH-Werts um eine Einheit einen zehnfachen Unterschied im S\u00e4uregehalt darstellt. Beispielsweise ist Wasser mit einem pH-Wert von 6 zehnmal saurer als Wasser mit einem pH-Wert von 7. Daher ist es wichtig, gro\u00dfe pH-Schwankungen zu vermeiden.<\/p>\n<p>Um die optimale Karbonath\u00e4rte f\u00fcr die meisten S\u00fc\u00dfwasseraquarien einfach zu erreichen, scannen Sie einfach den bereitgestellten QR-Code und verwenden Sie den Online-Dosierungsrechner, um die richtige Dosierung zu ermitteln.<\/p>\n","protected":false},"excerpt":{"rendered":"<p>Aquavital KH-Plus caps erh\u00f6ht die Karbonath\u00e4rte in S\u00fc\u00df- und Meerwasseraquarien<\/p>\n","protected":false},"featured_media":122988,"template":"","meta":[],"pwb-brand":[2225],"product_cat":[1486,1391],"product_tag":[],"class_list":{"0":"post-122991","1":"product","2":"type-product","3":"status-publish","4":"has-post-thumbnail","6":"pwb-brand-aquarium-munster","7":"product_cat-zusatzstoffe","8":"product_cat-ergaenzungen","10":"first","11":"instock","12":"taxable","13":"shipping-taxable","14":"purchasable","15":"product-type-simple"},"acf":[],"brands":[{"id":2225,"name":"Aquarium M\u00fcnster","slug":"aquarium-munster"}],"_links":{"self":[{"href":"https:\/\/www.seaflowerstore.com\/de\/wp-json\/wp\/v2\/product\/122991","targetHints":{"allow":["GET"]}}],"collection":[{"href":"https:\/\/www.seaflowerstore.com\/de\/wp-json\/wp\/v2\/product"}],"about":[{"href":"https:\/\/www.seaflowerstore.com\/de\/wp-json\/wp\/v2\/types\/product"}],"wp:featuredmedia":[{"embeddable":true,"href":"https:\/\/www.seaflowerstore.com\/de\/wp-json\/wp\/v2\/media\/122988"}],"wp:attachment":[{"href":"https:\/\/www.seaflowerstore.com\/de\/wp-json\/wp\/v2\/media?parent=122991"}],"wp:term":[{"taxonomy":"pwb-brand","embeddable":true,"href":"https:\/\/www.seaflowerstore.com\/de\/wp-json\/wp\/v2\/pwb-brand?post=122991"},{"taxonomy":"product_cat","embeddable":true,"href":"https:\/\/www.seaflowerstore.com\/de\/wp-json\/wp\/v2\/product_cat?post=122991"},{"taxonomy":"product_tag","embeddable":true,"href":"https:\/\/www.seaflowerstore.com\/de\/wp-json\/wp\/v2\/product_tag?post=122991"}],"curies":[{"name":"wp","href":"https:\/\/api.w.org\/{rel}","templated":true}]}}