{"id":123007,"date":"2024-08-07T15:58:20","date_gmt":"2024-08-07T13:58:20","guid":{"rendered":"https:\/\/www.seaflowerstore.com\/?post_type=product&#038;p=123007"},"modified":"2024-08-07T16:49:14","modified_gmt":"2024-08-07T14:49:14","slug":"dd-single-channel-dosing-pump-plus","status":"publish","type":"product","link":"https:\/\/www.seaflowerstore.com\/de\/dd-single-channel-dosing-pump-plus\/","title":{"rendered":"DD Single Channel Dosing Pump Plus"},"content":{"rendered":"<h2>DD Single Channel Dosing Pump Plus Version provide a simple, flexible and precise method of adding liquid supplement additions to your aquarium<\/h2>\n<p><big>P1+<\/big> Die D-D P1+ ist eine appgesteuerte Dosierpumpe, die WiFi- und Bluetooth-Protokolle f\u00fcr eine einfache Verbindung mit einem drahtlosen Netzwerk oder direkt mit Ihrem Mobilger\u00e4t verwendet. Mit ihrem kompakten Design bietet sie eine unkomplizierte, flexible und pr\u00e4zise M\u00f6glichkeit, Ihrem Aquarium fl\u00fcssige Erg\u00e4nzungsmittel hinzuzuf\u00fcgen. Diese intelligenten Pumpen sind eine Zusammenarbeit zwischen D-D und Kamoer, einem Unternehmen, das f\u00fcr die Herstellung hochwertiger Dosierger\u00e4te in medizinischer Qualit\u00e4t bekannt ist, und stellen sicher, dass Sie ein zuverl\u00e4ssiges und langlebiges Produkt erhalten.<\/p>\n<p><strong>Aggressive Chemikalien:<\/strong> Die mit unseren Pumpen mitgelieferten Pumpenk\u00f6pfe und Schl\u00e4uche sind f\u00fcr den Umgang mit bestimmten aggressiven Chemikalien ausgelegt, die h\u00e4ufig in Aquarien verwendet werden, wie z. B. Jod und Reef Zlements pH Plus. Dies ist bei anderen Herstellern m\u00f6glicherweise nicht der Fall. Sie ist f\u00fcr Salzwasseraquarienzus\u00e4tze oder f\u00fcr ein S\u00fc\u00dfwasseraquarium mit Pflanzen geeignet, das Pflanzenerg\u00e4nzungsmittel ben\u00f6tigt.<\/p>\n<p><strong>HINWEIS:<\/strong> Diese Pumpe ist nicht f\u00fcr die Versorgung eines Kalkreaktors oder \u00e4hnlicher Produkte ausgelegt, die rund um die Uhr einen kontinuierlichen Durchfluss erfordern. Zu diesem Zweck empfehlen wir den D-D P1-STP.<\/p>\n<div class=\"col-xs-12\">\n<h3 class=\"sub-title increase- decrease-\">Spezifikationen<\/h3>\n<\/div>\n<div class=\"col-sm-4\">\n<ul>\n<li>Einzeldosierkopf<\/li>\n<li>Wi-Fi- und Bluetooth-Konnektivit\u00e4t<\/li>\n<li>Einstellbares Dosiervolumen 0,1 ml \u2013 9999 ml<\/li>\n<li>Dosiergenauigkeit &lt; +\/- 2 %<\/li>\n<li>Abmessungen 100 mm (L) x 95 mm (B) x 60 mm (H)<\/li>\n<\/ul>\n<\/div>\n<div class=\"col-xs-12\">\n<h4 class=\"sub-title increase- decrease-\"><strong>Funktionen<\/strong><\/h4>\n<\/div>\n<div class=\"col-sm-6\">\n<ul>\n<li>Kleiner Formfaktor<\/li>\n<li>Direkte oder Cloud-Steuerung \u00fcber die Kamoer Remote App (iOS und Android)<\/li>\n<li>Hochwertige Pharmed\u00ae-Langzeitschl\u00e4uche im Pumpenkopf<\/li>\n<li>Mehrere P1+-Einheiten k\u00f6nnen in Reihe geschaltet werden, um eine Stromversorgung zu verwenden<\/li>\n<li>Kalibrierungsfunktion<\/li>\n<li>Batterie-Backup \u2013 beh\u00e4lt die richtige Zeit bei Stromausfall bei<\/li>\n<li>Pumpenkopf kann in 4 Richtungen gedreht werden Positionen<\/li>\n<\/ul>\n<\/div>\n<div class=\"col-xs-12\">\n<h4 class=\"sub-title increase- decrease-\"><strong>Daisy-Chaining-Einheiten<\/strong><\/h4>\n<p>Bei Aquarien mit mehreren Ger\u00e4ten kann die Anzahl der Steckdosen begrenzt sein und herumliegende Kabel k\u00f6nnen Ihren Schrank \u00fcberladen. Die P1+-Pumpen erm\u00f6glichen die Reihenschaltung von zwei oder drei Einheiten, sodass f\u00fcr den Betrieb aller Einheiten nur ein Netzteil erforderlich ist. Diese Konfiguration ist auch energieeffizienter, da Sie nicht f\u00fcr jede Einheit einen Transformatorstecker ben\u00f6tigen.<\/p>\n<\/div>\n<div class=\"col-xs-12\">\n<h3 class=\"sub-title increase- decrease-\"><strong>App-Funktionen<\/strong><\/h3>\n<p>Die D-D P1+ wird vollst\u00e4ndig per App \u00fcber Ihr Smartphone oder Tablet gesteuert. Die App kann kostenlos heruntergeladen werden und ist sowohl f\u00fcr iOS als auch f\u00fcr Android verf\u00fcgbar. Mit der Kamoer Remote-App k\u00f6nnen Sie die Pumpe \u00fcber Ihren Heimrouter verbinden und so von \u00fcberall auf der Welt darauf zugreifen oder eine lokale Verbindung \u00fcber Bluetooth nutzen. Beide Optionen bieten vollen Zugriff auf die flexiblen Einstellungen des D-D P1+.<\/p>\n<p>Die App erm\u00f6glicht die Kalibrierung des Pumpenkopfes, Firmware-Updates (bei Verbindung \u00fcber einen Heimrouter) und die Programmierung von Dosierpl\u00e4nen oder einmaligen manuellen Dosen.<\/p>\n<p><strong>Zu den App-Steuerungsfunktionen geh\u00f6ren:<\/strong><\/p>\n<ul>\n<li>Manuelle Dosierung oder automatischer Zeitplanmodus<\/li>\n<li>1-24 Dosen pro Tag<\/li>\n<li>Programmierbare Dosierungszeitr\u00e4ume und -zeiten<\/li>\n<li>Dosierungsh\u00e4ufigkeit kann auf t\u00e4glich, alle \u201eX\u201c Tage oder bestimmte Tage eingestellt werden<\/li>\n<li>Benutzerdefinierte Verz\u00f6gerung gegen chemische St\u00f6rungen<\/li>\n<li>Berechnet die verbleibende Fl\u00fcssigkeit im Dosierbeh\u00e4lter<\/li>\n<li>Dosierungsaufzeichnung in der App bei Verbindung mit der Cloud<\/li>\n<li>Pumpen- und Dosierprogrammnamen k\u00f6nnen vom Benutzer ge\u00e4ndert werden<\/li>\n<\/ul>\n<\/div>\n<div class=\"col-xs-12\">\n<h2 class=\"sub-title increase- decrease-\">Lieferumfang<\/h2>\n<p>P1+ Pumpeneinheit, P1+ Pumpenkopf, Daisy-Chain-Verbindungskabel, 5-ml-Messzylinder, 2 x Schlauchverbinder, 2 m durchsichtiger Schlauch 3\/5 mm, 12 V 1 A Netzteil, UK- und Euro-Adapter f\u00fcr das Netzteil.<\/p>\n<p><img loading=\"lazy\" decoding=\"async\" src=\"https:\/\/www.theaquariumsolution.com\/sites\/default\/files\/one-column-images\/P1%20Plus%20Whats%20in%20the%20box%20copy.jpg\" alt=\"Lieferumfang P1 Plus\" width=\"483\" height=\"315\" \/>\n<\/div>\n","protected":false},"excerpt":{"rendered":"<p>DD Single Channel Dosing Pump Plus Version bieten eine einfache, flexible und pr\u00e4zise Methode zur Zugabe von fl\u00fcssigen Erg\u00e4nzungsmitteln in Ihr Aquarium<\/p>\n<p><span style=\"font-size: 23.04px; color: #333333;\">\u00a0<\/span><\/p>\n","protected":false},"featured_media":122998,"template":"","meta":[],"pwb-brand":[2137],"product_cat":[1406],"product_tag":[],"class_list":{"0":"post-123007","1":"product","2":"type-product","3":"status-publish","4":"has-post-thumbnail","6":"pwb-brand-d-d-the-aquarium-solution","7":"product_cat-dosierpumpen","9":"first","10":"outofstock","11":"taxable","12":"shipping-taxable","13":"purchasable","14":"product-type-simple"},"acf":[],"brands":[{"id":2137,"name":"D-D the aquarium solution","slug":"d-d-the-aquarium-solution"}],"_links":{"self":[{"href":"https:\/\/www.seaflowerstore.com\/de\/wp-json\/wp\/v2\/product\/123007","targetHints":{"allow":["GET"]}}],"collection":[{"href":"https:\/\/www.seaflowerstore.com\/de\/wp-json\/wp\/v2\/product"}],"about":[{"href":"https:\/\/www.seaflowerstore.com\/de\/wp-json\/wp\/v2\/types\/product"}],"wp:featuredmedia":[{"embeddable":true,"href":"https:\/\/www.seaflowerstore.com\/de\/wp-json\/wp\/v2\/media\/122998"}],"wp:attachment":[{"href":"https:\/\/www.seaflowerstore.com\/de\/wp-json\/wp\/v2\/media?parent=123007"}],"wp:term":[{"taxonomy":"pwb-brand","embeddable":true,"href":"https:\/\/www.seaflowerstore.com\/de\/wp-json\/wp\/v2\/pwb-brand?post=123007"},{"taxonomy":"product_cat","embeddable":true,"href":"https:\/\/www.seaflowerstore.com\/de\/wp-json\/wp\/v2\/product_cat?post=123007"},{"taxonomy":"product_tag","embeddable":true,"href":"https:\/\/www.seaflowerstore.com\/de\/wp-json\/wp\/v2\/product_tag?post=123007"}],"curies":[{"name":"wp","href":"https:\/\/api.w.org\/{rel}","templated":true}]}}