{"id":123188,"date":"2024-08-30T14:04:41","date_gmt":"2024-08-30T12:58:19","guid":{"rendered":"https:\/\/www.seaflowerstore.com\/?post_type=product&#038;p=123188"},"modified":"2025-10-12T14:59:20","modified_gmt":"2025-10-12T12:59:20","slug":"aquaforest-af-polyp-up-50-ml","status":"publish","type":"product","link":"https:\/\/www.seaflowerstore.com\/de\/aquaforest-af-polyp-up-50-ml\/","title":{"rendered":"AquaForest AF Polyp Up &#8211; 50 ml"},"content":{"rendered":"<h2>AquaForest AF Polyp Up &#8211; 50 ml is an excellent nutritional supplement for corals, especially SPS corals<\/h2>\n<p>Polyp-up ist ein fantastisches Nahrungserg\u00e4nzungsmittel, das speziell f\u00fcr Korallen entwickelt wurde, mit besonderem Fokus auf SPS-Korallen. <strong>Dieses Produkt verbessert das Aussehen und die Farbe von Polypenausl\u00e4ufern.<\/strong> Dank seiner einzigartigen Formel unterst\u00fctzt <strong>Polyp-up auch das Gewebewachstum und st\u00e4rkt die Immunit\u00e4t der Korallen.<\/strong><\/p>\n<p>Polyp-up <strong>ist eine Quelle f\u00fcr unges\u00e4ttigte Omega-3- und Omega-6-Fetts\u00e4uren, Vitamine und Aminos\u00e4uren.<\/strong> L\u00e4ngere Polypenausl\u00e4ufer erm\u00f6glichen es Korallen, Nahrung effektiver aus dem Wasser zu sammeln. Dies verbessert nicht nur die S\u00e4ttigung, sondern <strong>f\u00f6rdert auch die Aufnahme von N\u00e4hrstoffen<\/strong>, beschleunigt das Gewebewachstum und die Entwicklung von Korallenskeletten.<\/p>\n<p><strong>Die Antioxidantien in Polyp-up verbessern die Korallenf\u00e4rbung,<\/strong> insbesondere bei gelben und orangen Farbt\u00f6nen. Dieses Produkt enth\u00e4lt Antioxidantien, die <strong>empfindliches Korallengewebe vor Sch\u00e4den durch freie Radikale sch\u00fctzen.<\/strong> Stressbedingungen wie Lichtver\u00e4nderungen, Abtrennen von Fragmenten und UV-Strahlung k\u00f6nnen zur Freisetzung dieser sch\u00e4dlichen Substanzen f\u00fchren.<\/p>\n<p>Polyp-up <strong>enth\u00e4lt lebenswichtige Mikroelemente<\/strong>, darunter Eisen, Zink, Mangan und Jod, die f\u00fcr verschiedene Stoffwechselprozesse unerl\u00e4sslich sind.<\/p>\n<p><strong>Was ist das Besondere an diesem Produkt?<\/strong><\/p>\n<ul>\n<li>Dehnt Polypen aus<\/li>\n<li>Intensiviert die Pigmentierung<\/li>\n<li>Stimuliert die N\u00e4hrstoffaufnahme<\/li>\n<li>St\u00e4rkt die Immunit\u00e4t<\/li>\n<li>Unterst\u00fctzt den Skelettaufbau<\/li>\n<li>Enth\u00e4lt lebenswichtige Mikroelemente<\/li>\n<\/ul>\n<p><strong>Gut zu wissen:<\/strong> Dieses Produkt ist nur f\u00fcr die Verwendung im Aquarium bestimmt. Es sollte an einem trockenen, k\u00fchlen Ort und au\u00dferhalb der Reichweite von Kindern aufbewahrt werden.<\/p>\n<h3><strong>Dosierung:<\/strong><\/h3>\n<p>In Anbetracht der Ern\u00e4hrungsweise von Korallen empfehlen wir, Polyp-up bei eingeschaltetem Licht zu verwenden. Vor Gebrauch bitte gut sch\u00fctteln. Die empfohlene Dosierung ist <strong>1 Tropfen pro 100 Liter Aquarienwasser.<\/strong> Wir empfehlen, Korallen etwa 15 Minuten nach der Verabreichung von Polyp-up mit einer Mischung aus AF Pure Food, AF Growth Boost und AF Power Food zu f\u00fcttern.<\/p>\n","protected":false},"excerpt":{"rendered":"<p>AquaForest AF Polyp Up &#8211; 50 ml ist ein ausgezeichnetes Nahrungserg\u00e4nzungsmittel f\u00fcr Korallen, insbesondere f\u00fcr SPS-Korallen<\/p>\n","protected":false},"featured_media":123183,"template":"","meta":[],"pwb-brand":[2199],"product_cat":[1391,1414,1436],"product_tag":[],"class_list":{"0":"post-123188","1":"product","2":"type-product","3":"status-publish","4":"has-post-thumbnail","6":"pwb-brand-aquaforest","7":"product_cat-ergaenzungen","8":"product_cat-aquaforest-de","9":"product_cat-korallenfutter","11":"first","12":"instock","13":"sale","14":"taxable","15":"shipping-taxable","16":"purchasable","17":"product-type-simple"},"acf":[],"brands":[{"id":2199,"name":"Aquaforest","slug":"aquaforest"}],"_links":{"self":[{"href":"https:\/\/www.seaflowerstore.com\/de\/wp-json\/wp\/v2\/product\/123188","targetHints":{"allow":["GET"]}}],"collection":[{"href":"https:\/\/www.seaflowerstore.com\/de\/wp-json\/wp\/v2\/product"}],"about":[{"href":"https:\/\/www.seaflowerstore.com\/de\/wp-json\/wp\/v2\/types\/product"}],"wp:featuredmedia":[{"embeddable":true,"href":"https:\/\/www.seaflowerstore.com\/de\/wp-json\/wp\/v2\/media\/123183"}],"wp:attachment":[{"href":"https:\/\/www.seaflowerstore.com\/de\/wp-json\/wp\/v2\/media?parent=123188"}],"wp:term":[{"taxonomy":"pwb-brand","embeddable":true,"href":"https:\/\/www.seaflowerstore.com\/de\/wp-json\/wp\/v2\/pwb-brand?post=123188"},{"taxonomy":"product_cat","embeddable":true,"href":"https:\/\/www.seaflowerstore.com\/de\/wp-json\/wp\/v2\/product_cat?post=123188"},{"taxonomy":"product_tag","embeddable":true,"href":"https:\/\/www.seaflowerstore.com\/de\/wp-json\/wp\/v2\/product_tag?post=123188"}],"curies":[{"name":"wp","href":"https:\/\/api.w.org\/{rel}","templated":true}]}}