{"id":123205,"date":"2024-09-01T13:51:55","date_gmt":"2024-09-01T11:51:55","guid":{"rendered":"https:\/\/www.seaflowerstore.com\/?post_type=product&#038;p=123205"},"modified":"2024-09-01T13:56:12","modified_gmt":"2024-09-01T11:56:12","slug":"tropic-marin-plus-np-250ml","status":"publish","type":"product","link":"https:\/\/www.seaflowerstore.com\/de\/tropic-marin-plus-np-250ml\/","title":{"rendered":"Tropic Marin Plus-NP 250ml"},"content":{"rendered":"<h2>Tropic Marin Plus-NP 250ml Liquid concentrate for supplying important nutrients for corals<\/h2>\n<p>Damit Korallen wirklich gedeihen k\u00f6nnen, ben\u00f6tigen sie bestimmte Mindestmengen an Phosphaten und Stickstoffverbindungen, um ihren Stoffwechsel und den ihrer Zooxanthellen zu unterst\u00fctzen. Aquarien, die mit sehr n\u00e4hrstoffarmen Systemen (ULNS) betrieben werden, k\u00e4mpfen h\u00e4ufig mit einem Mangel an diesen lebenswichtigen Verbindungen.<\/p>\n<p><strong>Tropic Marin Plus-NP<\/strong> liefert Phosphate und Stickstoffverbindungen in Konzentrationen, die speziell auf die Bed\u00fcrfnisse von Korallen abgestimmt sind. Da diese N\u00e4hrstoffe an eine organische Energiequelle gebunden sind, k\u00f6nnen Korallen sie effizienter verwerten als bei anorganischen N\u00e4hrsalzzus\u00e4tzen. Diese Methode tr\u00e4gt dazu bei, N\u00e4hrstoffverluste durch Denitrifikation und Adsorption zu reduzieren, M\u00e4ngel bei Korallen zu vermeiden und gesundes Wachstum zu f\u00f6rdern.<\/p>\n<p>Das Fl\u00fcssigkonzentrat Plus-NP ist benutzerfreundlich und kann manuell oder mit Dosierpumpen angewendet werden.<\/p>\n<h3>Vorteile:<\/h3>\n<ul>\n<li>Eine hochkonzentrierte Phosphat- und Stickstoffl\u00f6sung zur Linderung von N\u00e4hrstoffbeschr\u00e4nkungen bei Korallen.<\/li>\n<li>Speziell f\u00fcr Riffaquarien mit sehr n\u00e4hrstoffarmen Systemen (ULNS) entwickelt.<\/li>\n<li>Geeignet f\u00fcr Aquarien mit Weichkorallen, LPS und SPS.<\/li>\n<li>Leicht zu dosierende Fl\u00fcssigl\u00f6sung.<\/li>\n<li>Kompatibel mit manueller Dosierung und Dosierpumpen.<\/li>\n<\/ul>\n<h3>Anwendung:<\/h3>\n<p>Zur Verwendung den Pumpenkopf gegen den Uhrzeigersinn drehen, bis er Freisetzungen. Geben Sie t\u00e4glich 1 ml (1 Pumpsto\u00df) pro 100 Liter (26 US-Gallonen) Aquarienvolumen hinzu, bis die N\u00e4hrstoffbegrenzung f\u00fcr die Korallen behoben ist und sie normales Wachstum und normale F\u00e4rbung zeigen k\u00f6nnen.<\/p>\n<p><strong>Maximaldosis:<\/strong> 1 ml pro 100 Liter (26 US-Gallonen) Aquarienvolumen t\u00e4glich. Dieses Produkt ist sowohl f\u00fcr die manuelle Dosierung als auch f\u00fcr Dosierpumpen geeignet. Bitte lagern Sie die Flasche dicht verschlossen an einem k\u00fchlen, dunklen Ort!<\/p>\n","protected":false},"excerpt":{"rendered":"<p>Tropic Marin Plus-NP 250ml Fl\u00fcssiges Konzentrat zur Versorgung der Korallen mit wichtigen N\u00e4hrstoffen<\/p>\n","protected":false},"featured_media":123203,"template":"","meta":[],"pwb-brand":[2151],"product_cat":[1391,1385],"product_tag":[],"class_list":{"0":"post-123205","1":"product","2":"type-product","3":"status-publish","4":"has-post-thumbnail","6":"pwb-brand-tropic-marin","7":"product_cat-ergaenzungen","8":"product_cat-neue-produkte","10":"first","11":"instock","12":"taxable","13":"shipping-taxable","14":"purchasable","15":"product-type-simple"},"acf":[],"brands":[{"id":2151,"name":"Tropic Marin","slug":"tropic-marin"}],"_links":{"self":[{"href":"https:\/\/www.seaflowerstore.com\/de\/wp-json\/wp\/v2\/product\/123205","targetHints":{"allow":["GET"]}}],"collection":[{"href":"https:\/\/www.seaflowerstore.com\/de\/wp-json\/wp\/v2\/product"}],"about":[{"href":"https:\/\/www.seaflowerstore.com\/de\/wp-json\/wp\/v2\/types\/product"}],"wp:featuredmedia":[{"embeddable":true,"href":"https:\/\/www.seaflowerstore.com\/de\/wp-json\/wp\/v2\/media\/123203"}],"wp:attachment":[{"href":"https:\/\/www.seaflowerstore.com\/de\/wp-json\/wp\/v2\/media?parent=123205"}],"wp:term":[{"taxonomy":"pwb-brand","embeddable":true,"href":"https:\/\/www.seaflowerstore.com\/de\/wp-json\/wp\/v2\/pwb-brand?post=123205"},{"taxonomy":"product_cat","embeddable":true,"href":"https:\/\/www.seaflowerstore.com\/de\/wp-json\/wp\/v2\/product_cat?post=123205"},{"taxonomy":"product_tag","embeddable":true,"href":"https:\/\/www.seaflowerstore.com\/de\/wp-json\/wp\/v2\/product_tag?post=123205"}],"curies":[{"name":"wp","href":"https:\/\/api.w.org\/{rel}","templated":true}]}}