{"id":123300,"date":"2024-09-12T19:41:55","date_gmt":"2024-09-12T17:41:55","guid":{"rendered":"https:\/\/www.seaflowerstore.com\/?post_type=product&#038;p=123300"},"modified":"2024-09-12T19:45:53","modified_gmt":"2024-09-12T17:45:53","slug":"aqua-medic-t-controller-twin-2-0-pro","status":"publish","type":"product","link":"https:\/\/www.seaflowerstore.com\/de\/aqua-medic-t-controller-twin-2-0-pro\/","title":{"rendered":"Aqua Medic T controller twin 2.0 PRO"},"content":{"rendered":"<h2>Aqua Medic T controller twin 2.0 PRO Digital temperature monitor and controller, for controlling and monitoring of heating systems and cooling units simultaneously<\/h2>\n<p>Der <strong>T Controller twin 2.0 PRO<\/strong> eignet sich hervorragend f\u00fcr die Steuerung von Heizsystemen und K\u00fchlger\u00e4ten. Er \u00fcberzeugt durch eine pr\u00e4zise Mess- und Schaltgenauigkeit von <strong>0,1 \u00b0C<\/strong>, einen Regelbereich von <strong>4 &#8211; 40 \u00b0C<\/strong> und die M\u00f6glichkeit, Werte in Schritten von <strong>0,1 \u00b0C<\/strong> einzustellen.<\/p>\n<p>Mit einer maximalen Belastbarkeit von <strong>2.000 Watt<\/strong> f\u00fcr Heizsysteme und <strong>1.000 Watt<\/strong> f\u00fcr K\u00fchlger\u00e4te ist dieser Regler vielseitig einsetzbar. Dank der integrierten Doppelsteckdose k\u00f6nnen Sie bequem sowohl ein Heizsystem als auch ein K\u00fchlger\u00e4t gleichzeitig anschlie\u00dfen.<\/p>\n<p>Der <strong>T Controller twin 2.0 PRO<\/strong> ist mit einem wasserdichten Temperaturf\u00fchler ausgestattet und sorgt so f\u00fcr Langlebigkeit und Zuverl\u00e4ssigkeit. Das LCD-Display bietet sofortigen Einblick in die aktuelle Temperatur und erm\u00f6glicht die einfache Anpassung von Minimal- und Maximalwerten. Au\u00dferdem verf\u00fcgt es \u00fcber die Schutzklasse <strong>IP 65<\/strong> f\u00fcr zus\u00e4tzliche Sicherheit.<\/p>\n<p><strong>Inkl. 10 m Sensorkabel<\/strong><\/p>\n","protected":false},"excerpt":{"rendered":"<p>Aqua Medic T controller twin 2.0 PRO Digital temperature monitor and controller, for controlling and monitoring of heating systems and cooling units simultaneously<\/p>\n","protected":false},"featured_media":123291,"template":"","meta":[],"pwb-brand":[2149],"product_cat":[1536,1421,1385],"product_tag":[],"class_list":{"0":"post-123300","1":"product","2":"type-product","3":"status-publish","4":"has-post-thumbnail","6":"pwb-brand-aqua-medic","7":"product_cat-thermometer","8":"product_cat-aqua-medic-de","9":"product_cat-neue-produkte","11":"first","12":"instock","13":"taxable","14":"shipping-taxable","15":"purchasable","16":"product-type-simple"},"acf":[],"brands":[{"id":2149,"name":"Aqua Medic","slug":"aqua-medic"}],"_links":{"self":[{"href":"https:\/\/www.seaflowerstore.com\/de\/wp-json\/wp\/v2\/product\/123300","targetHints":{"allow":["GET"]}}],"collection":[{"href":"https:\/\/www.seaflowerstore.com\/de\/wp-json\/wp\/v2\/product"}],"about":[{"href":"https:\/\/www.seaflowerstore.com\/de\/wp-json\/wp\/v2\/types\/product"}],"wp:featuredmedia":[{"embeddable":true,"href":"https:\/\/www.seaflowerstore.com\/de\/wp-json\/wp\/v2\/media\/123291"}],"wp:attachment":[{"href":"https:\/\/www.seaflowerstore.com\/de\/wp-json\/wp\/v2\/media?parent=123300"}],"wp:term":[{"taxonomy":"pwb-brand","embeddable":true,"href":"https:\/\/www.seaflowerstore.com\/de\/wp-json\/wp\/v2\/pwb-brand?post=123300"},{"taxonomy":"product_cat","embeddable":true,"href":"https:\/\/www.seaflowerstore.com\/de\/wp-json\/wp\/v2\/product_cat?post=123300"},{"taxonomy":"product_tag","embeddable":true,"href":"https:\/\/www.seaflowerstore.com\/de\/wp-json\/wp\/v2\/product_tag?post=123300"}],"curies":[{"name":"wp","href":"https:\/\/api.w.org\/{rel}","templated":true}]}}