{"id":123309,"date":"2024-09-13T13:11:13","date_gmt":"2024-09-13T11:11:13","guid":{"rendered":"https:\/\/www.seaflowerstore.com\/?post_type=product&#038;p=123309"},"modified":"2024-09-13T13:18:00","modified_gmt":"2024-09-13T11:18:00","slug":"tropic-marin-o-megavital-cbd","status":"publish","type":"product","link":"https:\/\/www.seaflowerstore.com\/de\/tropic-marin-o-megavital-cbd\/","title":{"rendered":"Tropic Marin O-Megavital CBD"},"content":{"rendered":"<h2>Tropic Marin O-Megavital CBD &#8211; 75 g Complete food with marine algae and CBD for marine ornamental fish<\/h2>\n<p>Tropic Marin O-Megavital CBD bietet die erstaunlichen Vorteile von CBD (Cannabidiol) f\u00fcr Meeresfische in einem hochwertigen Granulatformat. Dieses einzigartige Cannabinoid, das aus Hanfpflanzen gewonnen wird, hilft, aggressives Verhalten bei Fischen zu reduzieren und f\u00f6rdert gleichzeitig positive physiologische Funktionen. Es verf\u00fcgt au\u00dferdem \u00fcber antioxidative und entz\u00fcndungshemmende Eigenschaften, die die Regenerationsf\u00e4higkeit verbessern, Zeichen der Alterung verringern und zu einem l\u00e4ngeren Leben Ihrer Wasserfreunde beitragen.<\/p>\n<p>Wichtig ist, dass CBD keine berauschende Wirkung hat und nicht zu Suchtverhalten f\u00fchrt.<\/p>\n<p>In freier Wildbahn k\u00f6nnen Fische aus einem vielf\u00e4ltigen Angebot das nahrhafteste und schmackhafteste Futter ausw\u00e4hlen. Daher ben\u00f6tigen anspruchsvolle Salzwasserfische in einem Aquarium hochwertiges Futter, das ein gesundes Gleichgewicht an N\u00e4hrstoffen und Vitaminen bietet.<\/p>\n<p>Tropic Marin O-Megavital CBD wird aus erstklassigem skandinavischen Wildfisch und wertvollen Meeresalgen hergestellt. Dank schonender Herstellungsverfahren bleiben die lebenswichtigen Vitamine, mehrfach unges\u00e4ttigten Fetts\u00e4uren und der nat\u00fcrliche Geschmack des Futters erhalten. Die in Tropic Marin O-Megavital CBD enthaltenen Meeresalgen decken den Bedarf der Fische an Jod und Spurenelementen und f\u00f6rdern eine gesunde Darmflora. Dadurch bleiben die Fische munter und zeigen ihre leuchtenden Farben. Ausgew\u00e4hlte Fisch\u00f6le liefern die n\u00f6tige Energie und optimieren gleichzeitig den Stoffwechsel, wodurch sch\u00e4dliche Nebenprodukte wie Ammonium vermieden werden. Das Granulat ist so konzipiert, dass es lange stabil bleibt und langsam sinkt, wodurch sichergestellt wird, dass Fische in verschiedenen Tiefen ausreichend N\u00e4hrstoffe erhalten.<\/p>\n<h3>Vorteile<\/h3>\n<ul>\n<li>CBD z\u00fcgelt aggressives Verhalten und beeinflusst physiologische Werte positiv. Antioxidative und entz\u00fcndungshemmende Wirkungen verbessern die Regenerationsf\u00e4higkeit, was insbesondere f\u00fcr Fische w\u00e4hrend des Transports von Vorteil ist.<\/li>\n<li>Reduzierung von Alterserscheinungen und Erh\u00f6hung der Lebenserwartung durch die Wirkung von CBD.<\/li>\n<li>Ein ausgewogenes Verh\u00e4ltnis von Proteinen und Fetten.<\/li>\n<li>Reich an Jod, Spurenelementen, mehrfach unges\u00e4ttigten Fetts\u00e4uren und Vitaminen.<\/li>\n<li>Fisch\u00f6le liefern die ben\u00f6tigte Energie und minimieren gleichzeitig die Wasserverschmutzung.<\/li>\n<li>Fische zeigen ihre sch\u00f6nen Farben.<\/li>\n<li>Das Granulat bleibt lange stabil und sinkt allm\u00e4hlich.<\/li>\n<li>CBD ist nicht berauschend und f\u00fchrt nicht zu Suchtverhalten.<\/li>\n<\/ul>\n<p><strong>Zutaten:<\/strong> Fischmehl, Fisch\u00f6l, Weizen, Kartoffelprotein, hydrolysiertes Fischprotein, Krillmehl, Sojakonzentrat, Tapiokast\u00e4rke, Meeresalgen (Ascophyllum nodosum) (2%), Hanfmehl (enth\u00e4lt ca. 0,05% CBD), Hefeextrakt.<\/p>\n<p><strong>Zusatzstoffe:<\/strong> Spurenelemente: 3b413 Kupfer(II)-Glycinchelathydrat 1,8 mg\/kg, 3b506 Glycinmanganchelathydrat 14,4 mg\/kg, 3b607 Glycinzinkchelathydrat 92,3 mg\/kg, 3b202 Calciumjodat 2,1 mg\/kg. Sensorische Zusatzstoffe 2a161j Astaxanthin 4,8 mg\/kg. Antioxidantien: E320 BHA 110,6 mg\/kg, E310 Propylgallat 32,7 mg\/kg. Zootechnische Zusatzstoffe: 4.d.1712 Pediococcus acidilactici (2885 KBE\/mg).<\/p>\n<p><strong>Analyse:<\/strong> Rohprotein 54%, Rohfett 16%, Rohasche 11%, Rohfaser 6%, Feuchtigkeit 6%, Phosphor 1,3%, Calcium 1,5-3%, Natrium 1,5%.<\/p>\n<p><strong>Brennwert:<\/strong> 22000 kJ\/kg.<\/p>\n<h4><strong>F\u00fctterungsempfehlung:<\/strong> Mehrmals t\u00e4glich f\u00fcttern und dabei so viel Futter ins Wasser geben, wie die Fische in kurzer Zeit aufnehmen k\u00f6nnen.<\/h4>\n","protected":false},"excerpt":{"rendered":"<p>Tropic Marin O-Megavital CBD &#8211; 75 g Komplettfutter mit Meeresalgen und CBD f\u00fcr Meereszierfische<\/p>\n","protected":false},"featured_media":123307,"template":"","meta":[],"pwb-brand":[2151],"product_cat":[1438],"product_tag":[],"class_list":{"0":"post-123309","1":"product","2":"type-product","3":"status-publish","4":"has-post-thumbnail","6":"pwb-brand-tropic-marin","7":"product_cat-fischfutter","9":"first","10":"outofstock","11":"taxable","12":"shipping-taxable","13":"purchasable","14":"product-type-simple"},"acf":[],"brands":[{"id":2151,"name":"Tropic Marin","slug":"tropic-marin"}],"_links":{"self":[{"href":"https:\/\/www.seaflowerstore.com\/de\/wp-json\/wp\/v2\/product\/123309","targetHints":{"allow":["GET"]}}],"collection":[{"href":"https:\/\/www.seaflowerstore.com\/de\/wp-json\/wp\/v2\/product"}],"about":[{"href":"https:\/\/www.seaflowerstore.com\/de\/wp-json\/wp\/v2\/types\/product"}],"wp:featuredmedia":[{"embeddable":true,"href":"https:\/\/www.seaflowerstore.com\/de\/wp-json\/wp\/v2\/media\/123307"}],"wp:attachment":[{"href":"https:\/\/www.seaflowerstore.com\/de\/wp-json\/wp\/v2\/media?parent=123309"}],"wp:term":[{"taxonomy":"pwb-brand","embeddable":true,"href":"https:\/\/www.seaflowerstore.com\/de\/wp-json\/wp\/v2\/pwb-brand?post=123309"},{"taxonomy":"product_cat","embeddable":true,"href":"https:\/\/www.seaflowerstore.com\/de\/wp-json\/wp\/v2\/product_cat?post=123309"},{"taxonomy":"product_tag","embeddable":true,"href":"https:\/\/www.seaflowerstore.com\/de\/wp-json\/wp\/v2\/product_tag?post=123309"}],"curies":[{"name":"wp","href":"https:\/\/api.w.org\/{rel}","templated":true}]}}