{"id":123404,"date":"2024-09-16T14:07:32","date_gmt":"2024-09-16T12:11:15","guid":{"rendered":"https:\/\/www.seaflowerstore.com\/?post_type=product&#038;p=123404"},"modified":"2025-11-22T10:17:03","modified_gmt":"2025-11-22T09:17:03","slug":"reef-factory-ca-smart-test-kit-2-0","status":"publish","type":"product","link":"https:\/\/www.seaflowerstore.com\/de\/reef-factory-ca-smart-test-kit-2-0\/","title":{"rendered":"Reef Factory Ca Smart Test kit 2.0"},"content":{"rendered":"<h2>Reef Factory Ca Smart Test kit 2.0 for easy testing of the CA level in your reef aquarium<\/h2>\n<h3><strong>Was ist neu in der Version 2.0 der Testkits:<\/strong><\/h3>\n<ul>\n<li>Einfacher und bequemer \u2013 interaktive Anweisungen und Ergebnisse in das Parameterfeld der App integriert.<\/li>\n<li>Verbesserte Ergebnismarkierungen mit einer klareren und wasserdichten Messskala.<\/li>\n<li>Premiumverpackung und hervorragende Organisation \u2013 langlebige und robuste Au\u00dfenverpackung mit \u00fcbersichtlichen Komponenten im Inneren.<\/li>\n<li>Hochwertige Kitelemente \u2013 enth\u00e4lt Glastestr\u00f6hrchen (NO3 und PO4), eine gro\u00dfe Spritze und bequemere Tropfer.<\/li>\n<li>L\u00e4ngere Haltbarkeit.<\/li>\n<li>F\u00fcgen Sie bequem Testergebnisse zu Smart Reef hinzu \u2013 Testergebnisse werden in das Parameterfeld exportiert, w\u00e4hrend Sie den interaktiven Anweisungen in der App folgen.<\/li>\n<li>Anweisungen in 6 Sprachen verf\u00fcgbar \u2013 zug\u00e4nglich in der App und in einer gedruckten Version (EN, PL, DE, FR, IT, ES).<\/li>\n<li>Zusammenfassend sind die neuen Tests einfacher zu Verwendung, verf\u00fcgen \u00fcber eine bessere Verpackung und Komponentenqualit\u00e4t und sind in unsere Smart Reef-App integriert.<\/li>\n<li>Das Smart Test Kit von Reef Factory kombiniert moderne Technologie mit traditionellen Tests in einer Premium-Version.<\/li>\n<\/ul>\n<p>Das Ca Smart Test Kit ist Teil einer Reihe von Falltests, die von Reef Factory LAB entwickelt wurden. Es ist speziell f\u00fcr die schnelle Messung der Kalziumkonzentration in Meerwasseraquarien zu Hause konzipiert. Mit diesem Kit k\u00f6nnen Sie ungef\u00e4hr 60 Tests im Bereich von 190 bis 500 mg\/L durchf\u00fchren.<\/p>\n<p><strong>Besonderheiten des Produkts:<\/strong><\/p>\n<ul>\n<li>F\u00fchren Sie ungef\u00e4hr 60 Tests im Bereich von 190 bis 500 mg\/L durch.<\/li>\n<li>Kompatibel mit dem Smart Reef-System.<\/li>\n<li>Interaktive Anweisungen f\u00fcr eine einfache Verwendung.<\/li>\n<li>Neue Formel aller Reagenzien in fl\u00fcssiger Form.<\/li>\n<li>Einfache Durchf\u00fchrung und Ablesung der Testergebnisse.<\/li>\n<li>Laborbest\u00e4tigte Qualit\u00e4t.<\/li>\n<li>Direkte Empfehlungen in der Anwendung verf\u00fcgbar.<\/li>\n<\/ul>\n<p>Mit Smart Reef erh\u00e4lt der Tropfentest eine neue Bedeutung. Dank der Integration mit der Anwendung und dem Dosierpanel wird die Interpretation der Ergebnisse sehr einfach. Basierend auf den auf einer \u00fcbersichtlichen Skala angezeigten Ergebnissen erhalten Sie leicht verst\u00e4ndliche Empfehlungen zur Aufrechterhaltung optimaler Parameterwerte. Dar\u00fcber hinaus speichert das Dosierpanel den Verlauf der Messungen und erm\u00f6glicht es Ihnen, Parameterverl\u00e4ufe bequem mit anderen Hobbyisten zu teilen. Viel Komfort, alles in einer App!<\/p>\n","protected":false},"excerpt":{"rendered":"<p>Reef Factory Ca Smart Test kit 2.0 for easy testing of the CA level in your reef aquarium<\/p>\n","protected":false},"featured_media":84494,"template":"","meta":[],"pwb-brand":[2285],"product_cat":[1400],"product_tag":[],"class_list":{"0":"post-123404","1":"product","2":"type-product","3":"status-publish","4":"has-post-thumbnail","6":"pwb-brand-reef-factory","7":"product_cat-tester","9":"first","10":"outofstock","11":"taxable","12":"shipping-taxable","13":"purchasable","14":"product-type-simple"},"acf":[],"brands":[{"id":2285,"name":"Reef Factory","slug":"reef-factory"}],"_links":{"self":[{"href":"https:\/\/www.seaflowerstore.com\/de\/wp-json\/wp\/v2\/product\/123404","targetHints":{"allow":["GET"]}}],"collection":[{"href":"https:\/\/www.seaflowerstore.com\/de\/wp-json\/wp\/v2\/product"}],"about":[{"href":"https:\/\/www.seaflowerstore.com\/de\/wp-json\/wp\/v2\/types\/product"}],"wp:featuredmedia":[{"embeddable":true,"href":"https:\/\/www.seaflowerstore.com\/de\/wp-json\/wp\/v2\/media\/84494"}],"wp:attachment":[{"href":"https:\/\/www.seaflowerstore.com\/de\/wp-json\/wp\/v2\/media?parent=123404"}],"wp:term":[{"taxonomy":"pwb-brand","embeddable":true,"href":"https:\/\/www.seaflowerstore.com\/de\/wp-json\/wp\/v2\/pwb-brand?post=123404"},{"taxonomy":"product_cat","embeddable":true,"href":"https:\/\/www.seaflowerstore.com\/de\/wp-json\/wp\/v2\/product_cat?post=123404"},{"taxonomy":"product_tag","embeddable":true,"href":"https:\/\/www.seaflowerstore.com\/de\/wp-json\/wp\/v2\/product_tag?post=123404"}],"curies":[{"name":"wp","href":"https:\/\/api.w.org\/{rel}","templated":true}]}}