{"id":123448,"date":"2024-09-23T16:14:05","date_gmt":"2024-09-23T14:23:12","guid":{"rendered":"https:\/\/www.seaflowerstore.com\/?post_type=product&#038;p=123448"},"modified":"2024-09-23T16:23:55","modified_gmt":"2024-09-23T14:23:55","slug":"jebao-wifi-dosing-pump-md-4-4","status":"publish","type":"product","link":"https:\/\/www.seaflowerstore.com\/de\/jebao-wifi-dosing-pump-md-4-4\/","title":{"rendered":"Jebao WiFi Dosing Pump MD 4.4"},"content":{"rendered":"<h2>Jebao WiFi Dosing Pump MD 4.4 is the perfect addition to your aquarium care routine<\/h2>\n<p>Die Jebao WiFi-Dosierpumpe MD 4.4 ist eine neu entwickelte, intelligente und kosteng\u00fcnstige Dosierpumpe, die f\u00fcr die pr\u00e4zise, \u200b\u200bautomatisierte Verwaltung der Erg\u00e4nzungsmittel Ihres Aquariums entwickelt wurde. Mit 4 Dosierk\u00f6pfen, von denen jeder so programmiert werden kann, dass er bis zu 24 Mal am Tag eine bestimmte Menge L\u00f6sung abgibt, hilft Ihnen dieses Ger\u00e4t dabei, m\u00fchelos stabile Tankparameter aufrechtzuerhalten. Sie k\u00f6nnen sich vom t\u00e4glichen \u00c4rger des manuellen Mischens und Dosierens von Erg\u00e4nzungsmitteln verabschieden und den Komfort der Fernsteuerung \u00fcber die WiFi-Konnektivit\u00e4t genie\u00dfen.<\/p>\n<p>Mit der Jebao MD 4.4 wird die Aquarienpflege zum Kinderspiel. Ihr kompaktes Design und eine benutzerfreundliche App machen Programmierung und Kalibrierung unkompliziert. Sie k\u00f6nnen auch manuelle Dosierungen \u00fcber spezielle Tasten vornehmen, sodass Sie die Kontrolle direkt mit Ihren Fingerspitzen haben. Zus\u00e4tzlich wird es mit einem Dosierpumpenhalter f\u00fcr eine nahtlose Einrichtung geliefert.<\/p>\n<h3>Hauptfunktionen:<\/h3>\n<ul class=\"features\">\n<li><strong>WiFi Smart Control:<\/strong> Programmieren und steuern Sie Dosierpl\u00e4ne ganz einfach mit der Jebao-App, die f\u00fcr iOS- und Android-Ger\u00e4te verf\u00fcgbar ist.<\/li>\n<li><strong>Pr\u00e4zise Dosierung:<\/strong> Jeder der 4 Dosierk\u00f6pfe kann bestimmte Mengen L\u00f6sung abgeben, wodurch eine genaue Abgabe bis zu 24 Mal pro Tag gew\u00e4hrleistet wird.<\/li>\n<li><strong>Schnelle Programmierung:<\/strong> Einfache Einrichtung und Programmierung \u00fcber die App, wodurch Sie Zeit und M\u00fche sparen.<\/li>\n<li><strong>Einfache Kalibrierung:<\/strong> Einfacher Kalibrierungsprozess f\u00fcr jede Pumpe, um eine pr\u00e4zise Dosierung zu gew\u00e4hrleisten.<\/li>\n<li><strong>Option f\u00fcr manuelle Dosierung:<\/strong> Manuelle Dosierung \u00fcber Tasten f\u00fcr sofortige Kontrolle.<\/li>\n<li><strong>Kompaktes Design:<\/strong> Platzsparend mit Abmessungen von nur 22 x 9 x 8 cm, sodass es sich leicht in Ihr vorhandenes Aquarium-Setup integrieren l\u00e4sst.<\/li>\n<li><strong>Dosierpumpenhalter:<\/strong> Im Lieferumfang enthalten f\u00fcr bequeme Installation und Stabilit\u00e4t.<\/li>\n<\/ul>\n<h3>Technische Daten:<\/h3>\n<ul class=\"specs\">\n<li><strong>Stromverbrauch:<\/strong> 8 W<\/li>\n<li><strong>Dosierleistung:<\/strong> 4 x 50 ml\/min<\/li>\n<li><strong>Maximale H\u00f6he (Hmax):<\/strong> 1,5 Meter<\/li>\n<li><strong>Abmessungen:<\/strong> 22 x 9 x 8 cm<\/li>\n<li><strong>Stromversorgung:<\/strong> DC 12V-Adapter (im Lieferumfang enthalten)<\/li>\n<\/ul>\n<h3>Was ist im Lieferumfang enthalten:<\/h3>\n<ul>\n<li>Jebao WiFi Dosierpumpe MD 4.4<\/li>\n<li>Dosierpumpenhalter<\/li>\n<li>DC 12V Netzteil<\/li>\n<li>Benutzerhandbuch<\/li>\n<\/ul>\n","protected":false},"excerpt":{"rendered":"<p>Jebao WiFi Dosing Pump MD 4.4 ist die perfekte Erg\u00e4nzung zu Ihrer Aquarienpflege<\/p>\n","protected":false},"featured_media":123444,"template":"","meta":[],"pwb-brand":[2187],"product_cat":[1406],"product_tag":[],"class_list":{"0":"post-123448","1":"product","2":"type-product","3":"status-publish","4":"has-post-thumbnail","6":"pwb-brand-jebao-jecod","7":"product_cat-dosierpumpen","9":"first","10":"outofstock","11":"taxable","12":"shipping-taxable","13":"purchasable","14":"product-type-simple"},"acf":[],"brands":[{"id":2187,"name":"Jebao \/ Jecod","slug":"jebao-jecod"}],"_links":{"self":[{"href":"https:\/\/www.seaflowerstore.com\/de\/wp-json\/wp\/v2\/product\/123448","targetHints":{"allow":["GET"]}}],"collection":[{"href":"https:\/\/www.seaflowerstore.com\/de\/wp-json\/wp\/v2\/product"}],"about":[{"href":"https:\/\/www.seaflowerstore.com\/de\/wp-json\/wp\/v2\/types\/product"}],"wp:featuredmedia":[{"embeddable":true,"href":"https:\/\/www.seaflowerstore.com\/de\/wp-json\/wp\/v2\/media\/123444"}],"wp:attachment":[{"href":"https:\/\/www.seaflowerstore.com\/de\/wp-json\/wp\/v2\/media?parent=123448"}],"wp:term":[{"taxonomy":"pwb-brand","embeddable":true,"href":"https:\/\/www.seaflowerstore.com\/de\/wp-json\/wp\/v2\/pwb-brand?post=123448"},{"taxonomy":"product_cat","embeddable":true,"href":"https:\/\/www.seaflowerstore.com\/de\/wp-json\/wp\/v2\/product_cat?post=123448"},{"taxonomy":"product_tag","embeddable":true,"href":"https:\/\/www.seaflowerstore.com\/de\/wp-json\/wp\/v2\/product_tag?post=123448"}],"curies":[{"name":"wp","href":"https:\/\/api.w.org\/{rel}","templated":true}]}}