{"id":123518,"date":"2024-10-01T11:27:39","date_gmt":"2024-10-01T09:27:39","guid":{"rendered":"https:\/\/www.seaflowerstore.com\/?post_type=product&#038;p=123518"},"modified":"2024-10-01T11:31:59","modified_gmt":"2024-10-01T09:31:59","slug":"microbe-lift-coral-food-lps","status":"publish","type":"product","link":"https:\/\/www.seaflowerstore.com\/de\/microbe-lift-coral-food-lps\/","title":{"rendered":"Microbe-Lift Coral Food LPS"},"content":{"rendered":"<h2>Microbe-Lift Coral Food LPS &#8211; Granulate 150ml (50g) for vibrant colors and healthy LPS coral growth<\/h2>\n<p><strong>Microbe-Lift Coral Food LPS<\/strong> ist ein erstklassiges, kaltgepresstes Weichgranulat, das speziell f\u00fcr die ideale Ern\u00e4hrung von gro\u00dfpolypigen Steinkorallen (LPS) entwickelt wurde. Die sorgf\u00e4ltig ausgew\u00e4hlten Zutaten verst\u00e4rken die nat\u00fcrlichen Farben Ihrer Korallen und f\u00f6rdern ihr gesundes Wachstum, w\u00e4hrend gleichzeitig die Wasserverschmutzung minimiert wird.<\/p>\n<p>Dieses spezielle Korallenfutter ist frei von Spirulina (Cyanobakterien) und minderwertigem Fischmehl und stellt sicher, dass Ihre Korallen nur die besten N\u00e4hrstoffe erhalten. Es ist als Erg\u00e4nzungsfuttermittel f\u00fcr Korallen klassifiziert und erf\u00fcllt die gesetzlichen Normen f\u00fcr Aquarienfutter.<\/p>\n<p><strong>F\u00fctterungsempfehlung:<\/strong><\/p>\n<ul>\n<li>Geben Sie 1-3 Pellets pro Koralle direkt in Ihr Aquarium.<\/li>\n<li>Die Menge kann je nach Anzahl und Gr\u00f6\u00dfe Ihrer Korallen angepasst werden.<\/li>\n<\/ul>\n<p><strong>Profi-Tipp:<\/strong> F\u00fcr eine genauere F\u00fctterung k\u00f6nnen Sie die Granulate mithilfe einer F\u00fctterungssonde oder Pipette direkt auf Ihre LPS-Korallen geben. Denken Sie daran, die Str\u00f6mungspumpen w\u00e4hrend der F\u00fctterung auszuschalten, damit sich das Granulat absetzen und leichter verzehrt werden kann.<\/p>\n<p><strong>Zutaten:<\/strong> Fisch und Fischnebenerzeugnisse, pflanzliche Proteinextrakte, pflanzliche Zutaten, \u00d6le, Fette, Hefe, Weichtiere, Krebstiere, Algen, Mineralien und Vitamine.<\/p>\n<p><strong>Garantierte Analyse:<\/strong><\/p>\n<ul>\n<li>Rohprotein 42 %<\/li>\n<li>Feuchtigkeit 17 %<\/li>\n<li>Rohfett 11 %<\/li>\n<li>Rohasche 6,4 %<\/li>\n<li>Rohfaser 1,1 %<\/li>\n<\/ul>\n<p><strong>Technologische Zusatzstoffe:<\/strong> Antioxidantien, Konservierungsmittel.<\/p>\n<p><strong>Ern\u00e4hrungsphysiologische Zusatzstoffe:<\/strong><\/p>\n<ul>\n<li>Vitamin A 26.250 IE\/kg<\/li>\n<li>Vitamin D3 1.575 IE\/kg<\/li>\n<li>Vitamin C 382 mg\/kg<\/li>\n<li>Vitamin E 101 mg\/kg<\/li>\n<li>Fe (Eisen(II)-sulfat-Monohydrat) 27 mg\/kg<\/li>\n<li>Zn (Zinkoxid) 7,5 mg\/kg<\/li>\n<li>Mn (Mangan(II)-oxid) 5,6 mg\/kg<\/li>\n<li>Cu (Kupfer(II)-sulfat-Pentahydrat) 1,3 mg\/kg<\/li>\n<li>I (Kaliumjodid) 0,16 mg\/kg<\/li>\n<\/ul>\n","protected":false},"excerpt":{"rendered":"<p>Microbe-Lift Coral Food LPS &#8211; Granulate 150ml (50g) f\u00fcr leuchtende Farben und gesundes LPS-Korallenwachstum<\/p>\n","protected":false},"featured_media":123513,"template":"","meta":[],"pwb-brand":[2227],"product_cat":[1436,1385],"product_tag":[],"class_list":{"0":"post-123518","1":"product","2":"type-product","3":"status-publish","4":"has-post-thumbnail","6":"pwb-brand-microbe-lift","7":"product_cat-korallenfutter","8":"product_cat-neue-produkte","10":"first","11":"outofstock","12":"taxable","13":"shipping-taxable","14":"purchasable","15":"product-type-simple"},"acf":[],"brands":[{"id":2227,"name":"Microbe-Lift","slug":"microbe-lift"}],"_links":{"self":[{"href":"https:\/\/www.seaflowerstore.com\/de\/wp-json\/wp\/v2\/product\/123518","targetHints":{"allow":["GET"]}}],"collection":[{"href":"https:\/\/www.seaflowerstore.com\/de\/wp-json\/wp\/v2\/product"}],"about":[{"href":"https:\/\/www.seaflowerstore.com\/de\/wp-json\/wp\/v2\/types\/product"}],"wp:featuredmedia":[{"embeddable":true,"href":"https:\/\/www.seaflowerstore.com\/de\/wp-json\/wp\/v2\/media\/123513"}],"wp:attachment":[{"href":"https:\/\/www.seaflowerstore.com\/de\/wp-json\/wp\/v2\/media?parent=123518"}],"wp:term":[{"taxonomy":"pwb-brand","embeddable":true,"href":"https:\/\/www.seaflowerstore.com\/de\/wp-json\/wp\/v2\/pwb-brand?post=123518"},{"taxonomy":"product_cat","embeddable":true,"href":"https:\/\/www.seaflowerstore.com\/de\/wp-json\/wp\/v2\/product_cat?post=123518"},{"taxonomy":"product_tag","embeddable":true,"href":"https:\/\/www.seaflowerstore.com\/de\/wp-json\/wp\/v2\/product_tag?post=123518"}],"curies":[{"name":"wp","href":"https:\/\/api.w.org\/{rel}","templated":true}]}}