{"id":123880,"date":"2024-10-20T16:06:05","date_gmt":"2024-10-20T14:06:05","guid":{"rendered":"https:\/\/www.seaflowerstore.com\/?post_type=product&#038;p=123880"},"modified":"2024-10-20T16:20:27","modified_gmt":"2024-10-20T14:20:27","slug":"aqua-medic-reactor-1000","status":"publish","type":"product","link":"https:\/\/www.seaflowerstore.com\/de\/aqua-medic-reactor-1000\/","title":{"rendered":"Aqua Medic reactor 1000"},"content":{"rendered":"<h2>Aqua Medic Reactor 1000 ist ein geschlossener CO2-Reaktor f\u00fcr den externen Einsatz in Aquarien bis zu 2.000 Litern<\/h2>\n<p>Der <strong>Reactor 1000<\/strong> ist eine hermetisch abgedichtete Einheit, die f\u00fcr die effiziente Einleitung von CO2 in gr\u00f6\u00dfere Aquarien entwickelt wurde. Dieses leistungsstarke System kann Aquarien bis zu <strong>2.000 Litern<\/strong> (etwa 500 Gallonen) unterst\u00fctzen und ist daher ideal f\u00fcr gr\u00f6\u00dfere Setups geeignet.<\/p>\n<p>Das Ger\u00e4t wird mit einer <em>universellen Montageplatte<\/em> geliefert, die eine flexible Installation erm\u00f6glicht. Sie k\u00f6nnen es entweder au\u00dferhalb des Aquariums oder im Unterschrank montieren, je nach Platz und Ihren Vorlieben. F\u00fcr eine einfache Handhabung wird das Ger\u00e4t an einen <strong>16 mm Schlauch<\/strong> angeschlossen.<\/p>\n<p>Die empfohlene Pumpenleistung liegt zwischen <strong>1.500 und 2.500 l\/h<\/strong> (etwa 396 bis 660 Gallonen pro Stunde), was eine effektive CO2-Verteilung in Ihrem Aquarium gew\u00e4hrleistet.<\/p>\n<h3>Technische Daten<\/h3>\n<ul>\n<li><strong>Wasseranschluss:<\/strong> 12\/16 mm<\/li>\n<li><strong>CO2-Anschluss:<\/strong> 6\/4 mm<\/li>\n<li><strong>Wasserfluss:<\/strong> min. 1.000 \u2013 max. 2.500 l\/h<\/li>\n<li><strong>Gesamth\u00f6he:<\/strong> 37 cm; Durchmesser: 80 mm<\/li>\n<li><strong>Installation:<\/strong> Intern oder extern<\/li>\n<li><strong>KEINE<\/strong> Schl\u00e4uche im Lieferumfang enthalten<\/li>\n<\/ul>\n<h3>Erh\u00f6hung der Karbonath\u00e4rte in Aquarien<\/h3>\n<p>Die <strong>Karbonath\u00e4rte (KH)<\/strong> in Aquarienwasser, egal ob S\u00fc\u00df- oder Salzwasser, sollte mindestens <strong>4-6 KH<\/strong> betragen. Wenn der KH-Wert unter diese Schwelle f\u00e4llt, wird es schwierig, den pH-Wert zu stabilisieren. Biologische Prozesse, wie bakterielle Reaktionen, produzieren mit der Zeit auf nat\u00fcrliche Weise S\u00e4uren, die die Karbonath\u00e4rte verringern.<\/p>\n<p>Andere Faktoren, die die Karbonath\u00e4rte verbrauchen, sind die Filtration \u00fcber Torf oder der Einsatz von starken S\u00e4uren. Wenn Sie Torf im Filtersystem verwenden, ist es wichtig, die Karbonath\u00e4rte <em>w\u00f6chentlich<\/em> zu \u00fcberpr\u00fcfen. Wenn der Wert in S\u00fc\u00dfwasser unter <strong>4 KH<\/strong> f\u00e4llt, sollte der KH-Wert erh\u00f6ht werden. Wir empfehlen hierf\u00fcr die <strong>aqua+KH Tabletten<\/strong> von Aqua Medic.<\/p>\n<h3>Wartung und Pflege der Karbonath\u00e4rte<\/h3>\n<p>Die Menge an gel\u00f6stem CO2 im Wasser h\u00e4ngt weitgehend von der Karbonath\u00e4rte ab. Je h\u00f6her der KH-Wert, desto mehr CO2 kann bei gleichem pH-Wert gel\u00f6st werden. Auch die Grenze f\u00fcr sch\u00e4dliche CO2-Konzentrationen h\u00e4ngt von der Karbonath\u00e4rte ab.<\/p>\n<p>Um eine ausgewogene Wasserchemie zu gew\u00e4hrleisten, ist <em>freie Kohlens\u00e4ure<\/em> (gel\u00f6stes CO2-Gas) notwendig. Diese ist essenziell, um Calcium- und Magnesiumionen in L\u00f6sung zu halten, die f\u00fcr den Aufbau der Karbonath\u00e4rte verantwortlich sind. Freie Kohlens\u00e4ure, auch als <em>\u00e4quivalente Kohlens\u00e4ure<\/em> bekannt, ist besonders wichtig f\u00fcr Pflanzen w\u00e4hrend der Photosynthese. Das ideale Gleichgewicht zwischen Karbonath\u00e4rte und CO2 wird bei einem pH-Wert von <strong>7,1-7,4<\/strong> im S\u00fc\u00dfwasser und <strong>8,1-8,4<\/strong> im Salzwasser erreicht.<\/p>\n<p>Wenn dieses Gleichgewicht beibehalten wird, ist die Menge an CO2 f\u00fcr Fische sicher und nicht abh\u00e4ngig vom KH-Wert. Pflanzen nutzen \u00e4quivalente Kohlens\u00e4ure w\u00e4hrend der Photosynthese, und wenn diese nicht kontinuierlich nachgef\u00fcllt wird, kann die Karbonath\u00e4rte abnehmen, was zu einer <em>biogenen Entkalkung<\/em> f\u00fchren kann, die unbedingt vermieden werden sollte.<\/p>\n<p>Es ist wichtig, <strong>nur das CO2<\/strong> nachzuf\u00fcllen, das von den Pflanzen verbraucht wird, und nicht zu viel CO2 in das Aquarium einzuleiten. F\u00fcr ein gesundes Umfeld ist es entscheidend, das richtige Gleichgewicht zwischen Calcium und Kohlens\u00e4ure zu erreichen. Nur wenn dieses Gleichgewicht erhalten bleibt, bekommen die Pflanzen gen\u00fcgend CO2 f\u00fcr ihr Wachstum.<\/p>\n","protected":false},"excerpt":{"rendered":"<p>Aqua Medic Reactor 1000 ist ein geschlossener CO2-Reaktor f\u00fcr den externen Einsatz in Aquarien bis zu 2.000 Litern<\/p>\n","protected":false},"featured_media":123875,"template":"","meta":[],"pwb-brand":[2149],"product_cat":[1671,1421,1385],"product_tag":[],"class_list":{"0":"post-123880","1":"product","2":"type-product","3":"status-publish","4":"has-post-thumbnail","6":"pwb-brand-aqua-medic","7":"product_cat-co2-technologie","8":"product_cat-aqua-medic-de","9":"product_cat-neue-produkte","11":"first","12":"instock","13":"sale","14":"taxable","15":"shipping-taxable","16":"purchasable","17":"product-type-simple"},"acf":[],"brands":[{"id":2149,"name":"Aqua Medic","slug":"aqua-medic"}],"_links":{"self":[{"href":"https:\/\/www.seaflowerstore.com\/de\/wp-json\/wp\/v2\/product\/123880","targetHints":{"allow":["GET"]}}],"collection":[{"href":"https:\/\/www.seaflowerstore.com\/de\/wp-json\/wp\/v2\/product"}],"about":[{"href":"https:\/\/www.seaflowerstore.com\/de\/wp-json\/wp\/v2\/types\/product"}],"wp:featuredmedia":[{"embeddable":true,"href":"https:\/\/www.seaflowerstore.com\/de\/wp-json\/wp\/v2\/media\/123875"}],"wp:attachment":[{"href":"https:\/\/www.seaflowerstore.com\/de\/wp-json\/wp\/v2\/media?parent=123880"}],"wp:term":[{"taxonomy":"pwb-brand","embeddable":true,"href":"https:\/\/www.seaflowerstore.com\/de\/wp-json\/wp\/v2\/pwb-brand?post=123880"},{"taxonomy":"product_cat","embeddable":true,"href":"https:\/\/www.seaflowerstore.com\/de\/wp-json\/wp\/v2\/product_cat?post=123880"},{"taxonomy":"product_tag","embeddable":true,"href":"https:\/\/www.seaflowerstore.com\/de\/wp-json\/wp\/v2\/product_tag?post=123880"}],"curies":[{"name":"wp","href":"https:\/\/api.w.org\/{rel}","templated":true}]}}