{"id":123908,"date":"2024-10-25T17:16:09","date_gmt":"2024-10-25T15:16:09","guid":{"rendered":"https:\/\/www.seaflowerstore.com\/?post_type=product&#038;p=123908"},"modified":"2024-10-25T17:43:21","modified_gmt":"2024-10-25T15:43:21","slug":"fauna-marin-trace-se-250-ml","status":"publish","type":"product","link":"https:\/\/www.seaflowerstore.com\/de\/fauna-marin-trace-se-250-ml\/","title":{"rendered":"Fauna Marin Trace Se &#8211; 250 ml"},"content":{"rendered":"<h2>Fauna Marin Trace Se ist eine Hochreine Stabilisierte Selenl\u00f6sung f\u00fcr Riffaquarien<\/h2>\n<p>Die Elementals-Serie von Fauna Marin ist speziell entwickelt, um regelm\u00e4\u00dfige ICP-Analysen (Inductively Coupled Plasma) zu unterst\u00fctzen, sodass Sie eine perfekt ausgewogene Aquariumumgebung einfach beibehalten k\u00f6nnen. Mit den ICP-Analysen von Fauna Marin erhalten Sie genaue Dosierungsempfehlungen sowie exakte Messwerte f\u00fcr Ihr Aquarium.<\/p>\n<p>Unsere ICP-Analysen bieten Beratung zur Dosierung von sowohl essentiellen Salzen \u2013 wie Kalzium, Magnesium und Karbonath\u00e4rte \u2013 als auch speziellen Spurenelementen, die f\u00fcr Meerwasseraquarien von entscheidender Bedeutung sind. Im Gegensatz zu Hauptelementen, die in h\u00f6heren Konzentrationen vorkommen, sind Spurenelemente wie Kupfer, Chrom, Mangan, Selen, Eisen, Jod und Zink in wesentlich niedrigeren Konzentrationen vorhanden, meist unter 1 mg\/l, spielen jedoch eine wichtige Rolle in marinen \u00d6kosystemen.<\/p>\n<p>Jedes Spurenelement hat eine einzigartige Funktion im Aquarium. F\u00fcr detaillierte Informationen \u00fcber die Rolle jedes Elements besuchen Sie bitte unsere Wissensdatenbank auf der Fauna Marin-Website. W\u00e4hrend einige Spurenelemente nat\u00fcrlich \u00fcber verschiedene Stoffe in das Aquariumwasser gelangen, kann ein Mangel dieser Elemente erhebliche Gesundheitsprobleme f\u00fcr das Meeresleben verursachen. F\u00fcr ein gesundes Riffaquarium ist es wichtig, eine ausgewogene Versorgung mit allen notwendigen Spurenelementen sicherzustellen.<\/p>\n<p>Unsere Einzelelement-L\u00f6sungen werden aus den reinsten Rohstoffen hergestellt und enthalten spezifische organische oder anorganische Verbindungen, die auf die individuellen Funktionen jedes Elements abgestimmt sind. Um Reinheit und Effektivit\u00e4t zu gew\u00e4hrleisten, werden alle Produkte in unserer eigenen Korallenzucht und ICP-Labor getestet und verifiziert.<\/p>\n<h2>Dosierungsempfehlung f\u00fcr Elementals Trace Se<\/h2>\n<p>Verwenden Sie 1 ml Elementals Trace Se pro 100 Liter, um die Selenkonzentration um etwa 0,5 \u00b5g\/l zu erh\u00f6hen. Passen Sie die Dosierung an die Bed\u00fcrfnisse Ihres Aquariums an.<\/p>\n<p><strong>Empfohlene t\u00e4gliche Erh\u00f6hung:<\/strong> F\u00fcr optimale Sicherheit, \u00fcberschreiten Sie eine maximale t\u00e4gliche Erh\u00f6hung von 1 \u00b5g\/l Selen nicht (2 ml Elementals Trace Se pro 100 Liter).<\/p>\n<h2>Lagerungshinweise<\/h2>\n<ul>\n<li>Beh\u00e4lter nach jedem Gebrauch fest verschlie\u00dfen.<\/li>\n<li>Produkt bei Raumtemperatur lagern.<\/li>\n<li>Vor Licht sch\u00fctzen.<\/li>\n<\/ul>\n<h2>Inhaltsstoffe<\/h2>\n<ul>\n<li>Wasser<\/li>\n<li>Organische und anorganische Selenverbindungen<\/li>\n<li>Stabilisatoren<\/li>\n<\/ul>\n<h2>Sicherheitshinweise<\/h2>\n<ul>\n<li>Nur f\u00fcr die Verwendung in Aquarien.<\/li>\n<li>Au\u00dferhalb der Reichweite von Kindern aufbewahren.<\/li>\n<li>Nicht verschlucken. Dieses Produkt ist nicht f\u00fcr den menschlichen oder tierischen Verzehr geeignet.<\/li>\n<li>Bei Kontakt mit Haut oder Augen gr\u00fcndlich mit Wasser aussp\u00fclen.<\/li>\n<\/ul>\n<p><em>*Das Bild zeigt ein Beispiel f\u00fcr die Farbe des Produkts, Glas ist nicht im Lieferumfang enthalten.<\/em><\/p>\n","protected":false},"excerpt":{"rendered":"<p>Fauna Marin Trace Se ist eine Hochreine Stabilisierte Selenl\u00f6sung f\u00fcr Riffaquarien<\/p>\n","protected":false},"featured_media":123906,"template":"","meta":[],"pwb-brand":[2177],"product_cat":[1391,1437],"product_tag":[],"class_list":{"0":"post-123908","1":"product","2":"type-product","3":"status-publish","4":"has-post-thumbnail","6":"pwb-brand-fauna-marin","7":"product_cat-ergaenzungen","8":"product_cat-fauna-marin-de","10":"first","11":"outofstock","12":"taxable","13":"shipping-taxable","14":"purchasable","15":"product-type-simple"},"acf":[],"brands":[{"id":2177,"name":"Fauna Marin","slug":"fauna-marin"}],"_links":{"self":[{"href":"https:\/\/www.seaflowerstore.com\/de\/wp-json\/wp\/v2\/product\/123908","targetHints":{"allow":["GET"]}}],"collection":[{"href":"https:\/\/www.seaflowerstore.com\/de\/wp-json\/wp\/v2\/product"}],"about":[{"href":"https:\/\/www.seaflowerstore.com\/de\/wp-json\/wp\/v2\/types\/product"}],"wp:featuredmedia":[{"embeddable":true,"href":"https:\/\/www.seaflowerstore.com\/de\/wp-json\/wp\/v2\/media\/123906"}],"wp:attachment":[{"href":"https:\/\/www.seaflowerstore.com\/de\/wp-json\/wp\/v2\/media?parent=123908"}],"wp:term":[{"taxonomy":"pwb-brand","embeddable":true,"href":"https:\/\/www.seaflowerstore.com\/de\/wp-json\/wp\/v2\/pwb-brand?post=123908"},{"taxonomy":"product_cat","embeddable":true,"href":"https:\/\/www.seaflowerstore.com\/de\/wp-json\/wp\/v2\/product_cat?post=123908"},{"taxonomy":"product_tag","embeddable":true,"href":"https:\/\/www.seaflowerstore.com\/de\/wp-json\/wp\/v2\/product_tag?post=123908"}],"curies":[{"name":"wp","href":"https:\/\/api.w.org\/{rel}","templated":true}]}}