{"id":123929,"date":"2024-10-28T17:15:38","date_gmt":"2024-10-28T16:15:38","guid":{"rendered":"https:\/\/www.seaflowerstore.com\/?post_type=product&#038;p=123929"},"modified":"2024-10-28T17:19:25","modified_gmt":"2024-10-28T16:19:25","slug":"fauna-marin-ultra-mb-20-1000ml","status":"publish","type":"product","link":"https:\/\/www.seaflowerstore.com\/de\/fauna-marin-ultra-mb-20-1000ml\/","title":{"rendered":"Fauna Marin Ultra MB 20 &#8211; 1000ml"},"content":{"rendered":"<h2>Fauna Marin Ultra MB 20 &#8211; 1000ml Gemischtes Kationen-\/Anionenharz f\u00fcr Ionenaustauschs\u00e4ulen<\/h2>\n<p>Das MB 20 ist ein hochwertiges gemischtes Kationen-\/Anionenharz, das speziell f\u00fcr den Einsatz in Ionenaustauschs\u00e4ulen wie Silikatfiltern oder Aqualight-Filtern entwickelt wurde. Dieses Harz eignet sich ideal zum Auffangen und Entfernen aller verbleibenden Ionen nach dem Umkehrosmose-Prozess und sorgt f\u00fcr Wasser von h\u00f6chster Reinheit.<\/p>\n<p><strong>Wichtiger Hinweis zur Installation:<\/strong> Installieren Sie den MB 20-Filter immer hinter einem Umkehrosmose-System, um optimale Ergebnisse zu erzielen.<\/p>\n<h3>Verwendungsrichtlinien<\/h3>\n<p>\u00dcberpr\u00fcfen Sie regelm\u00e4\u00dfig die Leitf\u00e4higkeit oder H\u00e4rte des ablaufenden Wassers. Wenn diese Werte zu steigen beginnen, ist es Zeit, das Harz zu wechseln. Da die Regeneration des MB 20 wirtschaftlich nicht sinnvoll ist, wird der Austausch bei nachlassender Leistung empfohlen.<\/p>\n<h3>Warum MB 20 w\u00e4hlen?<\/h3>\n<ul>\n<li><strong>H\u00f6chste Wasserreinheit:<\/strong> MB 20-Harz entfernt alle verbleibenden Ionen und liefert destillat\u00e4hnliches Wasser, das frei von Silikat und Kiesels\u00e4ure ist.<\/li>\n<li><strong>Un\u00fcbertroffene Bindungskapazit\u00e4t:<\/strong> Dank der hohen Bindungseffizienz ist MB 20 eine wirtschaftliche L\u00f6sung, um optimale Wasserqualit\u00e4t zu erreichen.<\/li>\n<li><strong>Kontrolle unerw\u00fcnschter Wucherungen:<\/strong> Durch die effektive Entfernung von Silikat verhindert MB 20 das Wachstum von Kieselalgen und reduziert das Vorkommen von Planarien, Schleimalgen und Cyanobakterien in Ihrem Meerwasseraquarium.<\/li>\n<\/ul>\n<h3>Sicherheitsanweisungen<\/h3>\n<ul>\n<li>Au\u00dferhalb der Reichweite von Kindern aufbewahren.<\/li>\n<li>Kontakt mit den Augen vermeiden; bei Kontakt gr\u00fcndlich mit Wasser sp\u00fclen.<\/li>\n<li>H\u00e4nde nach der Handhabung des Harzes gr\u00fcndlich waschen.<\/li>\n<li>Einatmen von Staub oder Partikeln vermeiden.<\/li>\n<li>Nicht verschlucken. Bei Verschlucken einen Arzt aufsuchen und das Etikett vorzeigen.<\/li>\n<\/ul>\n<p><strong>Vorgesehene Verwendung:<\/strong> Dieses Produkt ist ausschlie\u00dflich f\u00fcr die Anwendung in Meerwasseraquarien konzipiert. Lesen Sie vor Gebrauch stets das Etikett und die Produktinformationen sorgf\u00e4ltig durch.<\/p>\n","protected":false},"excerpt":{"rendered":"<p>Fauna Marin Ultra MB 20 &#8211; 1000ml Gemischtes Kationen-\/Anionenharz f\u00fcr Ionenaustauschs\u00e4ulen<\/p>\n","protected":false},"featured_media":123927,"template":"","meta":[],"pwb-brand":[2177],"product_cat":[1463,1437],"product_tag":[],"class_list":{"0":"post-123929","1":"product","2":"type-product","3":"status-publish","4":"has-post-thumbnail","6":"pwb-brand-fauna-marin","7":"product_cat-filter-und-zubehoer","8":"product_cat-fauna-marin-de","10":"first","11":"outofstock","12":"taxable","13":"shipping-taxable","14":"purchasable","15":"product-type-simple"},"acf":[],"brands":[{"id":2177,"name":"Fauna Marin","slug":"fauna-marin"}],"_links":{"self":[{"href":"https:\/\/www.seaflowerstore.com\/de\/wp-json\/wp\/v2\/product\/123929","targetHints":{"allow":["GET"]}}],"collection":[{"href":"https:\/\/www.seaflowerstore.com\/de\/wp-json\/wp\/v2\/product"}],"about":[{"href":"https:\/\/www.seaflowerstore.com\/de\/wp-json\/wp\/v2\/types\/product"}],"wp:featuredmedia":[{"embeddable":true,"href":"https:\/\/www.seaflowerstore.com\/de\/wp-json\/wp\/v2\/media\/123927"}],"wp:attachment":[{"href":"https:\/\/www.seaflowerstore.com\/de\/wp-json\/wp\/v2\/media?parent=123929"}],"wp:term":[{"taxonomy":"pwb-brand","embeddable":true,"href":"https:\/\/www.seaflowerstore.com\/de\/wp-json\/wp\/v2\/pwb-brand?post=123929"},{"taxonomy":"product_cat","embeddable":true,"href":"https:\/\/www.seaflowerstore.com\/de\/wp-json\/wp\/v2\/product_cat?post=123929"},{"taxonomy":"product_tag","embeddable":true,"href":"https:\/\/www.seaflowerstore.com\/de\/wp-json\/wp\/v2\/product_tag?post=123929"}],"curies":[{"name":"wp","href":"https:\/\/api.w.org\/{rel}","templated":true}]}}