{"id":123949,"date":"2024-10-29T17:19:57","date_gmt":"2024-10-29T16:19:57","guid":{"rendered":"https:\/\/www.seaflowerstore.com\/?post_type=product&#038;p=123949"},"modified":"2024-10-29T17:24:07","modified_gmt":"2024-10-29T16:24:07","slug":"vitalis-cichlid-herbivore-flakes","status":"publish","type":"product","link":"https:\/\/www.seaflowerstore.com\/de\/vitalis-cichlid-herbivore-flakes\/","title":{"rendered":"Vitalis Cichlid Herbivore Flakes"},"content":{"rendered":"<h2>Vitalis Cichliden Herbivoren Flocken \u2013 N\u00e4hrstoffreiches Futter f\u00fcr Afrikanische Riftsee-Cichliden<\/h2>\n<p>Unsere Cichliden Herbivoren Flocken bieten eine schmackhafte und leicht verdauliche, ausgewogene Ern\u00e4hrung, speziell entwickelt als Komplettfutter f\u00fcr herbivore Cichliden.<\/p>\n<p>Diese Flocken sind auf die niedrigeren Eiwei\u00dfbed\u00fcrfnisse von herbivoren Cichliden aus den Afrikanischen Riftseen, wie den Seen Tanganyika und Malawi, abgestimmt. Mit einer einzigartigen Mischung aus n\u00e4hrstoffreichen Algen und Spirulina unterst\u00fctzt dieses Futter sowohl die optimale Gesundheit als auch die lebendige, nat\u00fcrliche Farbgebung Ihrer Fische.<\/p>\n<p><strong>Flexible F\u00fctterung:<\/strong> Jede unserer Flockendi\u00e4ten wird in einer gro\u00dfen Flockengr\u00f6\u00dfe hergestellt, um flexible F\u00fctterungsoptionen zu bieten. Sie k\u00f6nnen die Flocken zerkleinern, um sie an die Gr\u00f6\u00dfe und Anzahl der Fische in Ihrem Aquarium anzupassen, und so ein individuell abgestimmtes F\u00fctterungserlebnis schaffen.<\/p>\n<h3>Ideal f\u00fcr Herbivore Afrikanische Cichliden<\/h3>\n<p>Speziell entwickelt f\u00fcr die herbivoren Cichlidenarten der Afrikanischen Riftseen, sind diese Flocken ideal f\u00fcr Tropheus und verschiedene Mbuna-Arten, einschlie\u00dflich:<\/p>\n<ul>\n<li><em>Labeotropheus<\/em><\/li>\n<li><em>Labidochromis<\/em><\/li>\n<li><em>Melanochromis<\/em><\/li>\n<li><em>Metriaclima<\/em><\/li>\n<li><em>Pseudotropheus<\/em><\/li>\n<\/ul>\n","protected":false},"excerpt":{"rendered":"<p>Vitalis Cichliden Herbivoren Flocken \u2013 N\u00e4hrstoffreiches Futter f\u00fcr Afrikanische Riftsee-Cichliden<\/p>\n","protected":false},"featured_media":123942,"template":"","meta":[],"pwb-brand":[2239],"product_cat":[1447],"product_tag":[],"class_list":{"0":"post-123949","1":"product","2":"type-product","3":"status-publish","4":"has-post-thumbnail","6":"pwb-brand-vitalis","7":"product_cat-futter-de","8":"pa_inhoud-250-gr-de","9":"pa_inhoud-40-gr-de","11":"first","12":"instock","13":"taxable","14":"shipping-taxable","15":"purchasable","16":"product-type-variable"},"acf":[],"brands":[{"id":2239,"name":"Vitalis","slug":"vitalis"}],"_links":{"self":[{"href":"https:\/\/www.seaflowerstore.com\/de\/wp-json\/wp\/v2\/product\/123949","targetHints":{"allow":["GET"]}}],"collection":[{"href":"https:\/\/www.seaflowerstore.com\/de\/wp-json\/wp\/v2\/product"}],"about":[{"href":"https:\/\/www.seaflowerstore.com\/de\/wp-json\/wp\/v2\/types\/product"}],"wp:featuredmedia":[{"embeddable":true,"href":"https:\/\/www.seaflowerstore.com\/de\/wp-json\/wp\/v2\/media\/123942"}],"wp:attachment":[{"href":"https:\/\/www.seaflowerstore.com\/de\/wp-json\/wp\/v2\/media?parent=123949"}],"wp:term":[{"taxonomy":"pwb-brand","embeddable":true,"href":"https:\/\/www.seaflowerstore.com\/de\/wp-json\/wp\/v2\/pwb-brand?post=123949"},{"taxonomy":"product_cat","embeddable":true,"href":"https:\/\/www.seaflowerstore.com\/de\/wp-json\/wp\/v2\/product_cat?post=123949"},{"taxonomy":"product_tag","embeddable":true,"href":"https:\/\/www.seaflowerstore.com\/de\/wp-json\/wp\/v2\/product_tag?post=123949"}],"curies":[{"name":"wp","href":"https:\/\/api.w.org\/{rel}","templated":true}]}}