{"id":123967,"date":"2024-10-31T09:28:29","date_gmt":"2024-10-31T08:28:29","guid":{"rendered":"https:\/\/www.seaflowerstore.com\/?post_type=product&#038;p=123967"},"modified":"2024-10-31T09:33:42","modified_gmt":"2024-10-31T08:33:42","slug":"handleiding-zeeaquarium","status":"publish","type":"product","link":"https:\/\/www.seaflowerstore.com\/de\/handleiding-zeeaquarium\/","title":{"rendered":"Handleiding Zeeaquarium"},"content":{"rendered":"<h2>Neu und Komplett \u00dcberarbeitet: Das Meistverkaufte Niederl\u00e4ndische Buch \u00fcber Meerwasseraquarien<\/h2>\n<p>Diese vollst\u00e4ndig \u00fcberarbeitete Version des beliebtesten deutschsprachigen Buches \u00fcber Meerwasseraquarien bietet neue Ideen, frische Einblicke und aktuelle Informationen. Mit 96 Seiten voller wertvollem Wissen ist dieses Buch darauf ausgelegt, Meerwasseraquaristik f\u00fcr alle zug\u00e4nglich zu machen.<\/p>\n<p>Diese Ausgabe ist eine vollst\u00e4ndig aktualisierte Version des fr\u00fcheren \u201eTeil 1\u201c und angepasst an die heutige Zeit. Das Angebot an nachgez\u00fcchteten Tieren ist enorm gewachsen, das Wissen \u00fcber Biologie, Wasserchemie und Technik hat sich weiterentwickelt, und moderne Technik ist nun ein fester Bestandteil der Aquaristik.<\/p>\n<h3>Inhalt des Buches<\/h3>\n<p>Sie finden n\u00fctzliche Ratschl\u00e4ge und Tipps zu folgenden Themen:<\/p>\n<ul>\n<li>Start eines Meerwasseraquariums<\/li>\n<li>Technische Ausr\u00fcstung<\/li>\n<li>Einfacher Aquariumunterhalt<\/li>\n<li>Umwandlung von S\u00fc\u00dfwasseraquarien<\/li>\n<li>Aquascaping<\/li>\n<li>Kostensparende Tipps<\/li>\n<li>Auswahl der passenden Tiere<\/li>\n<li>Verwendung von Zus\u00e4tzen und Chemie<\/li>\n<li>L\u00f6sen von Problemen<\/li>\n<li>Vorbeugung und Bek\u00e4mpfung von Sch\u00e4dlingen<\/li>\n<\/ul>\n<p>Mit klarer Sprache und praktischen Beispielen bietet dieses Buch hilfreiche Erkl\u00e4rungen, um jedem Aquarianer zu helfen, das Aquarium noch sch\u00f6ner und ges\u00fcnder zu gestalten.<\/p>\n<p><strong>\u00dcber den Autor:<\/strong> Tanne Hoff ist Biologielehrer und erfahrener Meerwasseraquarianer. Seit \u00fcber drei\u00dfig Jahren pflegt er Meerwasseraquarien und hat zahlreiche Artikel ver\u00f6ffentlicht und Vortr\u00e4ge \u00fcber Meerwasseraquarien im In- und Ausland gehalten.<\/p>\n<p><strong>*Das Buch ist auf Niederl\u00e4ndisch geschrieben<\/strong><\/p>\n","protected":false},"excerpt":{"rendered":"<p>Brandneu und erneuert: Das meistverkaufte Buch \u00fcber Meeresaquarien<\/p>\n","protected":false},"featured_media":123965,"template":"","meta":[],"pwb-brand":[2133],"product_cat":[1582],"product_tag":[],"class_list":{"0":"post-123967","1":"product","2":"type-product","3":"status-publish","4":"has-post-thumbnail","6":"pwb-brand-divers","7":"product_cat-buecher","9":"first","10":"instock","11":"sale","12":"taxable","13":"shipping-taxable","14":"purchasable","15":"product-type-simple"},"acf":[],"brands":[{"id":2133,"name":"divers","slug":"divers"}],"_links":{"self":[{"href":"https:\/\/www.seaflowerstore.com\/de\/wp-json\/wp\/v2\/product\/123967","targetHints":{"allow":["GET"]}}],"collection":[{"href":"https:\/\/www.seaflowerstore.com\/de\/wp-json\/wp\/v2\/product"}],"about":[{"href":"https:\/\/www.seaflowerstore.com\/de\/wp-json\/wp\/v2\/types\/product"}],"wp:featuredmedia":[{"embeddable":true,"href":"https:\/\/www.seaflowerstore.com\/de\/wp-json\/wp\/v2\/media\/123965"}],"wp:attachment":[{"href":"https:\/\/www.seaflowerstore.com\/de\/wp-json\/wp\/v2\/media?parent=123967"}],"wp:term":[{"taxonomy":"pwb-brand","embeddable":true,"href":"https:\/\/www.seaflowerstore.com\/de\/wp-json\/wp\/v2\/pwb-brand?post=123967"},{"taxonomy":"product_cat","embeddable":true,"href":"https:\/\/www.seaflowerstore.com\/de\/wp-json\/wp\/v2\/product_cat?post=123967"},{"taxonomy":"product_tag","embeddable":true,"href":"https:\/\/www.seaflowerstore.com\/de\/wp-json\/wp\/v2\/product_tag?post=123967"}],"curies":[{"name":"wp","href":"https:\/\/api.w.org\/{rel}","templated":true}]}}