{"id":124006,"date":"2024-11-02T12:29:14","date_gmt":"2024-11-02T11:36:51","guid":{"rendered":"https:\/\/www.seaflowerstore.com\/?post_type=product&#038;p=124006"},"modified":"2024-11-02T12:39:10","modified_gmt":"2024-11-02T11:39:10","slug":"fauna-marin-dino-x-1000ml","status":"publish","type":"product","link":"https:\/\/www.seaflowerstore.com\/de\/fauna-marin-dino-x-1000ml\/","title":{"rendered":"Fauna Marin Dino X 1000ml"},"content":{"rendered":"<h2>Fauna Marin Dino X Entfernt Auch Dinoflagellaten und Bryopsis Algen<\/h2>\n<p>Fauna Marin Dino X ist eine kraftvolle und effektive L\u00f6sung zur Bek\u00e4mpfung von Haaralgen und anderen Algenarten in Aquarien. Zus\u00e4tzlich hilft Dino X, Dinoflagellaten und Bryopsis Algen zu entfernen, was es zu einer vielseitigen Behandlungsmethode f\u00fcr die Aquarienpflege macht.<\/p>\n<p><strong>Dosierung<\/strong><\/p>\n<ul>\n<li>5ml pro 100 Liter Aquarienwasser alle 2 Tage, bis die Algen entfernt sind, mit einer maximalen Behandlungsdauer von 21 Tagen.<\/li>\n<li>Berechnen Sie das Wasservolumen des Aquariums sorgf\u00e4ltig, um eine \u00dcberdosierung zu vermeiden.<\/li>\n<li>Dosieren Sie abends, nachdem das Licht ausgeschaltet ist; ohne Licht findet keine Photosynthese statt, was die Behandlung effektiver macht.<\/li>\n<li>Begrenzen Sie die Beleuchtung auf 6 Stunden pro Tag (Blaulicht kann bis zu 10 Stunden leuchten).<\/li>\n<li>Stellen Sie w\u00e4hrend der Behandlung sicher, dass der Absch\u00e4umer optimal und kr\u00e4ftig arbeitet.<\/li>\n<li>F\u00fcttern Sie das Aquarium nicht und f\u00fcgen Sie w\u00e4hrend der Behandlung keine Spurenelemente hinzu.<\/li>\n<li>Entfernen Sie Ozon, Aktivkohle, Zeolith und andere absorbierende Medien w\u00e4hrend der Behandlung.<\/li>\n<li>Wenn Dinoflagellaten nach einigen Tagen wieder auftreten, dosieren Sie erneut, bis sie vollst\u00e4ndig entfernt sind.<\/li>\n<\/ul>\n<p><strong>Wann Wird Dino X Verwendet?<\/strong><\/p>\n<ul>\n<li>Zur Behandlung von Derbesia und anderen Fadenalgen<\/li>\n<li>Bei Blasenalgen, Goldalgen und Halimeda (kalkhaltigen) Algen<\/li>\n<li>F\u00fcr Caulerpa-Arten<\/li>\n<li>F\u00fcr Bryopsis-Algen (kann eine l\u00e4ngere Behandlung erfordern)<\/li>\n<li>Zur Bek\u00e4mpfung von Dinoflagellaten<\/li>\n<li>Hinweis: Dieses Produkt wirkt nicht gegen Bakterien oder Cyanobakterien (Schmieralgen).<\/li>\n<\/ul>\n<p><strong>M\u00f6gliche Probleme<\/strong><\/p>\n<ul>\n<li>Fauna Marin Dino X wurde \u00fcber 10 Jahre getestet. Bei korrekter Anwendung hat es keine negativen Auswirkungen auf Korallen oder wirbellose Tiere, obwohl das Redoxniveau leicht sinken kann.<\/li>\n<li>Seeigel und Schalentieren k\u00f6nnen bei l\u00e4ngerer Anwendung oder \u00dcberdosierung Schaden nehmen.<\/li>\n<li>Caulerpa in Schlammbiotopen oder Refugien kann beeintr\u00e4chtigt werden.<\/li>\n<li>\u00dcberm\u00e4\u00dfige Entfernung von Algen kann giftige Substanzen freisetzen; es wird empfohlen, so viel Algen wie m\u00f6glich vor der Behandlung zu entfernen.<\/li>\n<li>Korallenpolypen k\u00f6nnen nach der Behandlung einige Tage geschlossen bleiben.<\/li>\n<\/ul>\n<p><em>* Lesen Sie stets die Produktbeschreibung f\u00fcr vollst\u00e4ndige Anweisungen *<\/em><\/p>\n","protected":false},"excerpt":{"rendered":"<p>Fauna Marin Dino X Entfernt Auch Dinoflagellaten und Bryopsis Algen<\/p>\n","protected":false},"featured_media":124004,"template":"","meta":[],"pwb-brand":[2177],"product_cat":[1390,1437],"product_tag":[],"class_list":{"0":"post-124006","1":"product","2":"type-product","3":"status-publish","4":"has-post-thumbnail","6":"pwb-brand-fauna-marin","7":"product_cat-medikamente","8":"product_cat-fauna-marin-de","10":"first","11":"outofstock","12":"taxable","13":"shipping-taxable","14":"purchasable","15":"product-type-simple"},"acf":[],"brands":[{"id":2177,"name":"Fauna Marin","slug":"fauna-marin"}],"_links":{"self":[{"href":"https:\/\/www.seaflowerstore.com\/de\/wp-json\/wp\/v2\/product\/124006","targetHints":{"allow":["GET"]}}],"collection":[{"href":"https:\/\/www.seaflowerstore.com\/de\/wp-json\/wp\/v2\/product"}],"about":[{"href":"https:\/\/www.seaflowerstore.com\/de\/wp-json\/wp\/v2\/types\/product"}],"wp:featuredmedia":[{"embeddable":true,"href":"https:\/\/www.seaflowerstore.com\/de\/wp-json\/wp\/v2\/media\/124004"}],"wp:attachment":[{"href":"https:\/\/www.seaflowerstore.com\/de\/wp-json\/wp\/v2\/media?parent=124006"}],"wp:term":[{"taxonomy":"pwb-brand","embeddable":true,"href":"https:\/\/www.seaflowerstore.com\/de\/wp-json\/wp\/v2\/pwb-brand?post=124006"},{"taxonomy":"product_cat","embeddable":true,"href":"https:\/\/www.seaflowerstore.com\/de\/wp-json\/wp\/v2\/product_cat?post=124006"},{"taxonomy":"product_tag","embeddable":true,"href":"https:\/\/www.seaflowerstore.com\/de\/wp-json\/wp\/v2\/product_tag?post=124006"}],"curies":[{"name":"wp","href":"https:\/\/api.w.org\/{rel}","templated":true}]}}