{"id":124027,"date":"2024-11-02T15:31:56","date_gmt":"2024-11-02T14:34:49","guid":{"rendered":"https:\/\/www.seaflowerstore.com\/?post_type=product&#038;p=124027"},"modified":"2025-04-24T22:00:47","modified_gmt":"2025-04-24T20:00:47","slug":"triton-n-fuse-component-1-100ml","status":"publish","type":"product","link":"https:\/\/www.seaflowerstore.com\/de\/triton-n-fuse-component-1-100ml\/","title":{"rendered":"Triton N-FUSE &#8211; Component 1 &#8211; 100ml"},"content":{"rendered":"<h2>Triton N-FUSE Ein Revolution\u00e4rer Synthetischer N\u00e4hrstofftr\u00e4ger f\u00fcr Korallen<\/h2>\n<p>N-FUSE ist ein revolution\u00e4rer synthetischer N\u00e4hrstofftr\u00e4ger f\u00fcr SPS- und LPS-Korallen, inspiriert von dem feinen Koraalsand, den Papageienfische ausscheiden, und entwickelt durch bahnbrechende Forschung am Great Barrier Reef in Australien. Diese fortschrittliche Formel kann nahtlos mit verschiedenen Supplements wie Aminos\u00e4uren, Korallenfutter und N\u00e4hrstoffzus\u00e4tzen kombiniert werden, wodurch deren Wirksamkeit erh\u00f6ht wird. Durch die Optimierung der F\u00fctterungseffizienz reduziert N-FUSE den Gesamtbedarf an Futter und Supplements um bis zu 70 %, was zu einer Minimierung der Wasserverschmutzung f\u00fchrt.<\/p>\n<p>Die Anwendung von N-FUSE ist einfach mit den folgenden Dosierungsanweisungen:<\/p>\n<ol>\n<li>Mischen Sie 10ml N-FUSE Teil 1 mit 100ml RODI-Wasser in einem Beh\u00e4lter.<\/li>\n<li>F\u00fcgen Sie Ihre bevorzugten Korallenfutter, N\u00e4hrstoffzus\u00e4tze, Aminos\u00e4uren usw. zu dem Beh\u00e4lter hinzu und mischen Sie gr\u00fcndlich.<\/li>\n<li>F\u00fcgen Sie 10ml N-FUSE Teil 2 zur Mischung hinzu (beobachten Sie die Bildung von Kristallpulver).<\/li>\n<li>Verwenden Sie eine Spritze, um die Mischung sanft um und direkt auf die Korallen zu dosieren, die Sie f\u00fcttern m\u00f6chten.<\/li>\n<\/ol>\n<p><strong>Vorsicht:<\/strong> Beide Komponenten (Teil 1 und Teil 2) sind f\u00fcr die Anwendung notwendig. Verwenden Sie N-FUSE bis zu 3 Mal pro Woche.<\/p>\n<p>Erleben Sie eine verbesserte N\u00e4hrstoffversorgung und Vitalit\u00e4t Ihrer Korallen mit N-FUSE\u2014eine neue Ma\u00dfstab in der Korallenpflege mit seinem innovativen N\u00e4hrstoffabgabesystem.<\/p>\n","protected":false},"excerpt":{"rendered":"<p>Triton N-FUSE ein Revolution\u00e4rer Synthetischer N\u00e4hrstofftr\u00e4ger f\u00fcr Korallen<\/p>\n","protected":false},"featured_media":124025,"template":"","meta":[],"pwb-brand":[2181],"product_cat":[1391,1385,1392],"product_tag":[],"class_list":{"0":"post-124027","1":"product","2":"type-product","3":"status-publish","4":"has-post-thumbnail","6":"pwb-brand-triton","7":"product_cat-ergaenzungen","8":"product_cat-neue-produkte","9":"product_cat-triton-de","11":"first","12":"instock","13":"taxable","14":"shipping-taxable","15":"purchasable","16":"product-type-simple"},"acf":[],"brands":[{"id":2181,"name":"Triton","slug":"triton"}],"_links":{"self":[{"href":"https:\/\/www.seaflowerstore.com\/de\/wp-json\/wp\/v2\/product\/124027","targetHints":{"allow":["GET"]}}],"collection":[{"href":"https:\/\/www.seaflowerstore.com\/de\/wp-json\/wp\/v2\/product"}],"about":[{"href":"https:\/\/www.seaflowerstore.com\/de\/wp-json\/wp\/v2\/types\/product"}],"wp:featuredmedia":[{"embeddable":true,"href":"https:\/\/www.seaflowerstore.com\/de\/wp-json\/wp\/v2\/media\/124025"}],"wp:attachment":[{"href":"https:\/\/www.seaflowerstore.com\/de\/wp-json\/wp\/v2\/media?parent=124027"}],"wp:term":[{"taxonomy":"pwb-brand","embeddable":true,"href":"https:\/\/www.seaflowerstore.com\/de\/wp-json\/wp\/v2\/pwb-brand?post=124027"},{"taxonomy":"product_cat","embeddable":true,"href":"https:\/\/www.seaflowerstore.com\/de\/wp-json\/wp\/v2\/product_cat?post=124027"},{"taxonomy":"product_tag","embeddable":true,"href":"https:\/\/www.seaflowerstore.com\/de\/wp-json\/wp\/v2\/product_tag?post=124027"}],"curies":[{"name":"wp","href":"https:\/\/api.w.org\/{rel}","templated":true}]}}