{"id":124046,"date":"2024-11-02T17:35:01","date_gmt":"2024-11-02T16:35:01","guid":{"rendered":"https:\/\/www.seaflowerstore.com\/?post_type=product&#038;p=124046"},"modified":"2024-11-02T17:40:37","modified_gmt":"2024-11-02T16:40:37","slug":"api-saltwater-master-test-kit","status":"publish","type":"product","link":"https:\/\/www.seaflowerstore.com\/de\/api-saltwater-master-test-kit\/","title":{"rendered":"API Saltwater Master Test Kit"},"content":{"rendered":"<h2>API SALTWATER MASTER TEST KIT: Essentielle Wassertests f\u00fcr Meerwasseraquarien<\/h2>\n<p>Das <strong>API\u00ae SALTWATER MASTER TEST KIT<\/strong> wurde entwickelt, um die vier wichtigsten Parameter in Meerwasseraquarien zu messen: <em>pH-Wert, Ammoniak, Nitrit<\/em> und <em>Nitrat<\/em>. Mit diesen Tests k\u00f6nnen Sie den nat\u00fcrlichen Zyklus in Ihrem Aquarium einfach \u00fcberwachen und eine gesunde Umgebung f\u00fcr Ihre Meerwasserfische und Korallen unterst\u00fctzen. Dieses Kit bietet eine schnelle, einfache und pr\u00e4zise Testerfahrung und liefert jedes Mal zuverl\u00e4ssige Ergebnisse.<\/p>\n<p>Das Kit enth\u00e4lt:<\/p>\n<ul>\n<li>Vier Testgl\u00e4ser<\/li>\n<li>Eine praktische Aufbewahrungsbox f\u00fcr sichere Lagerung<\/li>\n<li>Eine vollst\u00e4ndige, schrittweise Anleitung mit einer Farbskala f\u00fcr einfache Interpretation und Empfehlungen zur Verbesserung unsicherer Wasserbedingungen<\/li>\n<\/ul>\n<p>Mit der M\u00f6glichkeit, \u00fcber 550 Tests durchzuf\u00fchren, bietet dieses Kit Ihnen jahrelange zuverl\u00e4ssige Wasserqualit\u00e4ts\u00fcberwachung. Verbringen Sie jede Woche nur wenige Minuten damit, das Wasser in Ihrem Aquarium zu testen, um ideale Bedingungen zu schaffen und eine ges\u00fcndere Unterwasserwelt f\u00fcr Ihre Meeresbewohner zu f\u00f6rdern.<\/p>\n<p>Das Testen Ihres Meerwasseraquariums war noch nie so einfach und genau!<\/p>\n<h3>Kit-Inhalt:<\/h3>\n<ul>\n<li>Kapazit\u00e4t f\u00fcr 550 Tests<\/li>\n<li>6 Testl\u00f6sungen<\/li>\n<li>4 Testgl\u00e4ser<\/li>\n<li>Farbskala<\/li>\n<li>Leicht verst\u00e4ndliche Anleitungen<\/li>\n<\/ul>\n<h3>H\u00e4ufige Fragen zum API SALTWATER MASTER TEST KIT<\/h3>\n<p><strong>Welche Wasserparameter misst das API SALTWATER MASTER TEST KIT?<\/strong><\/p>\n<p>Das API SALTWATER MASTER TEST KIT misst <em>pH im h\u00f6heren Bereich, Ammoniak, Nitrit<\/em> und <em>Nitrat<\/em>. Regelm\u00e4\u00dfiges \u00dcberwachen dieser Parameter ist wichtig, um optimale Wasserbedingungen in Ihrem Meerwasseraquarium zu erhalten.<\/p>\n<p><strong>Kann ich das API SALTWATER MASTER TEST KIT f\u00fcr Riffaquarien verwenden?<\/strong><\/p>\n<p>Ja, das API SALTWATER MASTER TEST KIT kann in Riffaquarien verwendet werden; f\u00fcr die besten Ergebnisse wird jedoch das speziell f\u00fcr Riffaquarien entwickelte API REEF MASTER TEST KIT empfohlen.<\/p>\n<p><strong>Was ist im SALTWATER MASTER TEST KIT enthalten?<\/strong><\/p>\n<p>Das Kit enth\u00e4lt sechs Testl\u00f6sungen, leicht verst\u00e4ndliche Anleitungen, Testgl\u00e4ser und eine Farbskala f\u00fcr pr\u00e4zise Messwerte.<\/p>\n<p><strong>Wie pflege und reinige ich meine Testgl\u00e4ser?<\/strong><\/p>\n<p>Nach jedem Test ist es wichtig, die Testgl\u00e4ser sofort mit Wasser auszusp\u00fclen, um Verf\u00e4rbungen zu vermeiden. Drehen Sie den Deckel nicht, sondern \u00f6ffnen Sie ihn vorsichtig und lassen Sie Wasser durch das Glas flie\u00dfen, um die Reagenzien gr\u00fcndlich zu entfernen. Wenn R\u00fcckst\u00e4nde aus einem fr\u00fcheren Test bestehen, k\u00f6nnen Sie eine kleine Flaschenb\u00fcrste und den API Safe &amp; Easy-Reiniger verwenden, um das Innere des Glases sanft zu reinigen. Verwenden Sie keine Seife, da R\u00fcckst\u00e4nde sch\u00e4dlich f\u00fcr die Fische sein k\u00f6nnten, wenn das Glas erneut verwendet wird.<\/p>\n<p>Ersatz-Testgl\u00e4ser sind online erh\u00e4ltlich, falls zus\u00e4tzliche oder Ersatzgl\u00e4ser ben\u00f6tigt werden.<\/p>\n<p><strong>Wie stark sollte ich das Testglas beim Testen sch\u00fctteln?<\/strong><\/p>\n<p>W\u00e4hrend die Reagenzienflaschen kr\u00e4ftig gesch\u00fcttelt werden sollten, ist es wichtig, die Testgl\u00e4ser etwas sanfter zu sch\u00fctteln. Stellen Sie sicher, dass der Deckel fest sitzt, und drehen Sie das Testglas alle 1-2 Sekunden vorsichtig um, f\u00fcr die angegebene Dauer. Dieses sanfte Sch\u00fctteln mischt den Inhalt effektiv, ohne dass der Deckel sich l\u00f6st.<\/p>\n","protected":false},"excerpt":{"rendered":"<p>API SALTWATER MASTER TEST KIT: Essentielle Wassertests f\u00fcr Meerwasseraquarien<\/p>\n","protected":false},"featured_media":124038,"template":"","meta":[],"pwb-brand":[2283],"product_cat":[1400],"product_tag":[],"class_list":{"0":"post-124046","1":"product","2":"type-product","3":"status-publish","4":"has-post-thumbnail","6":"pwb-brand-api","7":"product_cat-tester","9":"first","10":"instock","11":"taxable","12":"shipping-taxable","13":"purchasable","14":"product-type-simple"},"acf":[],"brands":[{"id":2283,"name":"API","slug":"api"}],"_links":{"self":[{"href":"https:\/\/www.seaflowerstore.com\/de\/wp-json\/wp\/v2\/product\/124046","targetHints":{"allow":["GET"]}}],"collection":[{"href":"https:\/\/www.seaflowerstore.com\/de\/wp-json\/wp\/v2\/product"}],"about":[{"href":"https:\/\/www.seaflowerstore.com\/de\/wp-json\/wp\/v2\/types\/product"}],"wp:featuredmedia":[{"embeddable":true,"href":"https:\/\/www.seaflowerstore.com\/de\/wp-json\/wp\/v2\/media\/124038"}],"wp:attachment":[{"href":"https:\/\/www.seaflowerstore.com\/de\/wp-json\/wp\/v2\/media?parent=124046"}],"wp:term":[{"taxonomy":"pwb-brand","embeddable":true,"href":"https:\/\/www.seaflowerstore.com\/de\/wp-json\/wp\/v2\/pwb-brand?post=124046"},{"taxonomy":"product_cat","embeddable":true,"href":"https:\/\/www.seaflowerstore.com\/de\/wp-json\/wp\/v2\/product_cat?post=124046"},{"taxonomy":"product_tag","embeddable":true,"href":"https:\/\/www.seaflowerstore.com\/de\/wp-json\/wp\/v2\/product_tag?post=124046"}],"curies":[{"name":"wp","href":"https:\/\/api.w.org\/{rel}","templated":true}]}}