{"id":124145,"date":"2024-11-07T12:44:12","date_gmt":"2024-11-07T11:44:13","guid":{"rendered":"https:\/\/www.seaflowerstore.com\/?post_type=product&#038;p=124145"},"modified":"2025-02-15T13:36:09","modified_gmt":"2025-02-15T12:36:09","slug":"fauna-marin-soft-protein-superfood-soft-pearls-l","status":"publish","type":"product","link":"https:\/\/www.seaflowerstore.com\/de\/fauna-marin-soft-protein-superfood-soft-pearls-l\/","title":{"rendered":"Fauna Marin Soft Protein SuperFood Soft-Pearls L"},"content":{"rendered":"<h2>Fauna Marin Soft Protein SuperFood Soft-Pearls L PROTEOLYTIC SOFT FOOD FOR MARINE ORNAMENTAL FISH<\/h2>\n<p>Fauna Marin Soft Protein Super Food ist ein Alleinfuttermittel f\u00fcr Korallenfische. Dieses Granulatfutter verf\u00fcgt \u00fcber proteolytische Eigenschaften, die die allgemeine Gesundheit f\u00f6rdern.<\/p>\n<ul>\n<li>Es enth\u00e4lt hochwertige Proteine, die das Wachstum unterst\u00fctzen und das Immunsystem st\u00e4rken.<\/li>\n<li>Die spezielle proteolytische Zusammensetzung sorgt daf\u00fcr, dass Ihr Aquarium w\u00e4hrend der Verdauung verschiedene organische Stickstoffverbindungen erh\u00e4lt.<\/li>\n<li>Dieses Futter f\u00f6rdert au\u00dferdem das Korallenwachstum.<\/li>\n<\/ul>\n<h4>F\u00fctterungsanleitung:<\/h4>\n<ul>\n<li>F\u00fcttern Sie Ihre Fische mehrmals t\u00e4glich in kleinen Portionen.<\/li>\n<\/ul>\n<h4>Fische richtig f\u00fcttern:<\/h4>\n<ul>\n<li>Geben Sie nur so viel Futter, wie Ihre Fische in etwa 2 Minuten fressen k\u00f6nnen.<\/li>\n<li>Diese Vorgehensweise gew\u00e4hrleistet eine optimale Ern\u00e4hrung Ihrer Fische und minimiert gleichzeitig die N\u00e4hrstoffansammlung im Aquarium.<\/li>\n<\/ul>\n<div class=\"h3 product-detail-description-title\">Technische Daten<\/div>\n<div class=\"twt-product-detail-custom-content-text\">\n<h4>Granulatgr\u00f6\u00dfe:<\/h4>\n<ul>\n<li>M: 1,0 mm<\/li>\n<li><strong><span style=\"background-color: #ffff00;\">L: 1,8 mm<\/span><\/strong><\/li>\n<\/ul>\n<h4>Zutaten:<\/h4>\n<ul>\n<li>Rohprotein 72 %<\/li>\n<li>Rohfett 13 %<\/li>\n<li>Rohfaser 4 %<\/li>\n<li>Rohasche 5 %<\/li>\n<\/ul>\n<h4>Zusammensetzung:<\/h4>\n<ul>\n<li>Fisch und Fischnebenerzeugnisse<\/li>\n<li>Weichtiere und Krebstiere<\/li>\n<li>\u00d6le und Fette<\/li>\n<li>2 % Algen (Spirulina)<\/li>\n<li>Hefe<\/li>\n<\/ul>\n<h4>Zusatzstoffe pro kg:<\/h4>\n<ul>\n<li>Vitamin D3 (E671) 600 IE<\/li>\n<li>Spurenelemente<\/li>\n<li>Eisensulfatmonohydrat (E1) 50 mg<\/li>\n<li>Calciumjodat, wasserfrei (E2) 2,2 mg<\/li>\n<li>Kupfersulfatpentahydrat (E4) 6 mg<\/li>\n<li>Mangansulfatmonohydrat (E5) 17 mg<\/li>\n<li>Zinksulfatmonohydrat (E6) 120 mg<\/li>\n<li>Antioxidantien: 57 mg<\/li>\n<\/ul>\n<h4>Sicherheitshinweise:<\/h4>\n<ul>\n<li>Au\u00dferhalb der Reichweite von Kinder!<\/li>\n<li>Augenkontakt vermeiden! Bei Augenkontakt gr\u00fcndlich mit viel Wasser aussp\u00fclen.<\/li>\n<li>Nach Gebrauch unbedingt H\u00e4nde waschen.<\/li>\n<li>Nicht schlucken! Bei Verschlucken \u00e4rztliche Hilfe aufsuchen und Etikett vorzeigen.<\/li>\n<li>Bitte vor Gebrauch Etikett und Produktinformationen lesen.<\/li>\n<\/ul>\n<h4>Lagerungshinweise:<\/h4>\n<ul>\n<li>Das Produkt ist unge\u00f6ffnet mindestens ca. 3 Jahre haltbar.<\/li>\n<li>K\u00fchl, trocken und lichtgesch\u00fctzt bei normaler Raumtemperatur lagern.<\/li>\n<li>Nach dem \u00d6ffnen oder Lagern darauf achten, dass Kinder keinen Zugriff mehr auf das Produkt haben.<\/li>\n<\/ul>\n<\/div>\n","protected":false},"excerpt":{"rendered":"<p>Fauna Marin Soft Protein SuperFood Soft-Pearls L Proteolytisches weichfutter f\u00fcr meeresfisch<\/p>\n","protected":false},"featured_media":122754,"template":"","meta":[],"pwb-brand":[2177],"product_cat":[1438,1437,1385],"product_tag":[],"class_list":{"0":"post-124145","1":"product","2":"type-product","3":"status-publish","4":"has-post-thumbnail","6":"pwb-brand-fauna-marin","7":"product_cat-fischfutter","8":"product_cat-fauna-marin-de","9":"product_cat-neue-produkte","10":"pa_inhoud-100-ml-de","11":"pa_inhoud-250-ml-de","13":"first","14":"instock","15":"taxable","16":"shipping-taxable","17":"purchasable","18":"product-type-variable"},"acf":[],"brands":[{"id":2177,"name":"Fauna Marin","slug":"fauna-marin"}],"_links":{"self":[{"href":"https:\/\/www.seaflowerstore.com\/de\/wp-json\/wp\/v2\/product\/124145","targetHints":{"allow":["GET"]}}],"collection":[{"href":"https:\/\/www.seaflowerstore.com\/de\/wp-json\/wp\/v2\/product"}],"about":[{"href":"https:\/\/www.seaflowerstore.com\/de\/wp-json\/wp\/v2\/types\/product"}],"wp:featuredmedia":[{"embeddable":true,"href":"https:\/\/www.seaflowerstore.com\/de\/wp-json\/wp\/v2\/media\/122754"}],"wp:attachment":[{"href":"https:\/\/www.seaflowerstore.com\/de\/wp-json\/wp\/v2\/media?parent=124145"}],"wp:term":[{"taxonomy":"pwb-brand","embeddable":true,"href":"https:\/\/www.seaflowerstore.com\/de\/wp-json\/wp\/v2\/pwb-brand?post=124145"},{"taxonomy":"product_cat","embeddable":true,"href":"https:\/\/www.seaflowerstore.com\/de\/wp-json\/wp\/v2\/product_cat?post=124145"},{"taxonomy":"product_tag","embeddable":true,"href":"https:\/\/www.seaflowerstore.com\/de\/wp-json\/wp\/v2\/product_tag?post=124145"}],"curies":[{"name":"wp","href":"https:\/\/api.w.org\/{rel}","templated":true}]}}