{"id":124276,"date":"2024-11-14T16:13:04","date_gmt":"2024-11-14T15:13:04","guid":{"rendered":"https:\/\/www.seaflowerstore.com\/?post_type=product&#038;p=124276"},"modified":"2024-11-14T16:21:09","modified_gmt":"2024-11-14T15:21:09","slug":"vca-ultimate-return-line-upgrade-kit-dual-1-2-flex-series-rfg","status":"publish","type":"product","link":"https:\/\/www.seaflowerstore.com\/de\/vca-ultimate-return-line-upgrade-kit-dual-1-2-flex-series-rfg\/","title":{"rendered":"VCA Ultimate Return Line Upgrade Kit \u2013 Dual 1\/2 Flex-Series RFG"},"content":{"rendered":"<h2>VCA Ultimate Return Line Upgrade Kit \u2013 Dual 1\/2 Flex-Series RFG f\u00fcr einen sch\u00f6nen zuf\u00e4lligen Aquariumausfluss<\/h2>\n<p>Verbessern Sie die Wasserzirkulation in Ihrem Aquarium mit dem <strong>Ultimate Return Line Upgrade Kit<\/strong> \u2013 speziell entwickelt f\u00fcr Red Sea Reefer\u2122 Aquarien und viele weitere Modelle. Diese Kit-Kombination aus fortschrittlichen Random Flow Generator\u00ae D\u00fcsen und flexiblen, langlebigen Komponenten sorgt f\u00fcr eine optimale Wasserbewegung und schafft eine ges\u00fcndere, dynamische Umgebung f\u00fcr Ihre aquatischen Lebewesen.<\/p>\n<h3>Kit-Inhalt:<\/h3>\n<ul>\n<li><strong>Patentierte Random Flow Generator\u00ae D\u00fcsen<\/strong>: 2 x 1\/2 Zoll Flex-Series Random Flow Generator\u00ae D\u00fcsen (RFG050-FLX) f\u00fcr zuf\u00e4llige Wasserbewegungen<\/li>\n<li><strong>Neue Flex-Series Adapter<\/strong>: Enth\u00e4lt einen <em>25mm auf 3\/4 Zoll Rohradapter<\/em> und den vielseitigen <em>2530-075 Multidapter\u2122<\/em> f\u00fcr vielseitige Kompatibilit\u00e4t<\/li>\n<li><strong>Original Loc-Line\u00ae Komponenten<\/strong>: Enth\u00e4lt eine 3\/4 Zoll auf 1\/2 Zoll Y-Kupplung und vier Abschnitte des originalen 1\/2 Zoll Loc-Line\u00ae<\/li>\n<li><strong>Flex-Series Random Flow Generator\u00ae D\u00fcse<\/strong>: Hergestellt aus langlebigem, extrem flexiblem TPU (Thermoplastisches Polyurethan), sicher f\u00fcr den Riffgebrauch<\/li>\n<\/ul>\n<p>Dank der <strong>ultimativen Kompatibilit\u00e4t<\/strong> ist dieses Kit mit zahlreichen Aquarienmarken und -modellen kompatibel, darunter:<\/p>\n<ul>\n<li>Red Sea Reefer\u2122 (empfohlen f\u00fcr Modelle 525 und kleiner)<\/li>\n<li>Original 3\/4 Zoll Loc-Line\u00ae Anschl\u00fcsse (einschlie\u00dflich der meisten individuell angefertigten Aquarien)<\/li>\n<li>Red Sea MAX (R\u00fccklauf)<\/li>\n<li>CADE Reef Series Aquarium<\/li>\n<li>25mm metrisches Rohr<\/li>\n<li>3\/4 Zoll Slip- oder Gewindebuchsen<\/li>\n<li>3\/4 Zoll Schl40 PVC-Rohrwinkel und Buchsenanschl\u00fcsse<\/li>\n<li>1 Zoll Schl40 PVC-Rohr<\/li>\n<li>Alle Buchsen oder Rohrbuchsen mit einem Innendurchmesser von 25mm bis 30mm<\/li>\n<li>MarineCost und weitere Modelle<\/li>\n<\/ul>\n<h3>Enth\u00e4lt einen Multidapter\u2122<\/h3>\n<p>Dieses Kit enth\u00e4lt zus\u00e4tzlich den <strong>innovativen 2530-075 Multidapter\u2122<\/strong>, der noch mehr Flexibilit\u00e4t bei der Anpassung des Systems an Ihr Aquarium bietet.<\/p>\n<h3>Flex-Series Random Flow Generator\u00ae D\u00fcse<\/h3>\n<p>Die <strong>RFG Flex Series D\u00fcse<\/strong> ist so konzipiert, dass sie sowohl auf originale Loc-Line\u00ae modulare Schl\u00e4uche als auch auf \u00e4hnliche modulare Schlauchanschl\u00fcsse passt und somit eine hohe <strong>Flexibilit\u00e4t<\/strong> bietet. Dies macht sie direkt kompatibel mit einer breiten Palette von Aquarien und modularen Schlauchsystemen.<\/p>\n<h3>Haltbarkeit<\/h3>\n<p>Gefertigt aus starkem, extrem widerstandsf\u00e4higem und flexiblem Material, ist die RFG Flex Series D\u00fcse darauf ausgelegt, lange zu halten. Diese D\u00fcse wird nicht rei\u00dfen oder brechen und bietet au\u00dfergew\u00f6hnliche Haltbarkeit, was sie zu einer zuverl\u00e4ssigen Wahl f\u00fcr Aquarienliebhaber macht. Die Reinigung ist zudem einfach, da sich die meisten Algen und Biofilme mit minimalem Aufwand entfernen lassen.<\/p>\n<h3>Patentierte Random Flow Generator\u00ae D\u00fcse \u2013 Ein Bew\u00e4hrtes Design<\/h3>\n<p>Die <strong>Random Flow Generator\u00ae D\u00fcse<\/strong> in der RFG Flex Series setzt auf das bew\u00e4hrte, patentierte Design, auf das Aquarienliebhaber und Branchenprofis vertrauen. Diese D\u00fcse verbessert die Wasserbewegung und erzeugt eine nat\u00fcrliche, zuf\u00e4llige Str\u00f6mung, die ozeanische Bedingungen imitiert und so eine optimale Umgebung f\u00fcr Ihre Aquarienbewohner schafft. Die RFG Flex Series baut auf jahrelanges Vertrauen auf und bietet nun eine verbesserte Haltbarkeit, Flexibilit\u00e4t und erweiterte Funktionalit\u00e4t.<\/p>\n","protected":false},"excerpt":{"rendered":"<p>VCA Ultimate Return Line Upgrade Kit \u2013 Dual 1\/2 Flex-Series RFG f\u00fcr einen sch\u00f6nen zuf\u00e4lligen Aquariumausfluss<\/p>\n","protected":false},"featured_media":124265,"template":"","meta":[],"pwb-brand":[2269],"product_cat":[1429],"product_tag":[],"class_list":{"0":"post-124276","1":"product","2":"type-product","3":"status-publish","4":"has-post-thumbnail","6":"pwb-brand-vca","7":"product_cat-vivid-creative-aquatics-de","9":"first","10":"instock","11":"taxable","12":"shipping-taxable","13":"purchasable","14":"product-type-simple"},"acf":[],"brands":[{"id":2269,"name":"VCA","slug":"vca"}],"_links":{"self":[{"href":"https:\/\/www.seaflowerstore.com\/de\/wp-json\/wp\/v2\/product\/124276","targetHints":{"allow":["GET"]}}],"collection":[{"href":"https:\/\/www.seaflowerstore.com\/de\/wp-json\/wp\/v2\/product"}],"about":[{"href":"https:\/\/www.seaflowerstore.com\/de\/wp-json\/wp\/v2\/types\/product"}],"wp:featuredmedia":[{"embeddable":true,"href":"https:\/\/www.seaflowerstore.com\/de\/wp-json\/wp\/v2\/media\/124265"}],"wp:attachment":[{"href":"https:\/\/www.seaflowerstore.com\/de\/wp-json\/wp\/v2\/media?parent=124276"}],"wp:term":[{"taxonomy":"pwb-brand","embeddable":true,"href":"https:\/\/www.seaflowerstore.com\/de\/wp-json\/wp\/v2\/pwb-brand?post=124276"},{"taxonomy":"product_cat","embeddable":true,"href":"https:\/\/www.seaflowerstore.com\/de\/wp-json\/wp\/v2\/product_cat?post=124276"},{"taxonomy":"product_tag","embeddable":true,"href":"https:\/\/www.seaflowerstore.com\/de\/wp-json\/wp\/v2\/product_tag?post=124276"}],"curies":[{"name":"wp","href":"https:\/\/api.w.org\/{rel}","templated":true}]}}