{"id":124332,"date":"2024-11-16T14:22:37","date_gmt":"2024-11-16T13:26:34","guid":{"rendered":"https:\/\/www.seaflowerstore.com\/?post_type=product&#038;p=124332"},"modified":"2024-11-16T14:26:35","modified_gmt":"2024-11-16T13:26:35","slug":"aquaforest-calcium-35-kg","status":"publish","type":"product","link":"https:\/\/www.seaflowerstore.com\/de\/aquaforest-calcium-35-kg\/","title":{"rendered":"AquaForest Calcium &#8211; 3,5 kg"},"content":{"rendered":"<h2>Aquaforest Calcium 3500g zur Aufrechterhaltung stabiler Calciumwerte und pH-Balance in Riffaquarien<\/h2>\n<p>Dieses Produkt wurde speziell entwickelt, um konstante Calciumwerte aufrechtzuerhalten und die pH-Balance in Riffaquarien zu optimieren. Stabile Calciumwerte sind entscheidend f\u00fcr das gesunde Wachstum von Korallen und Kalkrotalgen in Meerwasseraquarien. Der empfohlene Calciumwert f\u00fcr Riffaquarien liegt bei <strong>380 bis 460 mg\/l (ppm)<\/strong>.<\/p>\n<p><strong>Dosierung:<\/strong> L\u00f6sen Sie 50 g Calcium in 1000 ml RODI-Wasser auf. Die erforderliche Dosierung h\u00e4ngt von den Ergebnissen der Wassertests und dem t\u00e4glichen Verbrauch der Korallen ab. Es wird dringend empfohlen, vor der Zugabe der Calciuml\u00f6sung einen Wassertest durchzuf\u00fchren, um die aktuellen Parameter zu ermitteln.<\/p>\n<p>100 ml Calciuml\u00f6sung erh\u00f6hen den Calciumgehalt in 100 Litern Wasser um <strong>17,5 mg\/l (ppm)<\/strong>. F\u00fcr eine einmalige Anpassung des Calciumgehalts erh\u00f6hen <strong>10 g Calcium in 100 Litern Wasser den Calciumgehalt um etwa 35 mg\/l (ppm)<\/strong>.<\/p>\n<p><strong>Wichtige Empfehlung:<\/strong> Erh\u00f6hen Sie den Calciumgehalt nicht um mehr als 20 ppm pro Tag. Um das ionische Gleichgewicht im Aquarium zu gew\u00e4hrleisten, empfehlen wir zus\u00e4tzlich die Verwendung von <em>KH Buffer<\/em> und <em>Reef Mineral Salt<\/em>. Calcium und Magnesium k\u00f6nnen bei Bedarf zu einer einzigen L\u00f6sung kombiniert werden.<\/p>\n<p><strong>Inhaltsstoffe:<\/strong> Calciumchlorid &#8211; CaCl2 (<em>CAS: 10043-52-4<\/em>).<\/p>\n","protected":false},"excerpt":{"rendered":"<p>Aquaforest Calcium 3500g zur Aufrechterhaltung stabiler Calciumwerte und pH-Balance in Riffaquarien<\/p>\n","protected":false},"featured_media":124330,"template":"","meta":[],"pwb-brand":[2199],"product_cat":[1391],"product_tag":[],"class_list":{"0":"post-124332","1":"product","2":"type-product","3":"status-publish","4":"has-post-thumbnail","6":"pwb-brand-aquaforest","7":"product_cat-ergaenzungen","9":"first","10":"instock","11":"sale","12":"taxable","13":"shipping-taxable","14":"purchasable","15":"product-type-simple"},"acf":[],"brands":[{"id":2199,"name":"Aquaforest","slug":"aquaforest"}],"_links":{"self":[{"href":"https:\/\/www.seaflowerstore.com\/de\/wp-json\/wp\/v2\/product\/124332","targetHints":{"allow":["GET"]}}],"collection":[{"href":"https:\/\/www.seaflowerstore.com\/de\/wp-json\/wp\/v2\/product"}],"about":[{"href":"https:\/\/www.seaflowerstore.com\/de\/wp-json\/wp\/v2\/types\/product"}],"wp:featuredmedia":[{"embeddable":true,"href":"https:\/\/www.seaflowerstore.com\/de\/wp-json\/wp\/v2\/media\/124330"}],"wp:attachment":[{"href":"https:\/\/www.seaflowerstore.com\/de\/wp-json\/wp\/v2\/media?parent=124332"}],"wp:term":[{"taxonomy":"pwb-brand","embeddable":true,"href":"https:\/\/www.seaflowerstore.com\/de\/wp-json\/wp\/v2\/pwb-brand?post=124332"},{"taxonomy":"product_cat","embeddable":true,"href":"https:\/\/www.seaflowerstore.com\/de\/wp-json\/wp\/v2\/product_cat?post=124332"},{"taxonomy":"product_tag","embeddable":true,"href":"https:\/\/www.seaflowerstore.com\/de\/wp-json\/wp\/v2\/product_tag?post=124332"}],"curies":[{"name":"wp","href":"https:\/\/api.w.org\/{rel}","templated":true}]}}