{"id":124356,"date":"2024-11-17T11:56:47","date_gmt":"2024-11-17T11:00:45","guid":{"rendered":"https:\/\/www.seaflowerstore.com\/?post_type=product&#038;p=124356"},"modified":"2025-05-21T12:22:22","modified_gmt":"2025-05-21T10:22:22","slug":"deltec-uv-sterilizer","status":"publish","type":"product","link":"https:\/\/www.seaflowerstore.com\/de\/deltec-uv-sterilizer\/","title":{"rendered":"Deltec UV Sterilizer"},"content":{"rendered":"<h2>Deltec UV-Sterilisator: Eine hervorragende Wahl zur Erhaltung der Gesundheit und Klarheit von Aquariumwasser<\/h2>\n<p>Deltec T5 UV-Sterilisatoren sind speziell f\u00fcr den Einsatz in Aquarien entwickelt und bieten au\u00dfergew\u00f6hnliche Leistung und Zuverl\u00e4ssigkeit. Diese Sterilisatoren sind kompakt, aber leistungsstark und \u00fcbertreffen herk\u00f6mmliche UV-Sterilisatoren durch ihre fortschrittliche Bauweise. Sowohl das T5-Rohr als auch der Schutzschlauch bestehen aus hochwertigem Quarz, was f\u00fcr eine \u00fcberlegene Haltbarkeit und Leistung sorgt.<\/p>\n<p>Der UV-Filter ist \u00e4u\u00dferst effektiv bei der Beseitigung von Algen in Suspension, was zu kristallklarem Wasser f\u00fcr Salzwasseraquarien f\u00fchrt. Dar\u00fcber hinaus neutralisiert er sch\u00e4dliche Bakterien und Krankheitserreger, wodurch das Risiko von Infektionen bei Fischen erheblich reduziert wird. Dies sorgt f\u00fcr eine ges\u00fcndere und stabilere aquatische Umgebung und f\u00f6rdert das Wohlbefinden der Aquarium-Bewohner.<\/p>\n<p>Ausgestattet mit einem elektronischen Vorschaltger\u00e4t und einer T5-Lampe bieten diese Sterilisatoren eine konstante Strahlungs\u00fcbertragung, maximale Effizienz und eine Lebensdauer von bis zu 9.000 Stunden. Diese Eigenschaften machen die Deltec T5 UV-Sterilisatoren zu einer ausgezeichneten Wahl zur Erhaltung der Gesundheit und Klarheit von Aquariumwasser.<\/p>\n<h3>UV-Sterilisatoren<\/h3>\n<p>Die Verwendung von UV-C-Strahlung vom Typ C gilt als die effektivste Methode, um Wasser zu sterilisieren. Dieser Prozess ben\u00f6tigt keine Chemikalien und eliminiert somit das Risiko einer gef\u00e4hrlichen \u00dcberdosierung. Dar\u00fcber hinaus erfolgt die Sterilisation sofort, ohne dass lange Bearbeitungszeiten erforderlich sind.<\/p>\n<p>Die hochkonzentrierte UV-C-Energie hat eine t\u00f6dliche Wirkung auf lebende Organismen, indem sie deren genetisches Material (DNA) ver\u00e4ndert und ihre Fortpflanzungsf\u00e4higkeit hemmt. Die keimt\u00f6tenden Eigenschaften der UV-C-Strahlung sind sehr effektiv beim Abt\u00f6ten von Bakterien, Viren, Protozoen, Algen, Hefen und Schimmelsporen.<\/p>\n<p>Verschiedene Arten von Krankheitserregern oder Bakterien ben\u00f6tigen unterschiedliche Strahlungsst\u00e4rken, um entweder abget\u00f6tet zu werden oder ihre Funktion und Vermehrung zu stoppen. Deltec UV-Sterilisatoren sind so konstruiert, dass sie eine Strahlungsintensit\u00e4t von 33.000 Mikrowatt\/sec\/sq.cm erzeugen, die ausreicht, um die meisten g\u00e4ngigen Krankheitserreger in S\u00fc\u00df- und Salzwasseraquarien zu zerst\u00f6ren. Wenn n\u00f6tig, kann die Intensit\u00e4t durch Reduzierung der Durchflussrate durch das Ger\u00e4t erh\u00f6ht werden.<\/p>\n<h3>Verf\u00fcgbare Gr\u00f6\u00dfen<\/h3>\n<ul>\n<li><strong>Produktcode RUW201:<\/strong> 10 W UV, entspricht einem herk\u00f6mmlichen 20W UV<\/li>\n<li><strong>Produktcode RUW202:<\/strong> 20 W UV, entspricht einem herk\u00f6mmlichen 40W UV<\/li>\n<li><strong>Produktcode RUW203:<\/strong> 39 W UV, entspricht einem herk\u00f6mmlichen 80W UV<\/li>\n<li><strong>Produktcode RUW204:<\/strong> 48 W UV, entspricht einem herk\u00f6mmlichen 96W UV<\/li>\n<li><strong>Produktcode RUW206:<\/strong> 80 W UV, entspricht einem herk\u00f6mmlichen 160W UV<\/li>\n<\/ul>\n<h3>\u00dcbertragungsverluste<\/h3>\n<p>Quarz ist bekannt daf\u00fcr, dass es zu 96-98% transparent f\u00fcr UV-C-Strahlung ist, w\u00e4hrend normales Glas die \u00dcbertragung um etwa 50% reduziert. Aus diesem Grund verf\u00fcgen UV-Sterilisatoren \u00fcber eine Quarz-Sleeve zwischen dem Wasser und der Lampe.<\/p>\n<p>Viele Menschen sind sich jedoch nicht bewusst, dass herk\u00f6mmliche UV-Sterilisatoren UV-Strahlung aus einem herk\u00f6mmlichen Glasrohr erzeugen, wodurch die H\u00e4lfte der Intensit\u00e4t verloren geht, bevor die Strahlung das Rohr verl\u00e4sst. Im Gegensatz dazu verf\u00fcgen Deltec UV-Sterilisatoren \u00fcber eine reine Quarzlamp und eine Quarz-Sleeve, sodass 98% der erzeugten UV-C-Strahlung genutzt werden k\u00f6nnen. Das bedeutet, dass die Modelle fast doppelt so viel UV-C pro Watt erzeugen wie herk\u00f6mmliche Ger\u00e4te mit einer Glaslampe, wodurch sie viel kompakter sind und sich leichter in Aquariengeh\u00e4use integrieren lassen.<\/p>\n<h3>Merkmale<\/h3>\n<ul>\n<li>Schlanke, hochintensive Quarzlampe mit keramischer Kappe f\u00fcr effektive thermische Isolierung.<\/li>\n<li>Elektronisches Vorschaltger\u00e4t f\u00fcr flimmerfreie Funktion, wodurch die Lebensdauer der Lampe verdoppelt wird.<\/li>\n<li>Reine Quarz-Sleeve verhindert thermische Schocks und h\u00e4lt die Lampe bei optimaler Temperatur f\u00fcr maximale UV-C-Leistung, unabh\u00e4ngig von der Wassertemperatur.<\/li>\n<li>Verst\u00e4rktes, UV-best\u00e4ndiges Kunststoffgeh\u00e4use verhindert eine Zersetzung im Laufe der Zeit.<\/li>\n<li>Einseitiges Design und wasserdichte Isolierung gem\u00e4\u00df der CE IP67-Norm.<\/li>\n<li>Erm\u00f6glicht eine teilweise Unterwasserinstallation im Sumpf, wodurch der Platzbedarf f\u00fcr die Installation reduziert wird.<\/li>\n<li>Viton-Dichtung f\u00fcr eine langlebige, UV-best\u00e4ndige Abdichtung.<\/li>\n<li>L\u00e4sst sich leicht zu UV-Ger\u00e4tegruppen verbinden, die mit Standard-Rohrleitungen verbunden werden k\u00f6nnen.<\/li>\n<\/ul>\n<h3>Technische Daten<\/h3>\n<table>\n<thead>\n<tr>\n<th>Typ<\/th>\n<th>Stromverbrauch<\/th>\n<th>Wasserflussrate<\/th>\n<th>Aquariumgr\u00f6\u00dfe (Normale Besatzung)<\/th>\n<th>Aquariumgr\u00f6\u00dfe (Hohe Besatzung)<\/th>\n<th>Abmessungen (L x B x H in mm)<\/th>\n<\/tr>\n<\/thead>\n<tbody>\n<tr>\n<td>Typ 101<\/td>\n<td>10 Watt<\/td>\n<td>500 Liter\/h<\/td>\n<td>500 Liter<\/td>\n<td>250 Liter<\/td>\n<td>310\/85\/160<br \/>\nHose size: 9mm ID-12 mm OD<\/td>\n<\/tr>\n<tr>\n<td>Typ 201<\/td>\n<td>20 Watt<\/td>\n<td>1000 Liter\/h<\/td>\n<td>1000 Liter<\/td>\n<td>500 Liter<\/td>\n<td>530\/85\/160<\/p>\n<div>Hose size : 12mm ID-16mm OD<\/div>\n<\/td>\n<\/tr>\n<tr>\n<td>Typ 391<\/td>\n<td>39 Watt<\/td>\n<td>2000 Liter\/h<\/td>\n<td>2000 Liter<\/td>\n<td>1000 Liter<\/td>\n<td>930\/85\/160<br \/>\nHose Size : 16mm ID 22mm OD<\/td>\n<\/tr>\n<tr>\n<td>Typ 801<\/td>\n<td>80 Watt<\/td>\n<td>3600 Liter\/h<\/td>\n<td>3600 Liter<\/td>\n<td>1800 Liter<\/td>\n<td>930\/85\/160<br \/>\nHose Size : 16mm ID 22mm OD<\/td>\n<\/tr>\n<tr>\n<td>Typ 802<\/td>\n<td>2&#215;80 Watt<\/td>\n<td>7200 Liter\/h<\/td>\n<td>7200 Liter<\/td>\n<td>3600 Liter<\/td>\n<td>930\/250\/280<br \/>\nHose Size : 16mm ID 22mm OD<\/td>\n<\/tr>\n<tr>\n<td>Typ 804<\/td>\n<td>4&#215;80 Watt<\/td>\n<td>7200 Liter\/h<\/td>\n<td>14400 Liter<\/td>\n<td>7200 Liter<\/td>\n<td>930\/430\/280<br \/>\nHose Size : 16mm ID 22mm OD<\/td>\n<\/tr>\n<\/tbody>\n<\/table>\n<h4>Erkl\u00e4rung zur Wasserflussrate<\/h4>\n<ul>\n<li><strong>Reef System:<\/strong> (1-2 mal Umw\u00e4lzung pro Stunde)<\/li>\n<li><strong>Fish Only:<\/strong> (2-4 mal Umw\u00e4lzung pro Stunde)<\/li>\n<\/ul>\n<p><strong>Bitte beachten Sie: Diese UVC-Einheit ist ein empfindliches Produkt. Wir verpacken sie sorgf\u00e4ltig und sicher f\u00fcr den Versand. Der Versand erfolgt jedoch auf Ihr Risiko. F\u00fcr Transportsch\u00e4den \u00fcbernehmen wir keine Haftung.<\/strong><\/p>\n","protected":false},"excerpt":{"rendered":"<p>Deltec UV-Sterilisator: Eine hervorragende Wahl zur Erhaltung der Gesundheit und Klarheit von Aquariumwasser<\/p>\n","protected":false},"featured_media":124352,"template":"","meta":[],"pwb-brand":[2127],"product_cat":[1439],"product_tag":[],"class_list":{"0":"post-124356","1":"product","2":"type-product","3":"status-publish","4":"has-post-thumbnail","6":"pwb-brand-deltec","7":"product_cat-uvc-lampe-de","8":"pa_wattage-10-watt-de","9":"pa_wattage-20-watt-de","10":"pa_wattage-2x-80w-de","11":"pa_wattage-39-watt-de","12":"pa_wattage-4x-80w-de","13":"pa_wattage-80-watt-de","15":"first","16":"instock","17":"sale","18":"taxable","19":"shipping-taxable","20":"purchasable","21":"product-type-variable"},"acf":[],"brands":[{"id":2127,"name":"Deltec","slug":"deltec"}],"_links":{"self":[{"href":"https:\/\/www.seaflowerstore.com\/de\/wp-json\/wp\/v2\/product\/124356","targetHints":{"allow":["GET"]}}],"collection":[{"href":"https:\/\/www.seaflowerstore.com\/de\/wp-json\/wp\/v2\/product"}],"about":[{"href":"https:\/\/www.seaflowerstore.com\/de\/wp-json\/wp\/v2\/types\/product"}],"wp:featuredmedia":[{"embeddable":true,"href":"https:\/\/www.seaflowerstore.com\/de\/wp-json\/wp\/v2\/media\/124352"}],"wp:attachment":[{"href":"https:\/\/www.seaflowerstore.com\/de\/wp-json\/wp\/v2\/media?parent=124356"}],"wp:term":[{"taxonomy":"pwb-brand","embeddable":true,"href":"https:\/\/www.seaflowerstore.com\/de\/wp-json\/wp\/v2\/pwb-brand?post=124356"},{"taxonomy":"product_cat","embeddable":true,"href":"https:\/\/www.seaflowerstore.com\/de\/wp-json\/wp\/v2\/product_cat?post=124356"},{"taxonomy":"product_tag","embeddable":true,"href":"https:\/\/www.seaflowerstore.com\/de\/wp-json\/wp\/v2\/product_tag?post=124356"}],"curies":[{"name":"wp","href":"https:\/\/api.w.org\/{rel}","templated":true}]}}