{"id":124395,"date":"2024-11-17T22:56:13","date_gmt":"2024-11-17T21:56:13","guid":{"rendered":"https:\/\/www.seaflowerstore.com\/?post_type=product&#038;p=124395"},"modified":"2024-11-17T23:18:27","modified_gmt":"2024-11-17T22:18:27","slug":"triton-core7-flex-reef-supplements-bulk","status":"publish","type":"product","link":"https:\/\/www.seaflowerstore.com\/de\/triton-core7-flex-reef-supplements-bulk\/","title":{"rendered":"Triton Core7 Flex Reef Supplements Bulk"},"content":{"rendered":"<h2>Triton Core7 Flex Reef Supplements Bulk um Flexibilit\u00e4t und Effizienz bei der Nahrungserg\u00e4nzung von Riffaquarien zu bieten<\/h2>\n<p>Das CORE7 Reef Supplements Set FLEX ist eine innovative Dosierl\u00f6sung, die Flexibilit\u00e4t und Effizienz bei der Pflege von Riffaquarien bietet. Dieses Produkt erm\u00f6glicht es Aquarianern, zwei oder vier L\u00f6sungen zu erstellen, wodurch der Platzbedarf auf Dosierpumpen optimiert wird. CORE7 wurde speziell f\u00fcr die Verwendung mit Pflegeverfahren f\u00fcr Riffaquarien entwickelt, die nicht der TRITON-Methode folgen, und bietet un\u00fcbertroffene Leistung und Wert.<\/p>\n<h3>Wichtigste Merkmale<\/h3>\n<ul>\n<li>Ein komplettes Set an L\u00f6sungen zur Aufrechterhaltung der nat\u00fcrlichen Meerwasserparameter in Riffaquarien.<\/li>\n<li>Kann mit jeder Pflege-Methode verwendet werden und ist nicht auf TRITON-Protokolle beschr\u00e4nkt.<\/li>\n<li>Die konzentrierteste Supplementl\u00f6sung, die je entwickelt wurde, bietet maximale Stabilit\u00e4t und ein hervorragendes Preis-Leistungs-Verh\u00e4ltnis.<\/li>\n<li>Neu formuliert, um die Stabilit\u00e4t zu verbessern, den pH-Wert zu erh\u00f6hen und das Korallenwachstum zu f\u00f6rdern.<\/li>\n<li>Basierend auf jahrelanger wissenschaftlicher Forschung und Erkenntnissen aus tausenden ICP-Wasseranalysen weltweit.<\/li>\n<li>Sorgt f\u00fcr ein perfektes nat\u00fcrliches Gleichgewicht von Haupt-, Neben- und Spurenelementen und verhindert ionische St\u00f6rungen.<\/li>\n<\/ul>\n<h3>Mischoptionen<\/h3>\n<p>Das CORE7 Reef Supplements Set FLEX bietet zwei Zubereitungsoptionen, um Ihre Dosieranforderungen zu erf\u00fcllen:<\/p>\n<ul>\n<li><strong>4 x 4L L\u00f6sungen:<\/strong> Ideal f\u00fcr pr\u00e4zises Dosieren und die individuelle Verwaltung von Elementen.<\/li>\n<li><strong>2 x 8L L\u00f6sungen:<\/strong> Praktisch zur Reduzierung der ben\u00f6tigten L\u00f6sungsanzahl und zur Platzersparnis.<\/li>\n<\/ul>\n<h3>Zubereitungsanleitung<\/h3>\n<h4>Zubereitung von 4 x 4L L\u00f6sungen<\/h4>\n<ul>\n<li><strong>L\u00f6sung (1):<\/strong> Mischen Sie das Pulver aus Beutel A + Beutel D mit 4x Fl\u00fcssigkeit 1b in 2800ml RO\/DI-Wasser, um 4L L\u00f6sung herzustellen. Diese L\u00f6sung enth\u00e4lt MG\/K\/Sr\/F\/B\/Br (ionische L\u00f6sung). Gie\u00dfen Sie die L\u00f6sung in einen Messbeh\u00e4lter.<\/li>\n<li><strong>L\u00f6sung (2):<\/strong> Mischen Sie das Pulver aus Beutel B in 3200ml RO\/DI-Wasser, um 4L L\u00f6sung herzustellen. Diese L\u00f6sung enth\u00e4lt CA (ionische L\u00f6sung). Gie\u00dfen Sie die L\u00f6sung in einen Messbeh\u00e4lter.<\/li>\n<li><strong>L\u00f6sung (3a):<\/strong> Mischen Sie das Pulver aus 1x Beutel C in 3840ml RO\/DI-Wasser, um 4L ALK\/DKH-L\u00f6sung herzustellen. Gie\u00dfen Sie die L\u00f6sung in einen Messbeh\u00e4lter.<\/li>\n<li><strong>L\u00f6sung (3b):<\/strong> Wiederholen Sie die gleichen Schritte wie bei L\u00f6sung 3a mit einem weiteren Beutel C, um eine zus\u00e4tzliche 4L ALK\/DKH-L\u00f6sung herzustellen. Gie\u00dfen Sie die L\u00f6sung in einen Messbeh\u00e4lter.<\/li>\n<\/ul>\n<h4>Zubereitung von 2 x 8L L\u00f6sungen<\/h4>\n<ul>\n<li><strong>L\u00f6sung (1):<\/strong> Mischen Sie das Pulver aus Beutel A + Beutel B mit 4x Fl\u00fcssigkeit 1b in 6000ml RO\/DI-Wasser, um 8L CA\/MG\/K\/Sr\/F\/B\/Br (ionische L\u00f6sung) herzustellen. Gie\u00dfen Sie die L\u00f6sung in einen Messbeh\u00e4lter.<\/li>\n<li><strong>L\u00f6sung (2):<\/strong> Mischen Sie das Pulver aus 2x Beutel C + Beutel D in 6000ml RO\/DI-Wasser, um 8L ALK\/DKH-L\u00f6sung herzustellen. Gie\u00dfen Sie die L\u00f6sung in einen Messbeh\u00e4lter.<\/li>\n<\/ul>\n<h3>Warum CORE7 Reef Supplements w\u00e4hlen?<\/h3>\n<p>Mit der Verwendung von CORE7 Reef Supplements k\u00f6nnen Aquarianer die \u00fcberlegenen Vorteile der TRITON-Supplementierungsmethode genie\u00dfen, ohne sich strikt an deren Protokolle halten zu m\u00fcssen. Dieses revolution\u00e4re Produkt sorgt f\u00fcr optimale Wasserqualit\u00e4t, Korallengesundheit und Wachstum und bietet gleichzeitig Benutzerfreundlichkeit und au\u00dfergew\u00f6hnlichen Wert. Die konzentrierte Formel minimiert den Dosieraufwand und den Platzbedarf, was es zu einer idealen Wahl f\u00fcr Riffaquarienlieb<\/p>\n","protected":false},"excerpt":{"rendered":"<p>Triton Core7 Flex Reef Supplements Bulk um Flexibilit\u00e4t und Effizienz bei der Nahrungserg\u00e4nzung von Riffaquarien zu bieten<\/p>\n","protected":false},"featured_media":124392,"template":"","meta":[],"pwb-brand":[2181],"product_cat":[1391,1385,1392],"product_tag":[],"class_list":{"0":"post-124395","1":"product","2":"type-product","3":"status-publish","4":"has-post-thumbnail","6":"pwb-brand-triton","7":"product_cat-ergaenzungen","8":"product_cat-neue-produkte","9":"product_cat-triton-de","11":"first","12":"instock","13":"taxable","14":"shipping-taxable","15":"purchasable","16":"product-type-simple"},"acf":[],"brands":[{"id":2181,"name":"Triton","slug":"triton"}],"_links":{"self":[{"href":"https:\/\/www.seaflowerstore.com\/de\/wp-json\/wp\/v2\/product\/124395","targetHints":{"allow":["GET"]}}],"collection":[{"href":"https:\/\/www.seaflowerstore.com\/de\/wp-json\/wp\/v2\/product"}],"about":[{"href":"https:\/\/www.seaflowerstore.com\/de\/wp-json\/wp\/v2\/types\/product"}],"wp:featuredmedia":[{"embeddable":true,"href":"https:\/\/www.seaflowerstore.com\/de\/wp-json\/wp\/v2\/media\/124392"}],"wp:attachment":[{"href":"https:\/\/www.seaflowerstore.com\/de\/wp-json\/wp\/v2\/media?parent=124395"}],"wp:term":[{"taxonomy":"pwb-brand","embeddable":true,"href":"https:\/\/www.seaflowerstore.com\/de\/wp-json\/wp\/v2\/pwb-brand?post=124395"},{"taxonomy":"product_cat","embeddable":true,"href":"https:\/\/www.seaflowerstore.com\/de\/wp-json\/wp\/v2\/product_cat?post=124395"},{"taxonomy":"product_tag","embeddable":true,"href":"https:\/\/www.seaflowerstore.com\/de\/wp-json\/wp\/v2\/product_tag?post=124395"}],"curies":[{"name":"wp","href":"https:\/\/api.w.org\/{rel}","templated":true}]}}