{"id":124445,"date":"2024-11-21T17:39:09","date_gmt":"2024-11-21T16:39:09","guid":{"rendered":"https:\/\/www.seaflowerstore.com\/?post_type=product&#038;p=124445"},"modified":"2025-12-17T20:58:24","modified_gmt":"2025-12-17T19:58:24","slug":"parwise-pro-itc-reefculture","status":"publish","type":"product","link":"https:\/\/www.seaflowerstore.com\/de\/parwise-pro-itc-reefculture\/","title":{"rendered":"PARwise PRO ITC Reefculture"},"content":{"rendered":"<h2>ITC Reefculture PARwise PRO Fortschrittliches Lichtmessger\u00e4t f\u00fcr pr\u00e4zise Lichtsteuerung<\/h2>\n<p><strong>Hinweis: <span style=\"background-color: #ffff00;\">Er unterst\u00fctzt derzeit keine iPhones oder iPads. Ein <em>Google Chrome-Browser<\/em> ist f\u00fcr den Betrieb erforderlich.<\/span><\/strong><\/p>\n<p>Der PARwise PRO ist unser Premium-Lichtmessger\u00e4t, das alle Unsicherheiten bei Ihren Lichteinstellungen beseitigt. Egal ob es um Intensit\u00e4t, Spektrum (Farbe) oder Photoperiode geht, dieses Ger\u00e4t liefert Ihnen die pr\u00e4zisen Informationen, die Sie ben\u00f6tigen. Mit unserer wegweisenden <strong>cPUR-Technologie<\/strong> k\u00f6nnen Sie Lichtintensit\u00e4t und Spektrum auf eine Weise messen, die direkt mit dem \u00fcbereinstimmt, was Korallen tats\u00e4chlich absorbieren k\u00f6nnen, wodurch Ihre Beleuchtung effektiver wird als je zuvor.<\/p>\n<p>Mit einem erweiterten Spektralbereich von <strong>350nm bis 1100nm<\/strong> ist der PARwise PRO ein bedeutendes Upgrade gegen\u00fcber dem Original. Er bietet spezifische Kalibrierungen f\u00fcr <em>Luft<\/em>, <em>S\u00fc\u00dfwasser<\/em> und <em>Salzwasser<\/em>, um in jeder Umgebung genaue Messungen zu gew\u00e4hrleisten. Dieses Ger\u00e4t bef\u00e4higt Sie, Ihre Beleuchtung zu optimieren und sich selbstbewusst in der Aquaristik-Community detailliert auszutauschen, unabh\u00e4ngig davon, ob Ihr Fokus auf aquatischen oder terrestrischen Organismen liegt.<\/p>\n<h3>Warum PAR Allein Nicht Ausreicht<\/h3>\n<p><strong>PAR sagt uns nichts!<\/strong> Sie k\u00f6nnen einen hohen PAR-Wert haben, aber wenn das Spektrum falsch ist, k\u00f6nnen Ihre Korallen es nicht effektiv nutzen. W\u00e4hrend der urspr\u00fcngliche PARwise in der Lage war, das Spektrum zu messen, stellte sich eine wichtige Frage: Welches Spektrum sollte man anstreben?<\/p>\n<h3>cPUR: Der Goldstandard der Lichtmessung<\/h3>\n<p><strong>cPUR erkl\u00e4rt alles!<\/strong> Es vereinfacht die Lichtanalyse, indem Spektrum und Intensit\u00e4t in einer einfach zu verwendenden Kennzahl kombiniert werden. Wenn Sie Ihre Lichtquelle messen, zeigt der cPUR-Wert, wie gut sie mit der tats\u00e4chlichen Absorption von Chlorophyll in <em>Zooxanthellen<\/em> \u00fcbereinstimmt\u2014den lichtabsorbierenden Kraftwerken in Korallen. Au\u00dferdem ber\u00fccksichtigt es das f\u00fcr Farbpigmente ben\u00f6tigte Licht und die Intensit\u00e4t (Helligkeit) des Lichts. Das Ergebnis ist der cPUR-Wert, eine revolution\u00e4re Kennzahl zur Optimierung von Korallenwachstum und -gesundheit.<\/p>\n<h3>Warum Licht f\u00fcr Perfekte Wachstumsraten Wichtig Ist<\/h3>\n<p>Um perfekte Wachstumsraten zu erreichen, ben\u00f6tigen Sie:<\/p>\n<ul>\n<li>Die richtigen Lichtwellenl\u00e4ngen<\/li>\n<li>Die richtige Lichtintensit\u00e4t<\/li>\n<li>Die richtige Belichtungsdauer<\/li>\n<\/ul>\n<p>Die Lichtqualit\u00e4t \u00e4ndert sich mit der Tiefe und Klarheit, und damit auch die Bed\u00fcrfnisse von Pflanzen und Tieren. Leider ist das menschliche Auge nicht besonders gut darin, Lichtst\u00e4rken und -farben genau wahrzunehmen. Hier gl\u00e4nzt der PARwise PRO.<\/p>\n<h3>Was der PARwise PRO Misst<\/h3>\n<p>Der PARwise PRO bietet eine beeindruckende Palette an Messungen, darunter:<\/p>\n<ul>\n<li><strong>cPUR:<\/strong> Coral-usable Photon Units<\/li>\n<li><strong>Spektrum:<\/strong> 380-1100nm<\/li>\n<li><strong>PAR:<\/strong> Photosynthetically Active Radiation<\/li>\n<li><strong>LUX:<\/strong> F\u00fcr den Menschen sichtbare Lichtintensit\u00e4t<\/li>\n<li><strong>DLI:<\/strong> Daily Light Integral<\/li>\n<li><strong>cPUR Light Integral<\/strong><\/li>\n<li><strong>KELVIN:<\/strong> Farbtemperatur<\/li>\n<li><strong>YPF:<\/strong> Yield Photon Flux<\/li>\n<li><strong>CQS:<\/strong> Color Quality Scale<\/li>\n<li><strong>CRI:<\/strong> Farbwiedergabeindex<\/li>\n<li><strong>REINHEIT:<\/strong> Lichtreinheit<\/li>\n<li><strong>Dominante Wellenl\u00e4nge<\/strong><\/li>\n<li><strong>CIE X\/Y:<\/strong> Farbkoordinaten<\/li>\n<\/ul>\n<p>Mit seinem intuitiven Design vereinfacht der PARwise PRO die Lichtanalyse, sodass Sie Ihre Einstellungen bis zur Perfektion abstimmen k\u00f6nnen.<\/p>\n<h3>Ger\u00e4tekompatibilit\u00e4t und Zusatzfunktionen<\/h3>\n<p>Der PARwise PRO ist nahtlos kompatibel mit:<\/p>\n<ul>\n<li>Android-Ger\u00e4ten (mit USB OTG)<\/li>\n<li>PC und MAC<\/li>\n<\/ul>\n<p><strong>Telefon nicht enthalten.<\/strong> F\u00fcr weitere Informationen besuchen Sie bitte <a href=\"http:\/\/www.par-wise.com\" rel=\"nofollow noopener\" target=\"_blank\">www.par-wise.com<\/a>.<\/p>\n<h3>Technische Daten<\/h3>\n<table>\n<tbody>\n<tr>\n<td><strong>PAR-Bereich:<\/strong><\/td>\n<td>0-6000 \u00b5Mol\/m\u00b2\/s<\/td>\n<\/tr>\n<tr>\n<td><strong>KELVIN:<\/strong><\/td>\n<td>1000-10.000 Kelvin<\/td>\n<\/tr>\n<tr>\n<td><strong>LUX:<\/strong><\/td>\n<td>2-300000<\/td>\n<\/tr>\n<tr>\n<td><strong>Spektrum:<\/strong><\/td>\n<td>350-1100nm<\/td>\n<\/tr>\n<tr>\n<td><strong>Optischer Messtyp:<\/strong><\/td>\n<td>Punktlichtquelle<\/td>\n<\/tr>\n<tr>\n<td><strong>Akzeptierte Lichtquellen:<\/strong><\/td>\n<td>Nat\u00fcrlich, LED, Fluoreszenz, Gl\u00fchlampe, Gasdampf, HID<\/td>\n<\/tr>\n<tr>\n<td><strong>Messwiederholbarkeit:<\/strong><\/td>\n<td>&lt; 0,5%<\/td>\n<\/tr>\n<tr>\n<td><strong>Kalibrierungsunsicherheit:<\/strong><\/td>\n<td>\u00b15%<\/td>\n<\/tr>\n<tr>\n<td><strong>Austauschbarer Richtungs-Kosinus-Korrektor:<\/strong><\/td>\n<td>Ja<\/td>\n<\/tr>\n<tr>\n<td><strong>Temperaturreaktion:<\/strong><\/td>\n<td>Automatisch kompensierend<\/td>\n<\/tr>\n<tr>\n<td><strong>Schutzart:<\/strong><\/td>\n<td>IP68<\/td>\n<\/tr>\n<tr>\n<td><strong>Abmessungen:<\/strong><\/td>\n<td>85x40x20mm<\/td>\n<\/tr>\n<tr>\n<td><strong>Ger\u00e4tegewicht:<\/strong><\/td>\n<td>130g<\/td>\n<\/tr>\n<tr>\n<td><strong>Verpackungsabmessungen:<\/strong><\/td>\n<td>24,5&#215;15,5&#215;5,5 cm<\/td>\n<\/tr>\n<tr>\n<td><strong>Verpackungsgewicht:<\/strong><\/td>\n<td>215g<\/td>\n<\/tr>\n<tr>\n<td><strong>Werksseitig nachkalibrierbar:<\/strong><\/td>\n<td>Ja<\/td>\n<\/tr>\n<\/tbody>\n<\/table>\n<p>Erhalten Sie unvergleichliche Einblicke in Ihre Beleuchtungseinstellungen mit dem PARwise PRO, dem ultimativen Lichtmessger\u00e4t f\u00fcr Pr\u00e4zision und Wachstum.<\/p>\n","protected":false},"excerpt":{"rendered":"<p>Erhalten Sie unvergleichliche Einblicke in Ihre Beleuchtungseinstellungen mit dem PARwise PRO, dem ultimativen Lichtmessger\u00e4t f\u00fcr Pr\u00e4zision und Wachstum<\/p>\n","protected":false},"featured_media":124443,"template":"","meta":[],"pwb-brand":[2305],"product_cat":[1400,1387,1385],"product_tag":[],"class_list":{"0":"post-124445","1":"product","2":"type-product","3":"status-publish","4":"has-post-thumbnail","6":"pwb-brand-itc-reefculture","7":"product_cat-tester","8":"product_cat-messsysteme","9":"product_cat-neue-produkte","11":"first","12":"instock","13":"taxable","14":"shipping-taxable","15":"purchasable","16":"product-type-simple"},"acf":[],"brands":[{"id":2305,"name":"ITC Reefculture","slug":"itc-reefculture"}],"_links":{"self":[{"href":"https:\/\/www.seaflowerstore.com\/de\/wp-json\/wp\/v2\/product\/124445","targetHints":{"allow":["GET"]}}],"collection":[{"href":"https:\/\/www.seaflowerstore.com\/de\/wp-json\/wp\/v2\/product"}],"about":[{"href":"https:\/\/www.seaflowerstore.com\/de\/wp-json\/wp\/v2\/types\/product"}],"wp:featuredmedia":[{"embeddable":true,"href":"https:\/\/www.seaflowerstore.com\/de\/wp-json\/wp\/v2\/media\/124443"}],"wp:attachment":[{"href":"https:\/\/www.seaflowerstore.com\/de\/wp-json\/wp\/v2\/media?parent=124445"}],"wp:term":[{"taxonomy":"pwb-brand","embeddable":true,"href":"https:\/\/www.seaflowerstore.com\/de\/wp-json\/wp\/v2\/pwb-brand?post=124445"},{"taxonomy":"product_cat","embeddable":true,"href":"https:\/\/www.seaflowerstore.com\/de\/wp-json\/wp\/v2\/product_cat?post=124445"},{"taxonomy":"product_tag","embeddable":true,"href":"https:\/\/www.seaflowerstore.com\/de\/wp-json\/wp\/v2\/product_tag?post=124445"}],"curies":[{"name":"wp","href":"https:\/\/api.w.org\/{rel}","templated":true}]}}